{"id":14398,"date":"2022-02-18T09:28:47","date_gmt":"2022-02-18T07:28:47","guid":{"rendered":"https:\/\/www.siqni.fi\/cx\/?page_id=14398"},"modified":"2025-04-30T14:21:31","modified_gmt":"2025-04-30T11:21:31","slug":"etusivu-2022","status":"publish","type":"page","link":"https:\/\/www.siqni.fi\/cx\/","title":{"rendered":"Etusivu"},"content":{"rendered":"","protected":false},"excerpt":{"rendered":"","protected":false},"author":1,"featured_media":0,"parent":0,"menu_order":0,"comment_status":"closed","ping_status":"closed","template":"page-templates\/template-flexible-blocks.php","meta":{"_acf_changed":false,"content-type":"","footnotes":""},"class_list":["post-14398","page","type-page","status-publish","hentry"],"acf":[],"yoast_head":"<!-- This site is optimized with the Yoast SEO plugin v27.5 - https:\/\/yoast.com\/product\/yoast-seo-wordpress\/ -->\n<title>Asiakasymm\u00e4rrys | Ymm\u00e4rr\u00e4 merkityksellinen - Siqni<\/title>\n<meta name=\"description\" content=\"Siqni on t\u00e4m\u00e4n vuosituhannen asiakasymm\u00e4rryskysely. Siqnin avulla ymm\u00e4rr\u00e4t asiakkaista sen, mill\u00e4 on eniten merkityst\u00e4 yhteisty\u00f6llenne.\" \/>\n<meta name=\"robots\" content=\"index, follow, max-snippet:-1, max-image-preview:large, max-video-preview:-1\" \/>\n<link rel=\"canonical\" href=\"https:\/\/www.siqni.fi\/cx\/\" \/>\n<meta property=\"og:locale\" content=\"fi_FI\" \/>\n<meta property=\"og:type\" content=\"article\" \/>\n<meta property=\"og:title\" content=\"Asiakasymm\u00e4rrys | Ymm\u00e4rr\u00e4 merkityksellinen - Siqni\" \/>\n<meta property=\"og:description\" content=\"Siqni on t\u00e4m\u00e4n vuosituhannen asiakasymm\u00e4rryskysely. Siqnin avulla ymm\u00e4rr\u00e4t asiakkaista sen, mill\u00e4 on eniten merkityst\u00e4 yhteisty\u00f6llenne.\" \/>\n<meta property=\"og:url\" content=\"https:\/\/www.siqni.fi\/cx\/\" \/>\n<meta property=\"og:site_name\" content=\"Siqni CX\" \/>\n<meta property=\"article:modified_time\" content=\"2025-04-30T11:21:31+00:00\" \/>\n<meta name=\"twitter:card\" content=\"summary_large_image\" \/>\n<script type=\"application\/ld+json\" class=\"yoast-schema-graph\">{\"@context\":\"https:\\\/\\\/schema.org\",\"@graph\":[{\"@type\":\"WebPage\",\"@id\":\"https:\\\/\\\/www.siqni.fi\\\/cx\\\/\",\"url\":\"https:\\\/\\\/www.siqni.fi\\\/cx\\\/\",\"name\":\"Asiakasymm\u00e4rrys | Ymm\u00e4rr\u00e4 merkityksellinen - Siqni\",\"isPartOf\":{\"@id\":\"https:\\\/\\\/www.siqni.fi\\\/cx\\\/#website\"},\"datePublished\":\"2022-02-18T07:28:47+00:00\",\"dateModified\":\"2025-04-30T11:21:31+00:00\",\"description\":\"Siqni on t\u00e4m\u00e4n vuosituhannen asiakasymm\u00e4rryskysely. Siqnin avulla ymm\u00e4rr\u00e4t asiakkaista sen, mill\u00e4 on eniten merkityst\u00e4 yhteisty\u00f6llenne.\",\"breadcrumb\":{\"@id\":\"https:\\\/\\\/www.siqni.fi\\\/cx\\\/#breadcrumb\"},\"inLanguage\":\"fi\",\"potentialAction\":[{\"@type\":\"ReadAction\",\"target\":[\"https:\\\/\\\/www.siqni.fi\\\/cx\\\/\"]}]},{\"@type\":\"BreadcrumbList\",\"@id\":\"https:\\\/\\\/www.siqni.fi\\\/cx\\\/#breadcrumb\",\"itemListElement\":[{\"@type\":\"ListItem\",\"position\":1,\"name\":\"Home\",\"item\":\"https:\\\/\\\/www.siqni.fi\\\/cx\\\/\"},{\"@type\":\"ListItem\",\"position\":2,\"name\":\"Etusivu\"}]},{\"@type\":\"WebSite\",\"@id\":\"https:\\\/\\\/www.siqni.fi\\\/cx\\\/#website\",\"url\":\"https:\\\/\\\/www.siqni.fi\\\/cx\\\/\",\"name\":\"Siqni CX\",\"description\":\"T\u00e4m\u00e4n vuosituhannen henkil\u00f6st\u00f6kysely\",\"potentialAction\":[{\"@type\":\"SearchAction\",\"target\":{\"@type\":\"EntryPoint\",\"urlTemplate\":\"https:\\\/\\\/www.siqni.fi\\\/cx\\\/?s={search_term_string}\"},\"query-input\":{\"@type\":\"PropertyValueSpecification\",\"valueRequired\":true,\"valueName\":\"search_term_string\"}}],\"inLanguage\":\"fi\"}]}<\/script>\n<!-- \/ Yoast SEO plugin. -->","yoast_head_json":{"title":"Asiakasymm\u00e4rrys | Ymm\u00e4rr\u00e4 merkityksellinen - Siqni","description":"Siqni on t\u00e4m\u00e4n vuosituhannen asiakasymm\u00e4rryskysely. Siqnin avulla ymm\u00e4rr\u00e4t asiakkaista sen, mill\u00e4 on eniten merkityst\u00e4 yhteisty\u00f6llenne.","robots":{"index":"index","follow":"follow","max-snippet":"max-snippet:-1","max-image-preview":"max-image-preview:large","max-video-preview":"max-video-preview:-1"},"canonical":"https:\/\/www.siqni.fi\/cx\/","og_locale":"fi_FI","og_type":"article","og_title":"Asiakasymm\u00e4rrys | Ymm\u00e4rr\u00e4 merkityksellinen - Siqni","og_description":"Siqni on t\u00e4m\u00e4n vuosituhannen asiakasymm\u00e4rryskysely. Siqnin avulla ymm\u00e4rr\u00e4t asiakkaista sen, mill\u00e4 on eniten merkityst\u00e4 yhteisty\u00f6llenne.","og_url":"https:\/\/www.siqni.fi\/cx\/","og_site_name":"Siqni CX","article_modified_time":"2025-04-30T11:21:31+00:00","twitter_card":"summary_large_image","schema":{"@context":"https:\/\/schema.org","@graph":[{"@type":"WebPage","@id":"https:\/\/www.siqni.fi\/cx\/","url":"https:\/\/www.siqni.fi\/cx\/","name":"Asiakasymm\u00e4rrys | Ymm\u00e4rr\u00e4 merkityksellinen - Siqni","isPartOf":{"@id":"https:\/\/www.siqni.fi\/cx\/#website"},"datePublished":"2022-02-18T07:28:47+00:00","dateModified":"2025-04-30T11:21:31+00:00","description":"Siqni on t\u00e4m\u00e4n vuosituhannen asiakasymm\u00e4rryskysely. Siqnin avulla ymm\u00e4rr\u00e4t asiakkaista sen, mill\u00e4 on eniten merkityst\u00e4 yhteisty\u00f6llenne.","breadcrumb":{"@id":"https:\/\/www.siqni.fi\/cx\/#breadcrumb"},"inLanguage":"fi","potentialAction":[{"@type":"ReadAction","target":["https:\/\/www.siqni.fi\/cx\/"]}]},{"@type":"BreadcrumbList","@id":"https:\/\/www.siqni.fi\/cx\/#breadcrumb","itemListElement":[{"@type":"ListItem","position":1,"name":"Home","item":"https:\/\/www.siqni.fi\/cx\/"},{"@type":"ListItem","position":2,"name":"Etusivu"}]},{"@type":"WebSite","@id":"https:\/\/www.siqni.fi\/cx\/#website","url":"https:\/\/www.siqni.fi\/cx\/","name":"Siqni CX","description":"T\u00e4m\u00e4n vuosituhannen henkil\u00f6st\u00f6kysely","potentialAction":[{"@type":"SearchAction","target":{"@type":"EntryPoint","urlTemplate":"https:\/\/www.siqni.fi\/cx\/?s={search_term_string}"},"query-input":{"@type":"PropertyValueSpecification","valueRequired":true,"valueName":"search_term_string"}}],"inLanguage":"fi"}]}},"lang":"fi","translations":{"fi":14398,"en":15038},"pll_sync_post":{},"_links":{"self":[{"href":"https:\/\/www.siqni.fi\/cx\/wp-json\/wp\/v2\/pages\/14398","targetHints":{"allow":["GET"]}}],"collection":[{"href":"https:\/\/www.siqni.fi\/cx\/wp-json\/wp\/v2\/pages"}],"about":[{"href":"https:\/\/www.siqni.fi\/cx\/wp-json\/wp\/v2\/types\/page"}],"author":[{"embeddable":true,"href":"https:\/\/www.siqni.fi\/cx\/wp-json\/wp\/v2\/users\/1"}],"replies":[{"embeddable":true,"href":"https:\/\/www.siqni.fi\/cx\/wp-json\/wp\/v2\/comments?post=14398"}],"version-history":[{"count":238,"href":"https:\/\/www.siqni.fi\/cx\/wp-json\/wp\/v2\/pages\/14398\/revisions"}],"predecessor-version":[{"id":16995,"href":"https:\/\/www.siqni.fi\/cx\/wp-json\/wp\/v2\/pages\/14398\/revisions\/16995"}],"wp:attachment":[{"href":"https:\/\/www.siqni.fi\/cx\/wp-json\/wp\/v2\/media?parent=14398"}],"curies":[{"name":"wp","href":"https:\/\/api.w.org\/{rel}","templated":true}]}}