{"id":1226,"date":"2017-11-26T14:21:39","date_gmt":"2017-11-26T12:21:39","guid":{"rendered":"https:\/\/www.siqni.fi\/ex\/?page_id=1226"},"modified":"2023-05-11T12:12:28","modified_gmt":"2023-05-11T09:12:28","slug":"pieni-opas-tyontekijaymmarryksesta","status":"publish","type":"page","link":"https:\/\/www.siqni.fi\/ex\/pieni-opas-tyontekijaymmarryksesta\/","title":{"rendered":"Pieni opas ty\u00f6ntekij\u00e4ymm\u00e4rryksest\u00e4"},"content":{"rendered":"","protected":false},"excerpt":{"rendered":"<p>Lataa ilmainen opas ja tutustu viiteen keskeiseen asiaan, jotka jokaisen johtajan ja esihenkil\u00f6n tulisi tiet\u00e4\u00e4 ty\u00f6ntekij\u00e4ymm\u00e4rryksest\u00e4<\/p>\n","protected":false},"author":2,"featured_media":0,"parent":0,"menu_order":0,"comment_status":"closed","ping_status":"closed","template":"page-templates\/template-landing-page.php","meta":{"_acf_changed":false,"content-type":"","footnotes":""},"class_list":["post-1226","page","type-page","status-publish","hentry"],"acf":[],"yoast_head":"<!-- This site is optimized with the Yoast SEO plugin v27.4 - https:\/\/yoast.com\/product\/yoast-seo-wordpress\/ -->\n<title>Pieni opas ty\u00f6ntekij\u00e4ymm\u00e4rryksest\u00e4 - Lataa opas - Siqni EX<\/title>\n<meta name=\"description\" content=\"T\u00e4m\u00e4n oppaan tarkoituksena on avata yksil\u00f6keskeisen johtamistavan uutta keskeist\u00e4 k\u00e4sitett\u00e4, ty\u00f6ntekij\u00e4ymm\u00e4rryst\u00e4. Lataa ilmainen opas!\" \/>\n<meta name=\"robots\" content=\"index, follow, max-snippet:-1, max-image-preview:large, max-video-preview:-1\" \/>\n<link rel=\"canonical\" href=\"https:\/\/www.siqni.fi\/ex\/pieni-opas-tyontekijaymmarryksesta\/\" \/>\n<meta property=\"og:locale\" content=\"fi_FI\" \/>\n<meta property=\"og:type\" content=\"article\" \/>\n<meta property=\"og:title\" content=\"Pieni opas ty\u00f6ntekij\u00e4ymm\u00e4rryksest\u00e4 - Lataa opas - Siqni EX\" \/>\n<meta property=\"og:description\" content=\"T\u00e4m\u00e4n oppaan tarkoituksena on avata yksil\u00f6keskeisen johtamistavan uutta keskeist\u00e4 k\u00e4sitett\u00e4, ty\u00f6ntekij\u00e4ymm\u00e4rryst\u00e4. Lataa ilmainen opas!\" \/>\n<meta property=\"og:url\" content=\"https:\/\/www.siqni.fi\/ex\/pieni-opas-tyontekijaymmarryksesta\/\" \/>\n<meta property=\"og:site_name\" content=\"Siqni EX\" \/>\n<meta property=\"article:modified_time\" content=\"2023-05-11T09:12:28+00:00\" \/>\n<meta property=\"og:image\" content=\"https:\/\/www.siqni.fi\/ex\/wp-content\/uploads\/sites\/3\/2021\/09\/siqni-tyoymmarrys-ogp2021.jpg\" \/>\n\t<meta property=\"og:image:width\" content=\"1200\" \/>\n\t<meta property=\"og:image:height\" content=\"630\" \/>\n\t<meta property=\"og:image:type\" content=\"image\/jpeg\" \/>\n<meta name=\"twitter:card\" content=\"summary_large_image\" \/>\n<script type=\"application\/ld+json\" class=\"yoast-schema-graph\">{\"@context\":\"https:\\\/\\\/schema.org\",\"@graph\":[{\"@type\":\"WebPage\",\"@id\":\"https:\\\/\\\/www.siqni.fi\\\/ex\\\/pieni-opas-tyontekijaymmarryksesta\\\/\",\"url\":\"https:\\\/\\\/www.siqni.fi\\\/ex\\\/pieni-opas-tyontekijaymmarryksesta\\\/\",\"name\":\"Pieni opas ty\u00f6ntekij\u00e4ymm\u00e4rryksest\u00e4 - Lataa opas - Siqni EX\",\"isPartOf\":{\"@id\":\"https:\\\/\\\/www.siqni.fi\\\/ex\\\/#website\"},\"datePublished\":\"2017-11-26T12:21:39+00:00\",\"dateModified\":\"2023-05-11T09:12:28+00:00\",\"description\":\"T\u00e4m\u00e4n oppaan tarkoituksena on avata yksil\u00f6keskeisen johtamistavan uutta keskeist\u00e4 k\u00e4sitett\u00e4, ty\u00f6ntekij\u00e4ymm\u00e4rryst\u00e4. Lataa ilmainen opas!\",\"breadcrumb\":{\"@id\":\"https:\\\/\\\/www.siqni.fi\\\/ex\\\/pieni-opas-tyontekijaymmarryksesta\\\/#breadcrumb\"},\"inLanguage\":\"fi\",\"potentialAction\":[{\"@type\":\"ReadAction\",\"target\":[\"https:\\\/\\\/www.siqni.fi\\\/ex\\\/pieni-opas-tyontekijaymmarryksesta\\\/\"]}]},{\"@type\":\"BreadcrumbList\",\"@id\":\"https:\\\/\\\/www.siqni.fi\\\/ex\\\/pieni-opas-tyontekijaymmarryksesta\\\/#breadcrumb\",\"itemListElement\":[{\"@type\":\"ListItem\",\"position\":1,\"name\":\"Etusivu\",\"item\":\"https:\\\/\\\/www.siqni.fi\\\/ex\\\/\"},{\"@type\":\"ListItem\",\"position\":2,\"name\":\"Pieni opas ty\u00f6ntekij\u00e4ymm\u00e4rryksest\u00e4\"}]},{\"@type\":\"WebSite\",\"@id\":\"https:\\\/\\\/www.siqni.fi\\\/ex\\\/#website\",\"url\":\"https:\\\/\\\/www.siqni.fi\\\/ex\\\/\",\"name\":\"Siqni EX\",\"description\":\"T\u00e4m\u00e4n vuosituhannen henkil\u00f6st\u00f6kysely\",\"potentialAction\":[{\"@type\":\"SearchAction\",\"target\":{\"@type\":\"EntryPoint\",\"urlTemplate\":\"https:\\\/\\\/www.siqni.fi\\\/ex\\\/?s={search_term_string}\"},\"query-input\":{\"@type\":\"PropertyValueSpecification\",\"valueRequired\":true,\"valueName\":\"search_term_string\"}}],\"inLanguage\":\"fi\"}]}<\/script>\n<!-- \/ Yoast SEO plugin. -->","yoast_head_json":{"title":"Pieni opas ty\u00f6ntekij\u00e4ymm\u00e4rryksest\u00e4 - Lataa opas - Siqni EX","description":"T\u00e4m\u00e4n oppaan tarkoituksena on avata yksil\u00f6keskeisen johtamistavan uutta keskeist\u00e4 k\u00e4sitett\u00e4, ty\u00f6ntekij\u00e4ymm\u00e4rryst\u00e4. Lataa ilmainen opas!","robots":{"index":"index","follow":"follow","max-snippet":"max-snippet:-1","max-image-preview":"max-image-preview:large","max-video-preview":"max-video-preview:-1"},"canonical":"https:\/\/www.siqni.fi\/ex\/pieni-opas-tyontekijaymmarryksesta\/","og_locale":"fi_FI","og_type":"article","og_title":"Pieni opas ty\u00f6ntekij\u00e4ymm\u00e4rryksest\u00e4 - Lataa opas - Siqni EX","og_description":"T\u00e4m\u00e4n oppaan tarkoituksena on avata yksil\u00f6keskeisen johtamistavan uutta keskeist\u00e4 k\u00e4sitett\u00e4, ty\u00f6ntekij\u00e4ymm\u00e4rryst\u00e4. Lataa ilmainen opas!","og_url":"https:\/\/www.siqni.fi\/ex\/pieni-opas-tyontekijaymmarryksesta\/","og_site_name":"Siqni EX","article_modified_time":"2023-05-11T09:12:28+00:00","og_image":[{"url":"https:\/\/www.siqni.fi\/ex\/wp-content\/uploads\/sites\/3\/2021\/09\/siqni-tyoymmarrys-ogp2021.jpg","width":1200,"height":630,"type":"image\/jpeg"}],"twitter_card":"summary_large_image","schema":{"@context":"https:\/\/schema.org","@graph":[{"@type":"WebPage","@id":"https:\/\/www.siqni.fi\/ex\/pieni-opas-tyontekijaymmarryksesta\/","url":"https:\/\/www.siqni.fi\/ex\/pieni-opas-tyontekijaymmarryksesta\/","name":"Pieni opas ty\u00f6ntekij\u00e4ymm\u00e4rryksest\u00e4 - Lataa opas - Siqni EX","isPartOf":{"@id":"https:\/\/www.siqni.fi\/ex\/#website"},"datePublished":"2017-11-26T12:21:39+00:00","dateModified":"2023-05-11T09:12:28+00:00","description":"T\u00e4m\u00e4n oppaan tarkoituksena on avata yksil\u00f6keskeisen johtamistavan uutta keskeist\u00e4 k\u00e4sitett\u00e4, ty\u00f6ntekij\u00e4ymm\u00e4rryst\u00e4. Lataa ilmainen opas!","breadcrumb":{"@id":"https:\/\/www.siqni.fi\/ex\/pieni-opas-tyontekijaymmarryksesta\/#breadcrumb"},"inLanguage":"fi","potentialAction":[{"@type":"ReadAction","target":["https:\/\/www.siqni.fi\/ex\/pieni-opas-tyontekijaymmarryksesta\/"]}]},{"@type":"BreadcrumbList","@id":"https:\/\/www.siqni.fi\/ex\/pieni-opas-tyontekijaymmarryksesta\/#breadcrumb","itemListElement":[{"@type":"ListItem","position":1,"name":"Etusivu","item":"https:\/\/www.siqni.fi\/ex\/"},{"@type":"ListItem","position":2,"name":"Pieni opas ty\u00f6ntekij\u00e4ymm\u00e4rryksest\u00e4"}]},{"@type":"WebSite","@id":"https:\/\/www.siqni.fi\/ex\/#website","url":"https:\/\/www.siqni.fi\/ex\/","name":"Siqni EX","description":"T\u00e4m\u00e4n vuosituhannen henkil\u00f6st\u00f6kysely","potentialAction":[{"@type":"SearchAction","target":{"@type":"EntryPoint","urlTemplate":"https:\/\/www.siqni.fi\/ex\/?s={search_term_string}"},"query-input":{"@type":"PropertyValueSpecification","valueRequired":true,"valueName":"search_term_string"}}],"inLanguage":"fi"}]}},"lang":"fi","translations":{"fi":1226,"en":15819,"sv":15869},"pll_sync_post":[],"_links":{"self":[{"href":"https:\/\/www.siqni.fi\/ex\/wp-json\/wp\/v2\/pages\/1226","targetHints":{"allow":["GET"]}}],"collection":[{"href":"https:\/\/www.siqni.fi\/ex\/wp-json\/wp\/v2\/pages"}],"about":[{"href":"https:\/\/www.siqni.fi\/ex\/wp-json\/wp\/v2\/types\/page"}],"author":[{"embeddable":true,"href":"https:\/\/www.siqni.fi\/ex\/wp-json\/wp\/v2\/users\/2"}],"replies":[{"embeddable":true,"href":"https:\/\/www.siqni.fi\/ex\/wp-json\/wp\/v2\/comments?post=1226"}],"version-history":[{"count":36,"href":"https:\/\/www.siqni.fi\/ex\/wp-json\/wp\/v2\/pages\/1226\/revisions"}],"predecessor-version":[{"id":16573,"href":"https:\/\/www.siqni.fi\/ex\/wp-json\/wp\/v2\/pages\/1226\/revisions\/16573"}],"wp:attachment":[{"href":"https:\/\/www.siqni.fi\/ex\/wp-json\/wp\/v2\/media?parent=1226"}],"curies":[{"name":"wp","href":"https:\/\/api.w.org\/{rel}","templated":true}]}}