{"id":13024,"date":"2021-05-27T13:04:35","date_gmt":"2021-05-27T10:04:35","guid":{"rendered":"https:\/\/www.siqni.fi\/ex\/?page_id=13024"},"modified":"2021-05-27T14:26:16","modified_gmt":"2021-05-27T11:26:16","slug":"for-customers","status":"publish","type":"page","link":"https:\/\/www.siqni.fi\/ex\/en\/support\/for-customers\/","title":{"rendered":"For customers"},"content":{"rendered":"","protected":false},"excerpt":{"rendered":"<p>On these pages, we have gathered all the most important issues related to the Siqni employee survey. Here you can get support as a reporting portal user, supervisor and employee.<\/p>\n","protected":false},"author":2,"featured_media":0,"parent":13045,"menu_order":0,"comment_status":"closed","ping_status":"closed","template":"page-templates\/template-features.php","meta":{"_acf_changed":false,"content-type":"","footnotes":""},"class_list":["post-13024","page","type-page","status-publish","hentry"],"acf":[],"yoast_head":"<!-- This site is optimized with the Yoast SEO plugin v27.4 - https:\/\/yoast.com\/product\/yoast-seo-wordpress\/ -->\n<title>For customers - Siqni employee survey<\/title>\n<meta name=\"description\" content=\"On these pages, we have gathered all the most important issues related to the Siqni employee survey. Here you can get support as a reporting portal user, supervisor and employee.\" \/>\n<meta name=\"robots\" content=\"index, follow, max-snippet:-1, max-image-preview:large, max-video-preview:-1\" \/>\n<link rel=\"canonical\" href=\"https:\/\/www.siqni.fi\/ex\/en\/support\/for-customers\/\" \/>\n<meta property=\"og:locale\" content=\"fi_FI\" \/>\n<meta property=\"og:type\" content=\"article\" \/>\n<meta property=\"og:title\" content=\"For customers - Siqni employee survey\" \/>\n<meta property=\"og:description\" content=\"On these pages, we have gathered all the most important issues related to the Siqni employee survey. Here you can get support as a reporting portal user, supervisor and employee.\" \/>\n<meta property=\"og:url\" content=\"https:\/\/www.siqni.fi\/ex\/en\/support\/for-customers\/\" \/>\n<meta property=\"og:site_name\" content=\"Siqni EX\" \/>\n<meta property=\"article:modified_time\" content=\"2021-05-27T11:26:16+00:00\" \/>\n<meta name=\"twitter:card\" content=\"summary_large_image\" \/>\n<script type=\"application\/ld+json\" class=\"yoast-schema-graph\">{\"@context\":\"https:\\\/\\\/schema.org\",\"@graph\":[{\"@type\":\"WebPage\",\"@id\":\"https:\\\/\\\/www.siqni.fi\\\/ex\\\/en\\\/support\\\/for-customers\\\/\",\"url\":\"https:\\\/\\\/www.siqni.fi\\\/ex\\\/en\\\/support\\\/for-customers\\\/\",\"name\":\"For customers - Siqni employee survey\",\"isPartOf\":{\"@id\":\"https:\\\/\\\/www.siqni.fi\\\/ex\\\/#website\"},\"datePublished\":\"2021-05-27T10:04:35+00:00\",\"dateModified\":\"2021-05-27T11:26:16+00:00\",\"description\":\"On these pages, we have gathered all the most important issues related to the Siqni employee survey. Here you can get support as a reporting portal user, supervisor and employee.\",\"breadcrumb\":{\"@id\":\"https:\\\/\\\/www.siqni.fi\\\/ex\\\/en\\\/support\\\/for-customers\\\/#breadcrumb\"},\"inLanguage\":\"fi\",\"potentialAction\":[{\"@type\":\"ReadAction\",\"target\":[\"https:\\\/\\\/www.siqni.fi\\\/ex\\\/en\\\/support\\\/for-customers\\\/\"]}]},{\"@type\":\"BreadcrumbList\",\"@id\":\"https:\\\/\\\/www.siqni.fi\\\/ex\\\/en\\\/support\\\/for-customers\\\/#breadcrumb\",\"itemListElement\":[{\"@type\":\"ListItem\",\"position\":1,\"name\":\"Etusivu\",\"item\":\"https:\\\/\\\/www.siqni.fi\\\/ex\\\/\"},{\"@type\":\"ListItem\",\"position\":2,\"name\":\"Support\",\"item\":\"https:\\\/\\\/www.siqni.fi\\\/ex\\\/en\\\/support\\\/\"},{\"@type\":\"ListItem\",\"position\":3,\"name\":\"For customers\"}]},{\"@type\":\"WebSite\",\"@id\":\"https:\\\/\\\/www.siqni.fi\\\/ex\\\/#website\",\"url\":\"https:\\\/\\\/www.siqni.fi\\\/ex\\\/\",\"name\":\"Siqni EX\",\"description\":\"T\u00e4m\u00e4n vuosituhannen henkil\u00f6st\u00f6kysely\",\"potentialAction\":[{\"@type\":\"SearchAction\",\"target\":{\"@type\":\"EntryPoint\",\"urlTemplate\":\"https:\\\/\\\/www.siqni.fi\\\/ex\\\/?s={search_term_string}\"},\"query-input\":{\"@type\":\"PropertyValueSpecification\",\"valueRequired\":true,\"valueName\":\"search_term_string\"}}],\"inLanguage\":\"fi\"}]}<\/script>\n<!-- \/ Yoast SEO plugin. -->","yoast_head_json":{"title":"For customers - Siqni employee survey","description":"On these pages, we have gathered all the most important issues related to the Siqni employee survey. Here you can get support as a reporting portal user, supervisor and employee.","robots":{"index":"index","follow":"follow","max-snippet":"max-snippet:-1","max-image-preview":"max-image-preview:large","max-video-preview":"max-video-preview:-1"},"canonical":"https:\/\/www.siqni.fi\/ex\/en\/support\/for-customers\/","og_locale":"fi_FI","og_type":"article","og_title":"For customers - Siqni employee survey","og_description":"On these pages, we have gathered all the most important issues related to the Siqni employee survey. Here you can get support as a reporting portal user, supervisor and employee.","og_url":"https:\/\/www.siqni.fi\/ex\/en\/support\/for-customers\/","og_site_name":"Siqni EX","article_modified_time":"2021-05-27T11:26:16+00:00","twitter_card":"summary_large_image","schema":{"@context":"https:\/\/schema.org","@graph":[{"@type":"WebPage","@id":"https:\/\/www.siqni.fi\/ex\/en\/support\/for-customers\/","url":"https:\/\/www.siqni.fi\/ex\/en\/support\/for-customers\/","name":"For customers - Siqni employee survey","isPartOf":{"@id":"https:\/\/www.siqni.fi\/ex\/#website"},"datePublished":"2021-05-27T10:04:35+00:00","dateModified":"2021-05-27T11:26:16+00:00","description":"On these pages, we have gathered all the most important issues related to the Siqni employee survey. Here you can get support as a reporting portal user, supervisor and employee.","breadcrumb":{"@id":"https:\/\/www.siqni.fi\/ex\/en\/support\/for-customers\/#breadcrumb"},"inLanguage":"fi","potentialAction":[{"@type":"ReadAction","target":["https:\/\/www.siqni.fi\/ex\/en\/support\/for-customers\/"]}]},{"@type":"BreadcrumbList","@id":"https:\/\/www.siqni.fi\/ex\/en\/support\/for-customers\/#breadcrumb","itemListElement":[{"@type":"ListItem","position":1,"name":"Etusivu","item":"https:\/\/www.siqni.fi\/ex\/"},{"@type":"ListItem","position":2,"name":"Support","item":"https:\/\/www.siqni.fi\/ex\/en\/support\/"},{"@type":"ListItem","position":3,"name":"For customers"}]},{"@type":"WebSite","@id":"https:\/\/www.siqni.fi\/ex\/#website","url":"https:\/\/www.siqni.fi\/ex\/","name":"Siqni EX","description":"T\u00e4m\u00e4n vuosituhannen henkil\u00f6st\u00f6kysely","potentialAction":[{"@type":"SearchAction","target":{"@type":"EntryPoint","urlTemplate":"https:\/\/www.siqni.fi\/ex\/?s={search_term_string}"},"query-input":{"@type":"PropertyValueSpecification","valueRequired":true,"valueName":"search_term_string"}}],"inLanguage":"fi"}]}},"lang":"en","translations":{"en":13024,"fi":9396,"sv":13140},"pll_sync_post":[],"_links":{"self":[{"href":"https:\/\/www.siqni.fi\/ex\/wp-json\/wp\/v2\/pages\/13024","targetHints":{"allow":["GET"]}}],"collection":[{"href":"https:\/\/www.siqni.fi\/ex\/wp-json\/wp\/v2\/pages"}],"about":[{"href":"https:\/\/www.siqni.fi\/ex\/wp-json\/wp\/v2\/types\/page"}],"author":[{"embeddable":true,"href":"https:\/\/www.siqni.fi\/ex\/wp-json\/wp\/v2\/users\/2"}],"replies":[{"embeddable":true,"href":"https:\/\/www.siqni.fi\/ex\/wp-json\/wp\/v2\/comments?post=13024"}],"version-history":[{"count":2,"href":"https:\/\/www.siqni.fi\/ex\/wp-json\/wp\/v2\/pages\/13024\/revisions"}],"predecessor-version":[{"id":13051,"href":"https:\/\/www.siqni.fi\/ex\/wp-json\/wp\/v2\/pages\/13024\/revisions\/13051"}],"up":[{"embeddable":true,"href":"https:\/\/www.siqni.fi\/ex\/wp-json\/wp\/v2\/pages\/13045"}],"wp:attachment":[{"href":"https:\/\/www.siqni.fi\/ex\/wp-json\/wp\/v2\/media?parent=13024"}],"curies":[{"name":"wp","href":"https:\/\/api.w.org\/{rel}","templated":true}]}}