{"id":13026,"date":"2021-05-26T14:58:07","date_gmt":"2021-05-26T11:58:07","guid":{"rendered":"https:\/\/www.siqni.fi\/ex\/?page_id=13026"},"modified":"2021-05-27T13:06:52","modified_gmt":"2021-05-27T10:06:52","slug":"how-does-siqni-help-me-as-a-manager","status":"publish","type":"page","link":"https:\/\/www.siqni.fi\/ex\/en\/support\/how-does-siqni-help-me-as-a-manager\/","title":{"rendered":"How does Siqni help me as a manager?"},"content":{"rendered":"","protected":false},"excerpt":{"rendered":"","protected":false},"author":2,"featured_media":0,"parent":13045,"menu_order":0,"comment_status":"closed","ping_status":"closed","template":"page-templates\/template-features.php","meta":{"_acf_changed":false,"content-type":"","footnotes":""},"class_list":["post-13026","page","type-page","status-publish","hentry"],"acf":[],"yoast_head":"<!-- This site is optimized with the Yoast SEO plugin v27.6 - https:\/\/yoast.com\/product\/yoast-seo-wordpress\/ -->\n<title>How does Siqni help me as a manager? - Siqni employee survey<\/title>\n<meta name=\"description\" content=\"Siqni henkil\u00f6st\u00f6kysely auttaa esimiehi\u00e4 k\u00e4ym\u00e4\u00e4n keskusteluja tiimin merkityksellisimmist\u00e4 asioista, syvent\u00e4en omaa ja tiimin ymm\u00e4rryst\u00e4.\" \/>\n<meta name=\"robots\" content=\"index, follow, max-snippet:-1, max-image-preview:large, max-video-preview:-1\" \/>\n<link rel=\"canonical\" href=\"https:\/\/www.siqni.fi\/ex\/en\/support\/how-does-siqni-help-me-as-a-manager\/\" \/>\n<meta property=\"og:locale\" content=\"fi_FI\" \/>\n<meta property=\"og:type\" content=\"article\" \/>\n<meta property=\"og:title\" content=\"How does Siqni help me as a manager? - Siqni employee survey\" \/>\n<meta property=\"og:description\" content=\"Siqni henkil\u00f6st\u00f6kysely auttaa esimiehi\u00e4 k\u00e4ym\u00e4\u00e4n keskusteluja tiimin merkityksellisimmist\u00e4 asioista, syvent\u00e4en omaa ja tiimin ymm\u00e4rryst\u00e4.\" \/>\n<meta property=\"og:url\" content=\"https:\/\/www.siqni.fi\/ex\/en\/support\/how-does-siqni-help-me-as-a-manager\/\" \/>\n<meta property=\"og:site_name\" content=\"Siqni EX\" \/>\n<meta property=\"article:modified_time\" content=\"2021-05-27T10:06:52+00:00\" \/>\n<meta name=\"twitter:card\" content=\"summary_large_image\" \/>\n<script type=\"application\/ld+json\" class=\"yoast-schema-graph\">{\"@context\":\"https:\\\/\\\/schema.org\",\"@graph\":[{\"@type\":\"WebPage\",\"@id\":\"https:\\\/\\\/www.siqni.fi\\\/ex\\\/en\\\/support\\\/how-does-siqni-help-me-as-a-manager\\\/\",\"url\":\"https:\\\/\\\/www.siqni.fi\\\/ex\\\/en\\\/support\\\/how-does-siqni-help-me-as-a-manager\\\/\",\"name\":\"How does Siqni help me as a manager? - Siqni employee survey\",\"isPartOf\":{\"@id\":\"https:\\\/\\\/www.siqni.fi\\\/ex\\\/#website\"},\"datePublished\":\"2021-05-26T11:58:07+00:00\",\"dateModified\":\"2021-05-27T10:06:52+00:00\",\"description\":\"Siqni henkil\u00f6st\u00f6kysely auttaa esimiehi\u00e4 k\u00e4ym\u00e4\u00e4n keskusteluja tiimin merkityksellisimmist\u00e4 asioista, syvent\u00e4en omaa ja tiimin ymm\u00e4rryst\u00e4.\",\"breadcrumb\":{\"@id\":\"https:\\\/\\\/www.siqni.fi\\\/ex\\\/en\\\/support\\\/how-does-siqni-help-me-as-a-manager\\\/#breadcrumb\"},\"inLanguage\":\"fi\",\"potentialAction\":[{\"@type\":\"ReadAction\",\"target\":[\"https:\\\/\\\/www.siqni.fi\\\/ex\\\/en\\\/support\\\/how-does-siqni-help-me-as-a-manager\\\/\"]}]},{\"@type\":\"BreadcrumbList\",\"@id\":\"https:\\\/\\\/www.siqni.fi\\\/ex\\\/en\\\/support\\\/how-does-siqni-help-me-as-a-manager\\\/#breadcrumb\",\"itemListElement\":[{\"@type\":\"ListItem\",\"position\":1,\"name\":\"Etusivu\",\"item\":\"https:\\\/\\\/www.siqni.fi\\\/ex\\\/\"},{\"@type\":\"ListItem\",\"position\":2,\"name\":\"Support\",\"item\":\"https:\\\/\\\/www.siqni.fi\\\/ex\\\/en\\\/support\\\/\"},{\"@type\":\"ListItem\",\"position\":3,\"name\":\"How does Siqni help me as a manager?\"}]},{\"@type\":\"WebSite\",\"@id\":\"https:\\\/\\\/www.siqni.fi\\\/ex\\\/#website\",\"url\":\"https:\\\/\\\/www.siqni.fi\\\/ex\\\/\",\"name\":\"Siqni EX\",\"description\":\"T\u00e4m\u00e4n vuosituhannen henkil\u00f6st\u00f6kysely\",\"potentialAction\":[{\"@type\":\"SearchAction\",\"target\":{\"@type\":\"EntryPoint\",\"urlTemplate\":\"https:\\\/\\\/www.siqni.fi\\\/ex\\\/?s={search_term_string}\"},\"query-input\":{\"@type\":\"PropertyValueSpecification\",\"valueRequired\":true,\"valueName\":\"search_term_string\"}}],\"inLanguage\":\"fi\"}]}<\/script>\n<!-- \/ Yoast SEO plugin. -->","yoast_head_json":{"title":"How does Siqni help me as a manager? - Siqni employee survey","description":"Siqni henkil\u00f6st\u00f6kysely auttaa esimiehi\u00e4 k\u00e4ym\u00e4\u00e4n keskusteluja tiimin merkityksellisimmist\u00e4 asioista, syvent\u00e4en omaa ja tiimin ymm\u00e4rryst\u00e4.","robots":{"index":"index","follow":"follow","max-snippet":"max-snippet:-1","max-image-preview":"max-image-preview:large","max-video-preview":"max-video-preview:-1"},"canonical":"https:\/\/www.siqni.fi\/ex\/en\/support\/how-does-siqni-help-me-as-a-manager\/","og_locale":"fi_FI","og_type":"article","og_title":"How does Siqni help me as a manager? - Siqni employee survey","og_description":"Siqni henkil\u00f6st\u00f6kysely auttaa esimiehi\u00e4 k\u00e4ym\u00e4\u00e4n keskusteluja tiimin merkityksellisimmist\u00e4 asioista, syvent\u00e4en omaa ja tiimin ymm\u00e4rryst\u00e4.","og_url":"https:\/\/www.siqni.fi\/ex\/en\/support\/how-does-siqni-help-me-as-a-manager\/","og_site_name":"Siqni EX","article_modified_time":"2021-05-27T10:06:52+00:00","twitter_card":"summary_large_image","schema":{"@context":"https:\/\/schema.org","@graph":[{"@type":"WebPage","@id":"https:\/\/www.siqni.fi\/ex\/en\/support\/how-does-siqni-help-me-as-a-manager\/","url":"https:\/\/www.siqni.fi\/ex\/en\/support\/how-does-siqni-help-me-as-a-manager\/","name":"How does Siqni help me as a manager? - Siqni employee survey","isPartOf":{"@id":"https:\/\/www.siqni.fi\/ex\/#website"},"datePublished":"2021-05-26T11:58:07+00:00","dateModified":"2021-05-27T10:06:52+00:00","description":"Siqni henkil\u00f6st\u00f6kysely auttaa esimiehi\u00e4 k\u00e4ym\u00e4\u00e4n keskusteluja tiimin merkityksellisimmist\u00e4 asioista, syvent\u00e4en omaa ja tiimin ymm\u00e4rryst\u00e4.","breadcrumb":{"@id":"https:\/\/www.siqni.fi\/ex\/en\/support\/how-does-siqni-help-me-as-a-manager\/#breadcrumb"},"inLanguage":"fi","potentialAction":[{"@type":"ReadAction","target":["https:\/\/www.siqni.fi\/ex\/en\/support\/how-does-siqni-help-me-as-a-manager\/"]}]},{"@type":"BreadcrumbList","@id":"https:\/\/www.siqni.fi\/ex\/en\/support\/how-does-siqni-help-me-as-a-manager\/#breadcrumb","itemListElement":[{"@type":"ListItem","position":1,"name":"Etusivu","item":"https:\/\/www.siqni.fi\/ex\/"},{"@type":"ListItem","position":2,"name":"Support","item":"https:\/\/www.siqni.fi\/ex\/en\/support\/"},{"@type":"ListItem","position":3,"name":"How does Siqni help me as a manager?"}]},{"@type":"WebSite","@id":"https:\/\/www.siqni.fi\/ex\/#website","url":"https:\/\/www.siqni.fi\/ex\/","name":"Siqni EX","description":"T\u00e4m\u00e4n vuosituhannen henkil\u00f6st\u00f6kysely","potentialAction":[{"@type":"SearchAction","target":{"@type":"EntryPoint","urlTemplate":"https:\/\/www.siqni.fi\/ex\/?s={search_term_string}"},"query-input":{"@type":"PropertyValueSpecification","valueRequired":true,"valueName":"search_term_string"}}],"inLanguage":"fi"}]}},"lang":"en","translations":{"en":13026,"fi":9399,"sv":13145},"pll_sync_post":{},"_links":{"self":[{"href":"https:\/\/www.siqni.fi\/ex\/wp-json\/wp\/v2\/pages\/13026","targetHints":{"allow":["GET"]}}],"collection":[{"href":"https:\/\/www.siqni.fi\/ex\/wp-json\/wp\/v2\/pages"}],"about":[{"href":"https:\/\/www.siqni.fi\/ex\/wp-json\/wp\/v2\/types\/page"}],"author":[{"embeddable":true,"href":"https:\/\/www.siqni.fi\/ex\/wp-json\/wp\/v2\/users\/2"}],"replies":[{"embeddable":true,"href":"https:\/\/www.siqni.fi\/ex\/wp-json\/wp\/v2\/comments?post=13026"}],"version-history":[{"count":1,"href":"https:\/\/www.siqni.fi\/ex\/wp-json\/wp\/v2\/pages\/13026\/revisions"}],"predecessor-version":[{"id":13027,"href":"https:\/\/www.siqni.fi\/ex\/wp-json\/wp\/v2\/pages\/13026\/revisions\/13027"}],"up":[{"embeddable":true,"href":"https:\/\/www.siqni.fi\/ex\/wp-json\/wp\/v2\/pages\/13045"}],"wp:attachment":[{"href":"https:\/\/www.siqni.fi\/ex\/wp-json\/wp\/v2\/media?parent=13026"}],"curies":[{"name":"wp","href":"https:\/\/api.w.org\/{rel}","templated":true}]}}