{"id":13145,"date":"2021-06-14T15:10:06","date_gmt":"2021-06-14T12:10:06","guid":{"rendered":"https:\/\/www.siqni.fi\/ex\/?page_id=13145"},"modified":"2022-01-25T12:33:35","modified_gmt":"2022-01-25T10:33:35","slug":"siqni-for-chefer","status":"publish","type":"page","link":"https:\/\/www.siqni.fi\/ex\/sv\/stod\/siqni-for-chefer\/","title":{"rendered":"Siqni f\u00f6r chefer"},"content":{"rendered":"","protected":false},"excerpt":{"rendered":"","protected":false},"author":1,"featured_media":0,"parent":13138,"menu_order":20,"comment_status":"closed","ping_status":"closed","template":"page-templates\/template-features.php","meta":{"_acf_changed":false,"content-type":"","footnotes":""},"class_list":["post-13145","page","type-page","status-publish","hentry"],"acf":[],"yoast_head":"<!-- This site is optimized with the Yoast SEO plugin v27.6 - https:\/\/yoast.com\/product\/yoast-seo-wordpress\/ -->\n<title>Siqni f\u00f6r chefer - Siqni henkil\u00f6st\u00f6kysely<\/title>\n<meta name=\"description\" content=\"Siqni henkil\u00f6st\u00f6kysely auttaa esimiehi\u00e4 k\u00e4ym\u00e4\u00e4n keskusteluja tiimin merkityksellisimmist\u00e4 asioista, syvent\u00e4en omaa ja tiimin ymm\u00e4rryst\u00e4.\" \/>\n<meta name=\"robots\" content=\"index, follow, max-snippet:-1, max-image-preview:large, max-video-preview:-1\" \/>\n<link rel=\"canonical\" href=\"https:\/\/www.siqni.fi\/ex\/sv\/stod\/siqni-for-chefer\/\" \/>\n<meta property=\"og:locale\" content=\"fi_FI\" \/>\n<meta property=\"og:type\" content=\"article\" \/>\n<meta property=\"og:title\" content=\"Siqni f\u00f6r chefer - Siqni henkil\u00f6st\u00f6kysely\" \/>\n<meta property=\"og:description\" content=\"Siqni henkil\u00f6st\u00f6kysely auttaa esimiehi\u00e4 k\u00e4ym\u00e4\u00e4n keskusteluja tiimin merkityksellisimmist\u00e4 asioista, syvent\u00e4en omaa ja tiimin ymm\u00e4rryst\u00e4.\" \/>\n<meta property=\"og:url\" content=\"https:\/\/www.siqni.fi\/ex\/sv\/stod\/siqni-for-chefer\/\" \/>\n<meta property=\"og:site_name\" content=\"Siqni EX\" \/>\n<meta property=\"article:modified_time\" content=\"2022-01-25T10:33:35+00:00\" \/>\n<meta name=\"twitter:card\" content=\"summary_large_image\" \/>\n<script type=\"application\/ld+json\" class=\"yoast-schema-graph\">{\"@context\":\"https:\\\/\\\/schema.org\",\"@graph\":[{\"@type\":\"WebPage\",\"@id\":\"https:\\\/\\\/www.siqni.fi\\\/ex\\\/sv\\\/stod\\\/siqni-for-chefer\\\/\",\"url\":\"https:\\\/\\\/www.siqni.fi\\\/ex\\\/sv\\\/stod\\\/siqni-for-chefer\\\/\",\"name\":\"Siqni f\u00f6r chefer - Siqni henkil\u00f6st\u00f6kysely\",\"isPartOf\":{\"@id\":\"https:\\\/\\\/www.siqni.fi\\\/ex\\\/#website\"},\"datePublished\":\"2021-06-14T12:10:06+00:00\",\"dateModified\":\"2022-01-25T10:33:35+00:00\",\"description\":\"Siqni henkil\u00f6st\u00f6kysely auttaa esimiehi\u00e4 k\u00e4ym\u00e4\u00e4n keskusteluja tiimin merkityksellisimmist\u00e4 asioista, syvent\u00e4en omaa ja tiimin ymm\u00e4rryst\u00e4.\",\"breadcrumb\":{\"@id\":\"https:\\\/\\\/www.siqni.fi\\\/ex\\\/sv\\\/stod\\\/siqni-for-chefer\\\/#breadcrumb\"},\"inLanguage\":\"fi\",\"potentialAction\":[{\"@type\":\"ReadAction\",\"target\":[\"https:\\\/\\\/www.siqni.fi\\\/ex\\\/sv\\\/stod\\\/siqni-for-chefer\\\/\"]}]},{\"@type\":\"BreadcrumbList\",\"@id\":\"https:\\\/\\\/www.siqni.fi\\\/ex\\\/sv\\\/stod\\\/siqni-for-chefer\\\/#breadcrumb\",\"itemListElement\":[{\"@type\":\"ListItem\",\"position\":1,\"name\":\"Etusivu\",\"item\":\"https:\\\/\\\/www.siqni.fi\\\/ex\\\/\"},{\"@type\":\"ListItem\",\"position\":2,\"name\":\"Support\",\"item\":\"https:\\\/\\\/www.siqni.fi\\\/ex\\\/sv\\\/stod\\\/\"},{\"@type\":\"ListItem\",\"position\":3,\"name\":\"Siqni f\u00f6r chefer\"}]},{\"@type\":\"WebSite\",\"@id\":\"https:\\\/\\\/www.siqni.fi\\\/ex\\\/#website\",\"url\":\"https:\\\/\\\/www.siqni.fi\\\/ex\\\/\",\"name\":\"Siqni EX\",\"description\":\"T\u00e4m\u00e4n vuosituhannen henkil\u00f6st\u00f6kysely\",\"potentialAction\":[{\"@type\":\"SearchAction\",\"target\":{\"@type\":\"EntryPoint\",\"urlTemplate\":\"https:\\\/\\\/www.siqni.fi\\\/ex\\\/?s={search_term_string}\"},\"query-input\":{\"@type\":\"PropertyValueSpecification\",\"valueRequired\":true,\"valueName\":\"search_term_string\"}}],\"inLanguage\":\"fi\"}]}<\/script>\n<!-- \/ Yoast SEO plugin. -->","yoast_head_json":{"title":"Siqni f\u00f6r chefer - Siqni henkil\u00f6st\u00f6kysely","description":"Siqni henkil\u00f6st\u00f6kysely auttaa esimiehi\u00e4 k\u00e4ym\u00e4\u00e4n keskusteluja tiimin merkityksellisimmist\u00e4 asioista, syvent\u00e4en omaa ja tiimin ymm\u00e4rryst\u00e4.","robots":{"index":"index","follow":"follow","max-snippet":"max-snippet:-1","max-image-preview":"max-image-preview:large","max-video-preview":"max-video-preview:-1"},"canonical":"https:\/\/www.siqni.fi\/ex\/sv\/stod\/siqni-for-chefer\/","og_locale":"fi_FI","og_type":"article","og_title":"Siqni f\u00f6r chefer - Siqni henkil\u00f6st\u00f6kysely","og_description":"Siqni henkil\u00f6st\u00f6kysely auttaa esimiehi\u00e4 k\u00e4ym\u00e4\u00e4n keskusteluja tiimin merkityksellisimmist\u00e4 asioista, syvent\u00e4en omaa ja tiimin ymm\u00e4rryst\u00e4.","og_url":"https:\/\/www.siqni.fi\/ex\/sv\/stod\/siqni-for-chefer\/","og_site_name":"Siqni EX","article_modified_time":"2022-01-25T10:33:35+00:00","twitter_card":"summary_large_image","schema":{"@context":"https:\/\/schema.org","@graph":[{"@type":"WebPage","@id":"https:\/\/www.siqni.fi\/ex\/sv\/stod\/siqni-for-chefer\/","url":"https:\/\/www.siqni.fi\/ex\/sv\/stod\/siqni-for-chefer\/","name":"Siqni f\u00f6r chefer - Siqni henkil\u00f6st\u00f6kysely","isPartOf":{"@id":"https:\/\/www.siqni.fi\/ex\/#website"},"datePublished":"2021-06-14T12:10:06+00:00","dateModified":"2022-01-25T10:33:35+00:00","description":"Siqni henkil\u00f6st\u00f6kysely auttaa esimiehi\u00e4 k\u00e4ym\u00e4\u00e4n keskusteluja tiimin merkityksellisimmist\u00e4 asioista, syvent\u00e4en omaa ja tiimin ymm\u00e4rryst\u00e4.","breadcrumb":{"@id":"https:\/\/www.siqni.fi\/ex\/sv\/stod\/siqni-for-chefer\/#breadcrumb"},"inLanguage":"fi","potentialAction":[{"@type":"ReadAction","target":["https:\/\/www.siqni.fi\/ex\/sv\/stod\/siqni-for-chefer\/"]}]},{"@type":"BreadcrumbList","@id":"https:\/\/www.siqni.fi\/ex\/sv\/stod\/siqni-for-chefer\/#breadcrumb","itemListElement":[{"@type":"ListItem","position":1,"name":"Etusivu","item":"https:\/\/www.siqni.fi\/ex\/"},{"@type":"ListItem","position":2,"name":"Support","item":"https:\/\/www.siqni.fi\/ex\/sv\/stod\/"},{"@type":"ListItem","position":3,"name":"Siqni f\u00f6r chefer"}]},{"@type":"WebSite","@id":"https:\/\/www.siqni.fi\/ex\/#website","url":"https:\/\/www.siqni.fi\/ex\/","name":"Siqni EX","description":"T\u00e4m\u00e4n vuosituhannen henkil\u00f6st\u00f6kysely","potentialAction":[{"@type":"SearchAction","target":{"@type":"EntryPoint","urlTemplate":"https:\/\/www.siqni.fi\/ex\/?s={search_term_string}"},"query-input":{"@type":"PropertyValueSpecification","valueRequired":true,"valueName":"search_term_string"}}],"inLanguage":"fi"}]}},"lang":"sv","translations":{"sv":13145,"en":13026,"fi":9399},"pll_sync_post":{},"_links":{"self":[{"href":"https:\/\/www.siqni.fi\/ex\/wp-json\/wp\/v2\/pages\/13145","targetHints":{"allow":["GET"]}}],"collection":[{"href":"https:\/\/www.siqni.fi\/ex\/wp-json\/wp\/v2\/pages"}],"about":[{"href":"https:\/\/www.siqni.fi\/ex\/wp-json\/wp\/v2\/types\/page"}],"author":[{"embeddable":true,"href":"https:\/\/www.siqni.fi\/ex\/wp-json\/wp\/v2\/users\/1"}],"replies":[{"embeddable":true,"href":"https:\/\/www.siqni.fi\/ex\/wp-json\/wp\/v2\/comments?post=13145"}],"version-history":[{"count":4,"href":"https:\/\/www.siqni.fi\/ex\/wp-json\/wp\/v2\/pages\/13145\/revisions"}],"predecessor-version":[{"id":14262,"href":"https:\/\/www.siqni.fi\/ex\/wp-json\/wp\/v2\/pages\/13145\/revisions\/14262"}],"up":[{"embeddable":true,"href":"https:\/\/www.siqni.fi\/ex\/wp-json\/wp\/v2\/pages\/13138"}],"wp:attachment":[{"href":"https:\/\/www.siqni.fi\/ex\/wp-json\/wp\/v2\/media?parent=13145"}],"curies":[{"name":"wp","href":"https:\/\/api.w.org\/{rel}","templated":true}]}}