{"id":14400,"date":"2022-02-18T09:30:11","date_gmt":"2022-02-18T07:30:11","guid":{"rendered":"https:\/\/www.siqni.fi\/ex\/?page_id=14400"},"modified":"2025-11-21T09:06:13","modified_gmt":"2025-11-21T07:06:13","slug":"hinnoittelu","status":"publish","type":"page","link":"https:\/\/www.siqni.fi\/ex\/hinnoittelu\/","title":{"rendered":"Hinnoittelu"},"content":{"rendered":"","protected":false},"excerpt":{"rendered":"<p>Siqnin hinnoittelu perustuu yrityksen ty\u00f6ntekij\u00e4m\u00e4\u00e4r\u00e4\u00e4n ja valittuun palvelutasoon.<\/p>\n","protected":false},"author":1,"featured_media":0,"parent":0,"menu_order":0,"comment_status":"closed","ping_status":"closed","template":"page-templates\/template-flexible-blocks.php","meta":{"_acf_changed":false,"content-type":"","footnotes":""},"class_list":["post-14400","page","type-page","status-publish","hentry"],"acf":[],"yoast_head":"<!-- This site is optimized with the Yoast SEO plugin v27.3 - https:\/\/yoast.com\/product\/yoast-seo-wordpress\/ -->\n<title>Siqni hinnoittelu | Siqni henkil\u00f6st\u00f6kysely<\/title>\n<meta name=\"description\" content=\"Siqni hinnoittelu perustuu yrityksen ty\u00f6ntekij\u00e4m\u00e4\u00e4r\u00e4\u00e4n ja raportoinnin laajuuteen. Ota meihin yhteytt\u00e4!\" \/>\n<meta name=\"robots\" content=\"index, follow, max-snippet:-1, max-image-preview:large, max-video-preview:-1\" \/>\n<link rel=\"canonical\" href=\"https:\/\/www.siqni.fi\/ex\/hinnoittelu\/\" \/>\n<meta property=\"og:locale\" content=\"fi_FI\" \/>\n<meta property=\"og:type\" content=\"article\" \/>\n<meta property=\"og:title\" content=\"Siqni hinnoittelu | Siqni henkil\u00f6st\u00f6kysely\" \/>\n<meta property=\"og:description\" content=\"Siqni hinnoittelu perustuu yrityksen ty\u00f6ntekij\u00e4m\u00e4\u00e4r\u00e4\u00e4n ja raportoinnin laajuuteen. Ota meihin yhteytt\u00e4!\" \/>\n<meta property=\"og:url\" content=\"https:\/\/www.siqni.fi\/ex\/hinnoittelu\/\" \/>\n<meta property=\"og:site_name\" content=\"Siqni EX\" \/>\n<meta property=\"article:modified_time\" content=\"2025-11-21T07:06:13+00:00\" \/>\n<meta name=\"twitter:card\" content=\"summary_large_image\" \/>\n<script type=\"application\/ld+json\" class=\"yoast-schema-graph\">{\"@context\":\"https:\\\/\\\/schema.org\",\"@graph\":[{\"@type\":\"WebPage\",\"@id\":\"https:\\\/\\\/www.siqni.fi\\\/ex\\\/hinnoittelu\\\/\",\"url\":\"https:\\\/\\\/www.siqni.fi\\\/ex\\\/hinnoittelu\\\/\",\"name\":\"Siqni hinnoittelu | Siqni henkil\u00f6st\u00f6kysely\",\"isPartOf\":{\"@id\":\"https:\\\/\\\/www.siqni.fi\\\/ex\\\/#website\"},\"datePublished\":\"2022-02-18T07:30:11+00:00\",\"dateModified\":\"2025-11-21T07:06:13+00:00\",\"description\":\"Siqni hinnoittelu perustuu yrityksen ty\u00f6ntekij\u00e4m\u00e4\u00e4r\u00e4\u00e4n ja raportoinnin laajuuteen. Ota meihin yhteytt\u00e4!\",\"breadcrumb\":{\"@id\":\"https:\\\/\\\/www.siqni.fi\\\/ex\\\/hinnoittelu\\\/#breadcrumb\"},\"inLanguage\":\"fi\",\"potentialAction\":[{\"@type\":\"ReadAction\",\"target\":[\"https:\\\/\\\/www.siqni.fi\\\/ex\\\/hinnoittelu\\\/\"]}]},{\"@type\":\"BreadcrumbList\",\"@id\":\"https:\\\/\\\/www.siqni.fi\\\/ex\\\/hinnoittelu\\\/#breadcrumb\",\"itemListElement\":[{\"@type\":\"ListItem\",\"position\":1,\"name\":\"Etusivu\",\"item\":\"https:\\\/\\\/www.siqni.fi\\\/ex\\\/\"},{\"@type\":\"ListItem\",\"position\":2,\"name\":\"Hinnoittelu\"}]},{\"@type\":\"WebSite\",\"@id\":\"https:\\\/\\\/www.siqni.fi\\\/ex\\\/#website\",\"url\":\"https:\\\/\\\/www.siqni.fi\\\/ex\\\/\",\"name\":\"Siqni EX\",\"description\":\"T\u00e4m\u00e4n vuosituhannen henkil\u00f6st\u00f6kysely\",\"potentialAction\":[{\"@type\":\"SearchAction\",\"target\":{\"@type\":\"EntryPoint\",\"urlTemplate\":\"https:\\\/\\\/www.siqni.fi\\\/ex\\\/?s={search_term_string}\"},\"query-input\":{\"@type\":\"PropertyValueSpecification\",\"valueRequired\":true,\"valueName\":\"search_term_string\"}}],\"inLanguage\":\"fi\"}]}<\/script>\n<!-- \/ Yoast SEO plugin. -->","yoast_head_json":{"title":"Siqni hinnoittelu | Siqni henkil\u00f6st\u00f6kysely","description":"Siqni hinnoittelu perustuu yrityksen ty\u00f6ntekij\u00e4m\u00e4\u00e4r\u00e4\u00e4n ja raportoinnin laajuuteen. Ota meihin yhteytt\u00e4!","robots":{"index":"index","follow":"follow","max-snippet":"max-snippet:-1","max-image-preview":"max-image-preview:large","max-video-preview":"max-video-preview:-1"},"canonical":"https:\/\/www.siqni.fi\/ex\/hinnoittelu\/","og_locale":"fi_FI","og_type":"article","og_title":"Siqni hinnoittelu | Siqni henkil\u00f6st\u00f6kysely","og_description":"Siqni hinnoittelu perustuu yrityksen ty\u00f6ntekij\u00e4m\u00e4\u00e4r\u00e4\u00e4n ja raportoinnin laajuuteen. Ota meihin yhteytt\u00e4!","og_url":"https:\/\/www.siqni.fi\/ex\/hinnoittelu\/","og_site_name":"Siqni EX","article_modified_time":"2025-11-21T07:06:13+00:00","twitter_card":"summary_large_image","schema":{"@context":"https:\/\/schema.org","@graph":[{"@type":"WebPage","@id":"https:\/\/www.siqni.fi\/ex\/hinnoittelu\/","url":"https:\/\/www.siqni.fi\/ex\/hinnoittelu\/","name":"Siqni hinnoittelu | Siqni henkil\u00f6st\u00f6kysely","isPartOf":{"@id":"https:\/\/www.siqni.fi\/ex\/#website"},"datePublished":"2022-02-18T07:30:11+00:00","dateModified":"2025-11-21T07:06:13+00:00","description":"Siqni hinnoittelu perustuu yrityksen ty\u00f6ntekij\u00e4m\u00e4\u00e4r\u00e4\u00e4n ja raportoinnin laajuuteen. Ota meihin yhteytt\u00e4!","breadcrumb":{"@id":"https:\/\/www.siqni.fi\/ex\/hinnoittelu\/#breadcrumb"},"inLanguage":"fi","potentialAction":[{"@type":"ReadAction","target":["https:\/\/www.siqni.fi\/ex\/hinnoittelu\/"]}]},{"@type":"BreadcrumbList","@id":"https:\/\/www.siqni.fi\/ex\/hinnoittelu\/#breadcrumb","itemListElement":[{"@type":"ListItem","position":1,"name":"Etusivu","item":"https:\/\/www.siqni.fi\/ex\/"},{"@type":"ListItem","position":2,"name":"Hinnoittelu"}]},{"@type":"WebSite","@id":"https:\/\/www.siqni.fi\/ex\/#website","url":"https:\/\/www.siqni.fi\/ex\/","name":"Siqni EX","description":"T\u00e4m\u00e4n vuosituhannen henkil\u00f6st\u00f6kysely","potentialAction":[{"@type":"SearchAction","target":{"@type":"EntryPoint","urlTemplate":"https:\/\/www.siqni.fi\/ex\/?s={search_term_string}"},"query-input":{"@type":"PropertyValueSpecification","valueRequired":true,"valueName":"search_term_string"}}],"inLanguage":"fi"}]}},"lang":"fi","translations":{"fi":14400,"sv":14432,"en":14441},"pll_sync_post":[],"_links":{"self":[{"href":"https:\/\/www.siqni.fi\/ex\/wp-json\/wp\/v2\/pages\/14400","targetHints":{"allow":["GET"]}}],"collection":[{"href":"https:\/\/www.siqni.fi\/ex\/wp-json\/wp\/v2\/pages"}],"about":[{"href":"https:\/\/www.siqni.fi\/ex\/wp-json\/wp\/v2\/types\/page"}],"author":[{"embeddable":true,"href":"https:\/\/www.siqni.fi\/ex\/wp-json\/wp\/v2\/users\/1"}],"replies":[{"embeddable":true,"href":"https:\/\/www.siqni.fi\/ex\/wp-json\/wp\/v2\/comments?post=14400"}],"version-history":[{"count":81,"href":"https:\/\/www.siqni.fi\/ex\/wp-json\/wp\/v2\/pages\/14400\/revisions"}],"predecessor-version":[{"id":17241,"href":"https:\/\/www.siqni.fi\/ex\/wp-json\/wp\/v2\/pages\/14400\/revisions\/17241"}],"wp:attachment":[{"href":"https:\/\/www.siqni.fi\/ex\/wp-json\/wp\/v2\/media?parent=14400"}],"curies":[{"name":"wp","href":"https:\/\/api.w.org\/{rel}","templated":true}]}}