{"id":14402,"date":"2022-02-18T09:31:10","date_gmt":"2022-02-18T07:31:10","guid":{"rendered":"https:\/\/www.siqni.fi\/ex\/?page_id=14402"},"modified":"2026-03-13T09:56:26","modified_gmt":"2026-03-13T07:56:26","slug":"kokemuksia-siqnista","status":"publish","type":"page","link":"https:\/\/www.siqni.fi\/ex\/kokemuksia-siqnista\/","title":{"rendered":"Kokemuksia Siqnist\u00e4"},"content":{"rendered":"","protected":false},"excerpt":{"rendered":"","protected":false},"author":1,"featured_media":0,"parent":0,"menu_order":0,"comment_status":"closed","ping_status":"closed","template":"page-templates\/template-flexible-blocks.php","meta":{"_acf_changed":false,"content-type":"","footnotes":""},"class_list":["post-14402","page","type-page","status-publish","hentry"],"acf":[],"yoast_head":"<!-- This site is optimized with the Yoast SEO plugin v27.4 - https:\/\/yoast.com\/product\/yoast-seo-wordpress\/ -->\n<title>Kokemuksia Siqnist\u00e4 | Asiakkaamme kertovat | Siqni henkil\u00f6st\u00f6kysely<\/title>\n<meta name=\"description\" content=\"Asiakkaamme kertovat, miten Siqnin henkil\u00f6st\u00f6kysely on auttanut heit\u00e4 kohdentamaan kehityspanostukset sinne, miss\u00e4 niill\u00e4 on suurin vaikuttavuus. Lue kokemuksia Siqnist\u00e4!\" \/>\n<meta name=\"robots\" content=\"index, follow, max-snippet:-1, max-image-preview:large, max-video-preview:-1\" \/>\n<link rel=\"canonical\" href=\"https:\/\/www.siqni.fi\/ex\/kokemuksia-siqnista\/\" \/>\n<meta property=\"og:locale\" content=\"fi_FI\" \/>\n<meta property=\"og:type\" content=\"article\" \/>\n<meta property=\"og:title\" content=\"Kokemuksia Siqnist\u00e4 | Asiakkaamme kertovat | Siqni henkil\u00f6st\u00f6kysely\" \/>\n<meta property=\"og:description\" content=\"Asiakkaamme kertovat, miten Siqnin henkil\u00f6st\u00f6kysely on auttanut heit\u00e4 kohdentamaan kehityspanostukset sinne, miss\u00e4 niill\u00e4 on suurin vaikuttavuus. Lue kokemuksia Siqnist\u00e4!\" \/>\n<meta property=\"og:url\" content=\"https:\/\/www.siqni.fi\/ex\/kokemuksia-siqnista\/\" \/>\n<meta property=\"og:site_name\" content=\"Siqni EX\" \/>\n<meta property=\"article:modified_time\" content=\"2026-03-13T07:56:26+00:00\" \/>\n<meta property=\"og:image\" content=\"https:\/\/www.siqni.fi\/ex\/wp-content\/uploads\/sites\/3\/2022\/11\/siqni-poimi-hedelma-1200x675.jpg\" \/>\n\t<meta property=\"og:image:width\" content=\"1200\" \/>\n\t<meta property=\"og:image:height\" content=\"675\" \/>\n\t<meta property=\"og:image:type\" content=\"image\/jpeg\" \/>\n<meta name=\"twitter:card\" content=\"summary_large_image\" \/>\n<script type=\"application\/ld+json\" class=\"yoast-schema-graph\">{\"@context\":\"https:\\\/\\\/schema.org\",\"@graph\":[{\"@type\":\"WebPage\",\"@id\":\"https:\\\/\\\/www.siqni.fi\\\/ex\\\/kokemuksia-siqnista\\\/\",\"url\":\"https:\\\/\\\/www.siqni.fi\\\/ex\\\/kokemuksia-siqnista\\\/\",\"name\":\"Kokemuksia Siqnist\u00e4 | Asiakkaamme kertovat | Siqni henkil\u00f6st\u00f6kysely\",\"isPartOf\":{\"@id\":\"https:\\\/\\\/www.siqni.fi\\\/ex\\\/#website\"},\"datePublished\":\"2022-02-18T07:31:10+00:00\",\"dateModified\":\"2026-03-13T07:56:26+00:00\",\"description\":\"Asiakkaamme kertovat, miten Siqnin henkil\u00f6st\u00f6kysely on auttanut heit\u00e4 kohdentamaan kehityspanostukset sinne, miss\u00e4 niill\u00e4 on suurin vaikuttavuus. Lue kokemuksia Siqnist\u00e4!\",\"breadcrumb\":{\"@id\":\"https:\\\/\\\/www.siqni.fi\\\/ex\\\/kokemuksia-siqnista\\\/#breadcrumb\"},\"inLanguage\":\"fi\",\"potentialAction\":[{\"@type\":\"ReadAction\",\"target\":[\"https:\\\/\\\/www.siqni.fi\\\/ex\\\/kokemuksia-siqnista\\\/\"]}]},{\"@type\":\"BreadcrumbList\",\"@id\":\"https:\\\/\\\/www.siqni.fi\\\/ex\\\/kokemuksia-siqnista\\\/#breadcrumb\",\"itemListElement\":[{\"@type\":\"ListItem\",\"position\":1,\"name\":\"Etusivu\",\"item\":\"https:\\\/\\\/www.siqni.fi\\\/ex\\\/\"},{\"@type\":\"ListItem\",\"position\":2,\"name\":\"Kokemuksia Siqnist\u00e4\"}]},{\"@type\":\"WebSite\",\"@id\":\"https:\\\/\\\/www.siqni.fi\\\/ex\\\/#website\",\"url\":\"https:\\\/\\\/www.siqni.fi\\\/ex\\\/\",\"name\":\"Siqni EX\",\"description\":\"T\u00e4m\u00e4n vuosituhannen henkil\u00f6st\u00f6kysely\",\"potentialAction\":[{\"@type\":\"SearchAction\",\"target\":{\"@type\":\"EntryPoint\",\"urlTemplate\":\"https:\\\/\\\/www.siqni.fi\\\/ex\\\/?s={search_term_string}\"},\"query-input\":{\"@type\":\"PropertyValueSpecification\",\"valueRequired\":true,\"valueName\":\"search_term_string\"}}],\"inLanguage\":\"fi\"}]}<\/script>\n<!-- \/ Yoast SEO plugin. -->","yoast_head_json":{"title":"Kokemuksia Siqnist\u00e4 | Asiakkaamme kertovat | Siqni henkil\u00f6st\u00f6kysely","description":"Asiakkaamme kertovat, miten Siqnin henkil\u00f6st\u00f6kysely on auttanut heit\u00e4 kohdentamaan kehityspanostukset sinne, miss\u00e4 niill\u00e4 on suurin vaikuttavuus. Lue kokemuksia Siqnist\u00e4!","robots":{"index":"index","follow":"follow","max-snippet":"max-snippet:-1","max-image-preview":"max-image-preview:large","max-video-preview":"max-video-preview:-1"},"canonical":"https:\/\/www.siqni.fi\/ex\/kokemuksia-siqnista\/","og_locale":"fi_FI","og_type":"article","og_title":"Kokemuksia Siqnist\u00e4 | Asiakkaamme kertovat | Siqni henkil\u00f6st\u00f6kysely","og_description":"Asiakkaamme kertovat, miten Siqnin henkil\u00f6st\u00f6kysely on auttanut heit\u00e4 kohdentamaan kehityspanostukset sinne, miss\u00e4 niill\u00e4 on suurin vaikuttavuus. Lue kokemuksia Siqnist\u00e4!","og_url":"https:\/\/www.siqni.fi\/ex\/kokemuksia-siqnista\/","og_site_name":"Siqni EX","article_modified_time":"2026-03-13T07:56:26+00:00","og_image":[{"width":1200,"height":675,"url":"https:\/\/www.siqni.fi\/ex\/wp-content\/uploads\/sites\/3\/2022\/11\/siqni-poimi-hedelma-1200x675.jpg","type":"image\/jpeg"}],"twitter_card":"summary_large_image","schema":{"@context":"https:\/\/schema.org","@graph":[{"@type":"WebPage","@id":"https:\/\/www.siqni.fi\/ex\/kokemuksia-siqnista\/","url":"https:\/\/www.siqni.fi\/ex\/kokemuksia-siqnista\/","name":"Kokemuksia Siqnist\u00e4 | Asiakkaamme kertovat | Siqni henkil\u00f6st\u00f6kysely","isPartOf":{"@id":"https:\/\/www.siqni.fi\/ex\/#website"},"datePublished":"2022-02-18T07:31:10+00:00","dateModified":"2026-03-13T07:56:26+00:00","description":"Asiakkaamme kertovat, miten Siqnin henkil\u00f6st\u00f6kysely on auttanut heit\u00e4 kohdentamaan kehityspanostukset sinne, miss\u00e4 niill\u00e4 on suurin vaikuttavuus. Lue kokemuksia Siqnist\u00e4!","breadcrumb":{"@id":"https:\/\/www.siqni.fi\/ex\/kokemuksia-siqnista\/#breadcrumb"},"inLanguage":"fi","potentialAction":[{"@type":"ReadAction","target":["https:\/\/www.siqni.fi\/ex\/kokemuksia-siqnista\/"]}]},{"@type":"BreadcrumbList","@id":"https:\/\/www.siqni.fi\/ex\/kokemuksia-siqnista\/#breadcrumb","itemListElement":[{"@type":"ListItem","position":1,"name":"Etusivu","item":"https:\/\/www.siqni.fi\/ex\/"},{"@type":"ListItem","position":2,"name":"Kokemuksia Siqnist\u00e4"}]},{"@type":"WebSite","@id":"https:\/\/www.siqni.fi\/ex\/#website","url":"https:\/\/www.siqni.fi\/ex\/","name":"Siqni EX","description":"T\u00e4m\u00e4n vuosituhannen henkil\u00f6st\u00f6kysely","potentialAction":[{"@type":"SearchAction","target":{"@type":"EntryPoint","urlTemplate":"https:\/\/www.siqni.fi\/ex\/?s={search_term_string}"},"query-input":{"@type":"PropertyValueSpecification","valueRequired":true,"valueName":"search_term_string"}}],"inLanguage":"fi"}]}},"lang":"fi","translations":{"fi":14402,"en":14537,"sv":14547},"pll_sync_post":[],"_links":{"self":[{"href":"https:\/\/www.siqni.fi\/ex\/wp-json\/wp\/v2\/pages\/14402","targetHints":{"allow":["GET"]}}],"collection":[{"href":"https:\/\/www.siqni.fi\/ex\/wp-json\/wp\/v2\/pages"}],"about":[{"href":"https:\/\/www.siqni.fi\/ex\/wp-json\/wp\/v2\/types\/page"}],"author":[{"embeddable":true,"href":"https:\/\/www.siqni.fi\/ex\/wp-json\/wp\/v2\/users\/1"}],"replies":[{"embeddable":true,"href":"https:\/\/www.siqni.fi\/ex\/wp-json\/wp\/v2\/comments?post=14402"}],"version-history":[{"count":89,"href":"https:\/\/www.siqni.fi\/ex\/wp-json\/wp\/v2\/pages\/14402\/revisions"}],"predecessor-version":[{"id":17264,"href":"https:\/\/www.siqni.fi\/ex\/wp-json\/wp\/v2\/pages\/14402\/revisions\/17264"}],"wp:attachment":[{"href":"https:\/\/www.siqni.fi\/ex\/wp-json\/wp\/v2\/media?parent=14402"}],"curies":[{"name":"wp","href":"https:\/\/api.w.org\/{rel}","templated":true}]}}