{"id":14432,"date":"2022-02-22T12:38:54","date_gmt":"2022-02-22T10:38:54","guid":{"rendered":"https:\/\/www.siqni.fi\/ex\/?page_id=14432"},"modified":"2023-08-01T11:25:36","modified_gmt":"2023-08-01T08:25:36","slug":"prissattning","status":"publish","type":"page","link":"https:\/\/www.siqni.fi\/ex\/sv\/prissattning\/","title":{"rendered":"Priss\u00e4ttning"},"content":{"rendered":"","protected":false},"excerpt":{"rendered":"","protected":false},"author":13,"featured_media":0,"parent":0,"menu_order":0,"comment_status":"closed","ping_status":"closed","template":"page-templates\/template-flexible-blocks.php","meta":{"_acf_changed":false,"content-type":"","footnotes":""},"class_list":["post-14432","page","type-page","status-publish","hentry"],"acf":[],"yoast_head":"<!-- This site is optimized with the Yoast SEO plugin v27.6 - https:\/\/yoast.com\/product\/yoast-seo-wordpress\/ -->\n<title>Siqni priss\u00e4ttning | Siqni medarbetarunders\u00f6kningen<\/title>\n<meta name=\"description\" content=\"Siqns priss\u00e4ttningen baserar sig p\u00e5 antalet medarbetare i organisationen och den valda serviceniv\u00e5n. Kontakta oss!\" \/>\n<meta name=\"robots\" content=\"index, follow, max-snippet:-1, max-image-preview:large, max-video-preview:-1\" \/>\n<link rel=\"canonical\" href=\"https:\/\/www.siqni.fi\/ex\/sv\/prissattning\/\" \/>\n<meta property=\"og:locale\" content=\"fi_FI\" \/>\n<meta property=\"og:type\" content=\"article\" \/>\n<meta property=\"og:title\" content=\"Siqni priss\u00e4ttning | Siqni medarbetarunders\u00f6kningen\" \/>\n<meta property=\"og:description\" content=\"Siqns priss\u00e4ttningen baserar sig p\u00e5 antalet medarbetare i organisationen och den valda serviceniv\u00e5n. Kontakta oss!\" \/>\n<meta property=\"og:url\" content=\"https:\/\/www.siqni.fi\/ex\/sv\/prissattning\/\" \/>\n<meta property=\"og:site_name\" content=\"Siqni EX\" \/>\n<meta property=\"article:modified_time\" content=\"2023-08-01T08:25:36+00:00\" \/>\n<meta name=\"twitter:card\" content=\"summary_large_image\" \/>\n<script type=\"application\/ld+json\" class=\"yoast-schema-graph\">{\"@context\":\"https:\\\/\\\/schema.org\",\"@graph\":[{\"@type\":\"WebPage\",\"@id\":\"https:\\\/\\\/www.siqni.fi\\\/ex\\\/sv\\\/prissattning\\\/\",\"url\":\"https:\\\/\\\/www.siqni.fi\\\/ex\\\/sv\\\/prissattning\\\/\",\"name\":\"Siqni priss\u00e4ttning | Siqni medarbetarunders\u00f6kningen\",\"isPartOf\":{\"@id\":\"https:\\\/\\\/www.siqni.fi\\\/ex\\\/#website\"},\"datePublished\":\"2022-02-22T10:38:54+00:00\",\"dateModified\":\"2023-08-01T08:25:36+00:00\",\"description\":\"Siqns priss\u00e4ttningen baserar sig p\u00e5 antalet medarbetare i organisationen och den valda serviceniv\u00e5n. Kontakta oss!\",\"breadcrumb\":{\"@id\":\"https:\\\/\\\/www.siqni.fi\\\/ex\\\/sv\\\/prissattning\\\/#breadcrumb\"},\"inLanguage\":\"fi\",\"potentialAction\":[{\"@type\":\"ReadAction\",\"target\":[\"https:\\\/\\\/www.siqni.fi\\\/ex\\\/sv\\\/prissattning\\\/\"]}]},{\"@type\":\"BreadcrumbList\",\"@id\":\"https:\\\/\\\/www.siqni.fi\\\/ex\\\/sv\\\/prissattning\\\/#breadcrumb\",\"itemListElement\":[{\"@type\":\"ListItem\",\"position\":1,\"name\":\"Etusivu\",\"item\":\"https:\\\/\\\/www.siqni.fi\\\/ex\\\/\"},{\"@type\":\"ListItem\",\"position\":2,\"name\":\"Priss\u00e4ttning\"}]},{\"@type\":\"WebSite\",\"@id\":\"https:\\\/\\\/www.siqni.fi\\\/ex\\\/#website\",\"url\":\"https:\\\/\\\/www.siqni.fi\\\/ex\\\/\",\"name\":\"Siqni EX\",\"description\":\"T\u00e4m\u00e4n vuosituhannen henkil\u00f6st\u00f6kysely\",\"potentialAction\":[{\"@type\":\"SearchAction\",\"target\":{\"@type\":\"EntryPoint\",\"urlTemplate\":\"https:\\\/\\\/www.siqni.fi\\\/ex\\\/?s={search_term_string}\"},\"query-input\":{\"@type\":\"PropertyValueSpecification\",\"valueRequired\":true,\"valueName\":\"search_term_string\"}}],\"inLanguage\":\"fi\"}]}<\/script>\n<!-- \/ Yoast SEO plugin. -->","yoast_head_json":{"title":"Siqni priss\u00e4ttning | Siqni medarbetarunders\u00f6kningen","description":"Siqns priss\u00e4ttningen baserar sig p\u00e5 antalet medarbetare i organisationen och den valda serviceniv\u00e5n. Kontakta oss!","robots":{"index":"index","follow":"follow","max-snippet":"max-snippet:-1","max-image-preview":"max-image-preview:large","max-video-preview":"max-video-preview:-1"},"canonical":"https:\/\/www.siqni.fi\/ex\/sv\/prissattning\/","og_locale":"fi_FI","og_type":"article","og_title":"Siqni priss\u00e4ttning | Siqni medarbetarunders\u00f6kningen","og_description":"Siqns priss\u00e4ttningen baserar sig p\u00e5 antalet medarbetare i organisationen och den valda serviceniv\u00e5n. Kontakta oss!","og_url":"https:\/\/www.siqni.fi\/ex\/sv\/prissattning\/","og_site_name":"Siqni EX","article_modified_time":"2023-08-01T08:25:36+00:00","twitter_card":"summary_large_image","schema":{"@context":"https:\/\/schema.org","@graph":[{"@type":"WebPage","@id":"https:\/\/www.siqni.fi\/ex\/sv\/prissattning\/","url":"https:\/\/www.siqni.fi\/ex\/sv\/prissattning\/","name":"Siqni priss\u00e4ttning | Siqni medarbetarunders\u00f6kningen","isPartOf":{"@id":"https:\/\/www.siqni.fi\/ex\/#website"},"datePublished":"2022-02-22T10:38:54+00:00","dateModified":"2023-08-01T08:25:36+00:00","description":"Siqns priss\u00e4ttningen baserar sig p\u00e5 antalet medarbetare i organisationen och den valda serviceniv\u00e5n. Kontakta oss!","breadcrumb":{"@id":"https:\/\/www.siqni.fi\/ex\/sv\/prissattning\/#breadcrumb"},"inLanguage":"fi","potentialAction":[{"@type":"ReadAction","target":["https:\/\/www.siqni.fi\/ex\/sv\/prissattning\/"]}]},{"@type":"BreadcrumbList","@id":"https:\/\/www.siqni.fi\/ex\/sv\/prissattning\/#breadcrumb","itemListElement":[{"@type":"ListItem","position":1,"name":"Etusivu","item":"https:\/\/www.siqni.fi\/ex\/"},{"@type":"ListItem","position":2,"name":"Priss\u00e4ttning"}]},{"@type":"WebSite","@id":"https:\/\/www.siqni.fi\/ex\/#website","url":"https:\/\/www.siqni.fi\/ex\/","name":"Siqni EX","description":"T\u00e4m\u00e4n vuosituhannen henkil\u00f6st\u00f6kysely","potentialAction":[{"@type":"SearchAction","target":{"@type":"EntryPoint","urlTemplate":"https:\/\/www.siqni.fi\/ex\/?s={search_term_string}"},"query-input":{"@type":"PropertyValueSpecification","valueRequired":true,"valueName":"search_term_string"}}],"inLanguage":"fi"}]}},"lang":"sv","translations":{"sv":14432,"fi":14400,"en":14441},"pll_sync_post":{},"_links":{"self":[{"href":"https:\/\/www.siqni.fi\/ex\/wp-json\/wp\/v2\/pages\/14432","targetHints":{"allow":["GET"]}}],"collection":[{"href":"https:\/\/www.siqni.fi\/ex\/wp-json\/wp\/v2\/pages"}],"about":[{"href":"https:\/\/www.siqni.fi\/ex\/wp-json\/wp\/v2\/types\/page"}],"author":[{"embeddable":true,"href":"https:\/\/www.siqni.fi\/ex\/wp-json\/wp\/v2\/users\/13"}],"replies":[{"embeddable":true,"href":"https:\/\/www.siqni.fi\/ex\/wp-json\/wp\/v2\/comments?post=14432"}],"version-history":[{"count":31,"href":"https:\/\/www.siqni.fi\/ex\/wp-json\/wp\/v2\/pages\/14432\/revisions"}],"predecessor-version":[{"id":16732,"href":"https:\/\/www.siqni.fi\/ex\/wp-json\/wp\/v2\/pages\/14432\/revisions\/16732"}],"wp:attachment":[{"href":"https:\/\/www.siqni.fi\/ex\/wp-json\/wp\/v2\/media?parent=14432"}],"curies":[{"name":"wp","href":"https:\/\/api.w.org\/{rel}","templated":true}]}}