{"id":14441,"date":"2022-02-22T13:09:22","date_gmt":"2022-02-22T11:09:22","guid":{"rendered":"https:\/\/www.siqni.fi\/ex\/?page_id=14441"},"modified":"2025-10-21T12:06:05","modified_gmt":"2025-10-21T09:06:05","slug":"pricing","status":"publish","type":"page","link":"https:\/\/www.siqni.fi\/ex\/en\/pricing\/","title":{"rendered":"Pricing"},"content":{"rendered":"","protected":false},"excerpt":{"rendered":"","protected":false},"author":13,"featured_media":0,"parent":0,"menu_order":0,"comment_status":"closed","ping_status":"closed","template":"page-templates\/template-flexible-blocks.php","meta":{"_acf_changed":false,"content-type":"","footnotes":""},"class_list":["post-14441","page","type-page","status-publish","hentry"],"acf":[],"yoast_head":"<!-- This site is optimized with the Yoast SEO plugin v27.5 - https:\/\/yoast.com\/product\/yoast-seo-wordpress\/ -->\n<title>Siqni pricing | Siqni employee survey<\/title>\n<meta name=\"description\" content=\"Siqni\u2019s transparent pricing is based on the number of employees and the level of service chosen. See our pricing.\" \/>\n<meta name=\"robots\" content=\"index, follow, max-snippet:-1, max-image-preview:large, max-video-preview:-1\" \/>\n<link rel=\"canonical\" href=\"https:\/\/www.siqni.fi\/ex\/en\/pricing\/\" \/>\n<meta property=\"og:locale\" content=\"fi_FI\" \/>\n<meta property=\"og:type\" content=\"article\" \/>\n<meta property=\"og:title\" content=\"Siqni pricing | Siqni employee survey\" \/>\n<meta property=\"og:description\" content=\"Siqni\u2019s transparent pricing is based on the number of employees and the level of service chosen. See our pricing.\" \/>\n<meta property=\"og:url\" content=\"https:\/\/www.siqni.fi\/ex\/en\/pricing\/\" \/>\n<meta property=\"og:site_name\" content=\"Siqni EX\" \/>\n<meta property=\"article:modified_time\" content=\"2025-10-21T09:06:05+00:00\" \/>\n<meta name=\"twitter:card\" content=\"summary_large_image\" \/>\n<script type=\"application\/ld+json\" class=\"yoast-schema-graph\">{\"@context\":\"https:\\\/\\\/schema.org\",\"@graph\":[{\"@type\":\"WebPage\",\"@id\":\"https:\\\/\\\/www.siqni.fi\\\/ex\\\/en\\\/pricing\\\/\",\"url\":\"https:\\\/\\\/www.siqni.fi\\\/ex\\\/en\\\/pricing\\\/\",\"name\":\"Siqni pricing | Siqni employee survey\",\"isPartOf\":{\"@id\":\"https:\\\/\\\/www.siqni.fi\\\/ex\\\/#website\"},\"datePublished\":\"2022-02-22T11:09:22+00:00\",\"dateModified\":\"2025-10-21T09:06:05+00:00\",\"description\":\"Siqni\u2019s transparent pricing is based on the number of employees and the level of service chosen. See our pricing.\",\"breadcrumb\":{\"@id\":\"https:\\\/\\\/www.siqni.fi\\\/ex\\\/en\\\/pricing\\\/#breadcrumb\"},\"inLanguage\":\"fi\",\"potentialAction\":[{\"@type\":\"ReadAction\",\"target\":[\"https:\\\/\\\/www.siqni.fi\\\/ex\\\/en\\\/pricing\\\/\"]}]},{\"@type\":\"BreadcrumbList\",\"@id\":\"https:\\\/\\\/www.siqni.fi\\\/ex\\\/en\\\/pricing\\\/#breadcrumb\",\"itemListElement\":[{\"@type\":\"ListItem\",\"position\":1,\"name\":\"Etusivu\",\"item\":\"https:\\\/\\\/www.siqni.fi\\\/ex\\\/\"},{\"@type\":\"ListItem\",\"position\":2,\"name\":\"Pricing\"}]},{\"@type\":\"WebSite\",\"@id\":\"https:\\\/\\\/www.siqni.fi\\\/ex\\\/#website\",\"url\":\"https:\\\/\\\/www.siqni.fi\\\/ex\\\/\",\"name\":\"Siqni EX\",\"description\":\"T\u00e4m\u00e4n vuosituhannen henkil\u00f6st\u00f6kysely\",\"potentialAction\":[{\"@type\":\"SearchAction\",\"target\":{\"@type\":\"EntryPoint\",\"urlTemplate\":\"https:\\\/\\\/www.siqni.fi\\\/ex\\\/?s={search_term_string}\"},\"query-input\":{\"@type\":\"PropertyValueSpecification\",\"valueRequired\":true,\"valueName\":\"search_term_string\"}}],\"inLanguage\":\"fi\"}]}<\/script>\n<!-- \/ Yoast SEO plugin. -->","yoast_head_json":{"title":"Siqni pricing | Siqni employee survey","description":"Siqni\u2019s transparent pricing is based on the number of employees and the level of service chosen. See our pricing.","robots":{"index":"index","follow":"follow","max-snippet":"max-snippet:-1","max-image-preview":"max-image-preview:large","max-video-preview":"max-video-preview:-1"},"canonical":"https:\/\/www.siqni.fi\/ex\/en\/pricing\/","og_locale":"fi_FI","og_type":"article","og_title":"Siqni pricing | Siqni employee survey","og_description":"Siqni\u2019s transparent pricing is based on the number of employees and the level of service chosen. See our pricing.","og_url":"https:\/\/www.siqni.fi\/ex\/en\/pricing\/","og_site_name":"Siqni EX","article_modified_time":"2025-10-21T09:06:05+00:00","twitter_card":"summary_large_image","schema":{"@context":"https:\/\/schema.org","@graph":[{"@type":"WebPage","@id":"https:\/\/www.siqni.fi\/ex\/en\/pricing\/","url":"https:\/\/www.siqni.fi\/ex\/en\/pricing\/","name":"Siqni pricing | Siqni employee survey","isPartOf":{"@id":"https:\/\/www.siqni.fi\/ex\/#website"},"datePublished":"2022-02-22T11:09:22+00:00","dateModified":"2025-10-21T09:06:05+00:00","description":"Siqni\u2019s transparent pricing is based on the number of employees and the level of service chosen. See our pricing.","breadcrumb":{"@id":"https:\/\/www.siqni.fi\/ex\/en\/pricing\/#breadcrumb"},"inLanguage":"fi","potentialAction":[{"@type":"ReadAction","target":["https:\/\/www.siqni.fi\/ex\/en\/pricing\/"]}]},{"@type":"BreadcrumbList","@id":"https:\/\/www.siqni.fi\/ex\/en\/pricing\/#breadcrumb","itemListElement":[{"@type":"ListItem","position":1,"name":"Etusivu","item":"https:\/\/www.siqni.fi\/ex\/"},{"@type":"ListItem","position":2,"name":"Pricing"}]},{"@type":"WebSite","@id":"https:\/\/www.siqni.fi\/ex\/#website","url":"https:\/\/www.siqni.fi\/ex\/","name":"Siqni EX","description":"T\u00e4m\u00e4n vuosituhannen henkil\u00f6st\u00f6kysely","potentialAction":[{"@type":"SearchAction","target":{"@type":"EntryPoint","urlTemplate":"https:\/\/www.siqni.fi\/ex\/?s={search_term_string}"},"query-input":{"@type":"PropertyValueSpecification","valueRequired":true,"valueName":"search_term_string"}}],"inLanguage":"fi"}]}},"lang":"en","translations":{"en":14441,"sv":14432,"fi":14400},"pll_sync_post":{},"_links":{"self":[{"href":"https:\/\/www.siqni.fi\/ex\/wp-json\/wp\/v2\/pages\/14441","targetHints":{"allow":["GET"]}}],"collection":[{"href":"https:\/\/www.siqni.fi\/ex\/wp-json\/wp\/v2\/pages"}],"about":[{"href":"https:\/\/www.siqni.fi\/ex\/wp-json\/wp\/v2\/types\/page"}],"author":[{"embeddable":true,"href":"https:\/\/www.siqni.fi\/ex\/wp-json\/wp\/v2\/users\/13"}],"replies":[{"embeddable":true,"href":"https:\/\/www.siqni.fi\/ex\/wp-json\/wp\/v2\/comments?post=14441"}],"version-history":[{"count":48,"href":"https:\/\/www.siqni.fi\/ex\/wp-json\/wp\/v2\/pages\/14441\/revisions"}],"predecessor-version":[{"id":17230,"href":"https:\/\/www.siqni.fi\/ex\/wp-json\/wp\/v2\/pages\/14441\/revisions\/17230"}],"wp:attachment":[{"href":"https:\/\/www.siqni.fi\/ex\/wp-json\/wp\/v2\/media?parent=14441"}],"curies":[{"name":"wp","href":"https:\/\/api.w.org\/{rel}","templated":true}]}}