{"id":14651,"date":"2022-02-24T16:49:09","date_gmt":"2022-02-24T14:49:09","guid":{"rendered":"https:\/\/www.siqni.fi\/ex\/?page_id=14651"},"modified":"2026-03-10T08:01:47","modified_gmt":"2026-03-10T06:01:47","slug":"taman-vuosituhannen-henkilostokysely","status":"publish","type":"page","link":"https:\/\/www.siqni.fi\/ex\/taman-vuosituhannen-henkilostokysely\/","title":{"rendered":"Miksi Siqni?"},"content":{"rendered":"","protected":false},"excerpt":{"rendered":"","protected":false},"author":13,"featured_media":0,"parent":0,"menu_order":0,"comment_status":"closed","ping_status":"closed","template":"page-templates\/template-flexible-blocks.php","meta":{"_acf_changed":false,"content-type":"","footnotes":""},"class_list":["post-14651","page","type-page","status-publish","hentry"],"acf":[],"yoast_head":"<!-- This site is optimized with the Yoast SEO plugin v27.3 - https:\/\/yoast.com\/product\/yoast-seo-wordpress\/ -->\n<title>Miksi Siqni? | T\u00e4m\u00e4n vuosituhannen henkil\u00f6st\u00f6kysely<\/title>\n<meta name=\"robots\" content=\"index, follow, max-snippet:-1, max-image-preview:large, max-video-preview:-1\" \/>\n<link rel=\"canonical\" href=\"https:\/\/www.siqni.fi\/ex\/taman-vuosituhannen-henkilostokysely\/\" \/>\n<meta property=\"og:locale\" content=\"fi_FI\" \/>\n<meta property=\"og:type\" content=\"article\" \/>\n<meta property=\"og:title\" content=\"Miksi Siqni? | T\u00e4m\u00e4n vuosituhannen henkil\u00f6st\u00f6kysely\" \/>\n<meta property=\"og:url\" content=\"https:\/\/www.siqni.fi\/ex\/taman-vuosituhannen-henkilostokysely\/\" \/>\n<meta property=\"og:site_name\" content=\"Siqni EX\" \/>\n<meta property=\"article:modified_time\" content=\"2026-03-10T06:01:47+00:00\" \/>\n<meta name=\"twitter:card\" content=\"summary_large_image\" \/>\n<script type=\"application\/ld+json\" class=\"yoast-schema-graph\">{\"@context\":\"https:\\\/\\\/schema.org\",\"@graph\":[{\"@type\":\"WebPage\",\"@id\":\"https:\\\/\\\/www.siqni.fi\\\/ex\\\/taman-vuosituhannen-henkilostokysely\\\/\",\"url\":\"https:\\\/\\\/www.siqni.fi\\\/ex\\\/taman-vuosituhannen-henkilostokysely\\\/\",\"name\":\"Miksi Siqni? | T\u00e4m\u00e4n vuosituhannen henkil\u00f6st\u00f6kysely\",\"isPartOf\":{\"@id\":\"https:\\\/\\\/www.siqni.fi\\\/ex\\\/#website\"},\"datePublished\":\"2022-02-24T14:49:09+00:00\",\"dateModified\":\"2026-03-10T06:01:47+00:00\",\"breadcrumb\":{\"@id\":\"https:\\\/\\\/www.siqni.fi\\\/ex\\\/taman-vuosituhannen-henkilostokysely\\\/#breadcrumb\"},\"inLanguage\":\"fi\",\"potentialAction\":[{\"@type\":\"ReadAction\",\"target\":[\"https:\\\/\\\/www.siqni.fi\\\/ex\\\/taman-vuosituhannen-henkilostokysely\\\/\"]}]},{\"@type\":\"BreadcrumbList\",\"@id\":\"https:\\\/\\\/www.siqni.fi\\\/ex\\\/taman-vuosituhannen-henkilostokysely\\\/#breadcrumb\",\"itemListElement\":[{\"@type\":\"ListItem\",\"position\":1,\"name\":\"Etusivu\",\"item\":\"https:\\\/\\\/www.siqni.fi\\\/ex\\\/\"},{\"@type\":\"ListItem\",\"position\":2,\"name\":\"Miksi Siqni?\"}]},{\"@type\":\"WebSite\",\"@id\":\"https:\\\/\\\/www.siqni.fi\\\/ex\\\/#website\",\"url\":\"https:\\\/\\\/www.siqni.fi\\\/ex\\\/\",\"name\":\"Siqni EX\",\"description\":\"T\u00e4m\u00e4n vuosituhannen henkil\u00f6st\u00f6kysely\",\"potentialAction\":[{\"@type\":\"SearchAction\",\"target\":{\"@type\":\"EntryPoint\",\"urlTemplate\":\"https:\\\/\\\/www.siqni.fi\\\/ex\\\/?s={search_term_string}\"},\"query-input\":{\"@type\":\"PropertyValueSpecification\",\"valueRequired\":true,\"valueName\":\"search_term_string\"}}],\"inLanguage\":\"fi\"}]}<\/script>\n<!-- \/ Yoast SEO plugin. -->","yoast_head_json":{"title":"Miksi Siqni? | T\u00e4m\u00e4n vuosituhannen henkil\u00f6st\u00f6kysely","robots":{"index":"index","follow":"follow","max-snippet":"max-snippet:-1","max-image-preview":"max-image-preview:large","max-video-preview":"max-video-preview:-1"},"canonical":"https:\/\/www.siqni.fi\/ex\/taman-vuosituhannen-henkilostokysely\/","og_locale":"fi_FI","og_type":"article","og_title":"Miksi Siqni? | T\u00e4m\u00e4n vuosituhannen henkil\u00f6st\u00f6kysely","og_url":"https:\/\/www.siqni.fi\/ex\/taman-vuosituhannen-henkilostokysely\/","og_site_name":"Siqni EX","article_modified_time":"2026-03-10T06:01:47+00:00","twitter_card":"summary_large_image","schema":{"@context":"https:\/\/schema.org","@graph":[{"@type":"WebPage","@id":"https:\/\/www.siqni.fi\/ex\/taman-vuosituhannen-henkilostokysely\/","url":"https:\/\/www.siqni.fi\/ex\/taman-vuosituhannen-henkilostokysely\/","name":"Miksi Siqni? | T\u00e4m\u00e4n vuosituhannen henkil\u00f6st\u00f6kysely","isPartOf":{"@id":"https:\/\/www.siqni.fi\/ex\/#website"},"datePublished":"2022-02-24T14:49:09+00:00","dateModified":"2026-03-10T06:01:47+00:00","breadcrumb":{"@id":"https:\/\/www.siqni.fi\/ex\/taman-vuosituhannen-henkilostokysely\/#breadcrumb"},"inLanguage":"fi","potentialAction":[{"@type":"ReadAction","target":["https:\/\/www.siqni.fi\/ex\/taman-vuosituhannen-henkilostokysely\/"]}]},{"@type":"BreadcrumbList","@id":"https:\/\/www.siqni.fi\/ex\/taman-vuosituhannen-henkilostokysely\/#breadcrumb","itemListElement":[{"@type":"ListItem","position":1,"name":"Etusivu","item":"https:\/\/www.siqni.fi\/ex\/"},{"@type":"ListItem","position":2,"name":"Miksi Siqni?"}]},{"@type":"WebSite","@id":"https:\/\/www.siqni.fi\/ex\/#website","url":"https:\/\/www.siqni.fi\/ex\/","name":"Siqni EX","description":"T\u00e4m\u00e4n vuosituhannen henkil\u00f6st\u00f6kysely","potentialAction":[{"@type":"SearchAction","target":{"@type":"EntryPoint","urlTemplate":"https:\/\/www.siqni.fi\/ex\/?s={search_term_string}"},"query-input":{"@type":"PropertyValueSpecification","valueRequired":true,"valueName":"search_term_string"}}],"inLanguage":"fi"}]}},"lang":"fi","translations":{"fi":14651,"en":14716,"sv":14724},"pll_sync_post":[],"_links":{"self":[{"href":"https:\/\/www.siqni.fi\/ex\/wp-json\/wp\/v2\/pages\/14651","targetHints":{"allow":["GET"]}}],"collection":[{"href":"https:\/\/www.siqni.fi\/ex\/wp-json\/wp\/v2\/pages"}],"about":[{"href":"https:\/\/www.siqni.fi\/ex\/wp-json\/wp\/v2\/types\/page"}],"author":[{"embeddable":true,"href":"https:\/\/www.siqni.fi\/ex\/wp-json\/wp\/v2\/users\/13"}],"replies":[{"embeddable":true,"href":"https:\/\/www.siqni.fi\/ex\/wp-json\/wp\/v2\/comments?post=14651"}],"version-history":[{"count":80,"href":"https:\/\/www.siqni.fi\/ex\/wp-json\/wp\/v2\/pages\/14651\/revisions"}],"predecessor-version":[{"id":17269,"href":"https:\/\/www.siqni.fi\/ex\/wp-json\/wp\/v2\/pages\/14651\/revisions\/17269"}],"wp:attachment":[{"href":"https:\/\/www.siqni.fi\/ex\/wp-json\/wp\/v2\/media?parent=14651"}],"curies":[{"name":"wp","href":"https:\/\/api.w.org\/{rel}","templated":true}]}}