{"id":15038,"date":"2022-03-10T10:42:17","date_gmt":"2022-03-10T08:42:17","guid":{"rendered":"https:\/\/www.siqni.fi\/ex\/?page_id=15038"},"modified":"2025-10-21T12:08:41","modified_gmt":"2025-10-21T09:08:41","slug":"front-page","status":"publish","type":"page","link":"https:\/\/www.siqni.fi\/ex\/en\/front-page\/","title":{"rendered":"Front page"},"content":{"rendered":"","protected":false},"excerpt":{"rendered":"","protected":false},"author":13,"featured_media":0,"parent":0,"menu_order":0,"comment_status":"closed","ping_status":"closed","template":"page-templates\/template-flexible-blocks.php","meta":{"_acf_changed":false,"content-type":"","footnotes":""},"class_list":["post-15038","page","type-page","status-publish","hentry"],"acf":[],"yoast_head":"<!-- This site is optimized with the Yoast SEO plugin v27.3 - https:\/\/yoast.com\/product\/yoast-seo-wordpress\/ -->\n<title>Siqni employee insight survey<\/title>\n<meta name=\"description\" content=\"Siqni is an employee survey from this millennium. It will help you understand what matters most to your employees.\" \/>\n<meta name=\"robots\" content=\"index, follow, max-snippet:-1, max-image-preview:large, max-video-preview:-1\" \/>\n<link rel=\"canonical\" href=\"https:\/\/www.siqni.fi\/ex\/en\/front-page\/\" \/>\n<meta property=\"og:locale\" content=\"fi_FI\" \/>\n<meta property=\"og:type\" content=\"article\" \/>\n<meta property=\"og:title\" content=\"Siqni henkil\u00f6st\u00f6kysely | Ymm\u00e4rr\u00e4 merkityksellinen, johda paremmin\" \/>\n<meta property=\"og:description\" content=\"Siqni on t\u00e4m\u00e4n vuosituhannen henkil\u00f6st\u00f6kysely. Siqni auttaa ymm\u00e4rt\u00e4m\u00e4\u00e4n ty\u00f6ntekij\u00f6ist\u00e4 ja ty\u00f6yhteis\u00f6st\u00e4 kaikkein merkityksellisimm\u00e4n ja priorisoimaan kehitystoimenpiteet oikein.\" \/>\n<meta property=\"og:url\" content=\"https:\/\/www.siqni.fi\/ex\/en\/front-page\/\" \/>\n<meta property=\"og:site_name\" content=\"Siqni EX\" \/>\n<meta property=\"article:modified_time\" content=\"2025-10-21T09:08:41+00:00\" \/>\n<meta property=\"og:image\" content=\"https:\/\/www.siqni.fi\/ex\/wp-content\/uploads\/sites\/3\/2018\/04\/laptop.png\" \/>\n<meta name=\"twitter:card\" content=\"summary_large_image\" \/>\n<meta name=\"twitter:title\" content=\"Siqni henkil\u00f6st\u00f6kysely | Ymm\u00e4rr\u00e4 merkityksellinen, johda paremmin\" \/>\n<meta name=\"twitter:description\" content=\"Siqni on t\u00e4m\u00e4n vuosituhannen henkil\u00f6st\u00f6kysely. Siqni auttaa ymm\u00e4rt\u00e4m\u00e4\u00e4n ty\u00f6ntekij\u00f6ist\u00e4 ja ty\u00f6yhteis\u00f6st\u00e4 kaikkein merkityksellisimm\u00e4n ja priorisoimaan kehitystoimenpiteet oikein.\" \/>\n<meta name=\"twitter:image\" content=\"https:\/\/www.siqni.fi\/ex\/wp-content\/uploads\/sites\/3\/2018\/04\/laptop.png\" \/>\n<script type=\"application\/ld+json\" class=\"yoast-schema-graph\">{\"@context\":\"https:\\\/\\\/schema.org\",\"@graph\":[{\"@type\":\"WebPage\",\"@id\":\"https:\\\/\\\/www.siqni.fi\\\/ex\\\/en\\\/front-page\\\/\",\"url\":\"https:\\\/\\\/www.siqni.fi\\\/ex\\\/en\\\/front-page\\\/\",\"name\":\"Siqni employee insight survey\",\"isPartOf\":{\"@id\":\"https:\\\/\\\/www.siqni.fi\\\/ex\\\/#website\"},\"datePublished\":\"2022-03-10T08:42:17+00:00\",\"dateModified\":\"2025-10-21T09:08:41+00:00\",\"description\":\"Siqni is an employee survey from this millennium. It will help you understand what matters most to your employees.\",\"breadcrumb\":{\"@id\":\"https:\\\/\\\/www.siqni.fi\\\/ex\\\/en\\\/front-page\\\/#breadcrumb\"},\"inLanguage\":\"fi\",\"potentialAction\":[{\"@type\":\"ReadAction\",\"target\":[\"https:\\\/\\\/www.siqni.fi\\\/ex\\\/en\\\/front-page\\\/\"]}]},{\"@type\":\"BreadcrumbList\",\"@id\":\"https:\\\/\\\/www.siqni.fi\\\/ex\\\/en\\\/front-page\\\/#breadcrumb\",\"itemListElement\":[{\"@type\":\"ListItem\",\"position\":1,\"name\":\"Etusivu\",\"item\":\"https:\\\/\\\/www.siqni.fi\\\/ex\\\/\"},{\"@type\":\"ListItem\",\"position\":2,\"name\":\"Front page\"}]},{\"@type\":\"WebSite\",\"@id\":\"https:\\\/\\\/www.siqni.fi\\\/ex\\\/#website\",\"url\":\"https:\\\/\\\/www.siqni.fi\\\/ex\\\/\",\"name\":\"Siqni EX\",\"description\":\"T\u00e4m\u00e4n vuosituhannen henkil\u00f6st\u00f6kysely\",\"potentialAction\":[{\"@type\":\"SearchAction\",\"target\":{\"@type\":\"EntryPoint\",\"urlTemplate\":\"https:\\\/\\\/www.siqni.fi\\\/ex\\\/?s={search_term_string}\"},\"query-input\":{\"@type\":\"PropertyValueSpecification\",\"valueRequired\":true,\"valueName\":\"search_term_string\"}}],\"inLanguage\":\"fi\"}]}<\/script>\n<!-- \/ Yoast SEO plugin. -->","yoast_head_json":{"title":"Siqni employee insight survey","description":"Siqni is an employee survey from this millennium. It will help you understand what matters most to your employees.","robots":{"index":"index","follow":"follow","max-snippet":"max-snippet:-1","max-image-preview":"max-image-preview:large","max-video-preview":"max-video-preview:-1"},"canonical":"https:\/\/www.siqni.fi\/ex\/en\/front-page\/","og_locale":"fi_FI","og_type":"article","og_title":"Siqni henkil\u00f6st\u00f6kysely | Ymm\u00e4rr\u00e4 merkityksellinen, johda paremmin","og_description":"Siqni on t\u00e4m\u00e4n vuosituhannen henkil\u00f6st\u00f6kysely. Siqni auttaa ymm\u00e4rt\u00e4m\u00e4\u00e4n ty\u00f6ntekij\u00f6ist\u00e4 ja ty\u00f6yhteis\u00f6st\u00e4 kaikkein merkityksellisimm\u00e4n ja priorisoimaan kehitystoimenpiteet oikein.","og_url":"https:\/\/www.siqni.fi\/ex\/en\/front-page\/","og_site_name":"Siqni EX","article_modified_time":"2025-10-21T09:08:41+00:00","og_image":[{"url":"https:\/\/www.siqni.fi\/ex\/wp-content\/uploads\/sites\/3\/2018\/04\/laptop.png","type":"","width":"","height":""}],"twitter_card":"summary_large_image","twitter_title":"Siqni henkil\u00f6st\u00f6kysely | Ymm\u00e4rr\u00e4 merkityksellinen, johda paremmin","twitter_description":"Siqni on t\u00e4m\u00e4n vuosituhannen henkil\u00f6st\u00f6kysely. Siqni auttaa ymm\u00e4rt\u00e4m\u00e4\u00e4n ty\u00f6ntekij\u00f6ist\u00e4 ja ty\u00f6yhteis\u00f6st\u00e4 kaikkein merkityksellisimm\u00e4n ja priorisoimaan kehitystoimenpiteet oikein.","twitter_image":"https:\/\/www.siqni.fi\/ex\/wp-content\/uploads\/sites\/3\/2018\/04\/laptop.png","schema":{"@context":"https:\/\/schema.org","@graph":[{"@type":"WebPage","@id":"https:\/\/www.siqni.fi\/ex\/en\/front-page\/","url":"https:\/\/www.siqni.fi\/ex\/en\/front-page\/","name":"Siqni employee insight survey","isPartOf":{"@id":"https:\/\/www.siqni.fi\/ex\/#website"},"datePublished":"2022-03-10T08:42:17+00:00","dateModified":"2025-10-21T09:08:41+00:00","description":"Siqni is an employee survey from this millennium. It will help you understand what matters most to your employees.","breadcrumb":{"@id":"https:\/\/www.siqni.fi\/ex\/en\/front-page\/#breadcrumb"},"inLanguage":"fi","potentialAction":[{"@type":"ReadAction","target":["https:\/\/www.siqni.fi\/ex\/en\/front-page\/"]}]},{"@type":"BreadcrumbList","@id":"https:\/\/www.siqni.fi\/ex\/en\/front-page\/#breadcrumb","itemListElement":[{"@type":"ListItem","position":1,"name":"Etusivu","item":"https:\/\/www.siqni.fi\/ex\/"},{"@type":"ListItem","position":2,"name":"Front page"}]},{"@type":"WebSite","@id":"https:\/\/www.siqni.fi\/ex\/#website","url":"https:\/\/www.siqni.fi\/ex\/","name":"Siqni EX","description":"T\u00e4m\u00e4n vuosituhannen henkil\u00f6st\u00f6kysely","potentialAction":[{"@type":"SearchAction","target":{"@type":"EntryPoint","urlTemplate":"https:\/\/www.siqni.fi\/ex\/?s={search_term_string}"},"query-input":{"@type":"PropertyValueSpecification","valueRequired":true,"valueName":"search_term_string"}}],"inLanguage":"fi"}]}},"lang":"en","translations":{"en":15038,"sv":15047,"fi":14398},"pll_sync_post":[],"_links":{"self":[{"href":"https:\/\/www.siqni.fi\/ex\/wp-json\/wp\/v2\/pages\/15038","targetHints":{"allow":["GET"]}}],"collection":[{"href":"https:\/\/www.siqni.fi\/ex\/wp-json\/wp\/v2\/pages"}],"about":[{"href":"https:\/\/www.siqni.fi\/ex\/wp-json\/wp\/v2\/types\/page"}],"author":[{"embeddable":true,"href":"https:\/\/www.siqni.fi\/ex\/wp-json\/wp\/v2\/users\/13"}],"replies":[{"embeddable":true,"href":"https:\/\/www.siqni.fi\/ex\/wp-json\/wp\/v2\/comments?post=15038"}],"version-history":[{"count":25,"href":"https:\/\/www.siqni.fi\/ex\/wp-json\/wp\/v2\/pages\/15038\/revisions"}],"predecessor-version":[{"id":17233,"href":"https:\/\/www.siqni.fi\/ex\/wp-json\/wp\/v2\/pages\/15038\/revisions\/17233"}],"wp:attachment":[{"href":"https:\/\/www.siqni.fi\/ex\/wp-json\/wp\/v2\/media?parent=15038"}],"curies":[{"name":"wp","href":"https:\/\/api.w.org\/{rel}","templated":true}]}}