{"id":16771,"date":"2023-10-17T16:12:16","date_gmt":"2023-10-17T13:12:16","guid":{"rendered":"https:\/\/www.siqni.fi\/ex\/?page_id=16771"},"modified":"2023-10-17T16:12:16","modified_gmt":"2023-10-17T13:12:16","slug":"evastetiedot","status":"publish","type":"page","link":"https:\/\/www.siqni.fi\/ex\/evastetiedot\/","title":{"rendered":"Ev\u00e4stetiedot"},"content":{"rendered":"<div class=\"wpb_text_column wpb_content_element \">\n<div class=\"wpb_wrapper\">\n<h1 id=\"evasteiden-kaytto-eezy-konsernin-sivuilla\" data-gtm-vis-first-on-screen30653405_57=\"141\" data-gtm-vis-total-visible-time30653405_57=\"2000\" data-gtm-vis-has-fired30653405_57=\"1\">Ev\u00e4steiden k\u00e4ytt\u00f6 sivustolla\/<\/h1>\n<\/div>\n<\/div>\n<div class=\"wpb_text_column wpb_content_element \">\n<div class=\"wpb_wrapper\">\n<h1 id=\"evasteiden-kaytto-eezy-konsernin-sivuilla\" data-gtm-vis-recent-on-screen30653405_57=\"141\" data-gtm-vis-first-on-screen30653405_57=\"141\" data-gtm-vis-total-visible-time30653405_57=\"2000\" data-gtm-vis-has-fired30653405_57=\"1\">Use of cookies on our website<\/h1>\n<\/div>\n<\/div>\n\t\t<script id=\"CookieDeclaration\" src=\"https:\/\/consent.cookiebot.com\/d544fc3f-ef8a-43b9-aad2-48268d43c2fb\/cd.js\" type=\"text\/javascript\" async><\/script>\n\t\n<div class=\"wpb_text_column wpb_content_element \">\n<div class=\"wpb_wrapper\">\n<h2 id=\"mihin-voit-ottaa-yhteytta\" data-gtm-vis-first-on-screen30653405_91=\"142\" data-gtm-vis-total-visible-time30653405_91=\"2000\" data-gtm-vis-recent-on-screen30653405_91=\"843606\" data-gtm-vis-has-fired30653405_91=\"1\">Mihin voit ottaa yhteytt\u00e4?<\/h2>\n<p>Tietosuojaan ja ev\u00e4steiden k\u00e4ytt\u00f6\u00f6n liittyviss\u00e4 kysymyksiss\u00e4 ja tiedusteluissa pyyd\u00e4mme ottamaan yhteytt\u00e4 ensisijaisesti s\u00e4hk\u00f6postitse:<\/p>\n<p><a href=\"mailto:tietosuoja@eezy.fi\">tietosuoja@eezy.fi<\/a><\/p>\n<\/div>\n<\/div>\n<div class=\"wpb_text_column wpb_content_element \">\n<div class=\"wpb_wrapper\">\n<h2 id=\"mihin-voit-ottaa-yhteytta\" data-gtm-vis-recent-on-screen30653405_91=\"842873\" data-gtm-vis-first-on-screen30653405_91=\"842873\" data-gtm-vis-total-visible-time30653405_91=\"2000\" data-gtm-vis-has-fired30653405_91=\"1\">Contact<\/h2>\n<p>For questions and enquiries relating to data protection and the use of cookies, please contact us primarily by email at:<\/p>\n<p><a href=\"mailto:tietosuoja@eezy.fi\">tietosuoja@eezy.fi<\/a><\/p>\n<\/div>\n<\/div>\n","protected":false},"excerpt":{"rendered":"<p>Ev\u00e4steiden k\u00e4ytt\u00f6 sivustolla\/ Use of cookies on our website Mihin voit ottaa yhteytt\u00e4? Tietosuojaan ja ev\u00e4steiden k\u00e4ytt\u00f6\u00f6n liittyviss\u00e4 kysymyksiss\u00e4 ja tiedusteluissa pyyd\u00e4mme ottamaan yhteytt\u00e4 ensisijaisesti s\u00e4hk\u00f6postitse: tietosuoja@eezy.fi Contact For questions and enquiries relating to data protection and the use of cookies, please contact us primarily by email at: tietosuoja@eezy.fi<\/p>\n","protected":false},"author":13,"featured_media":0,"parent":0,"menu_order":0,"comment_status":"closed","ping_status":"closed","template":"page-templates\/template-flexible-blocks.php","meta":{"_acf_changed":false,"content-type":"","footnotes":""},"class_list":["post-16771","page","type-page","status-publish","hentry"],"acf":[],"yoast_head":"<!-- This site is optimized with the Yoast SEO plugin v27.5 - https:\/\/yoast.com\/product\/yoast-seo-wordpress\/ -->\n<title>Ev\u00e4stetiedot - Siqni EX<\/title>\n<meta name=\"robots\" content=\"noindex, nofollow\" \/>\n<meta property=\"og:locale\" content=\"fi_FI\" \/>\n<meta property=\"og:type\" content=\"article\" \/>\n<meta property=\"og:title\" content=\"Ev\u00e4stetiedot - Siqni EX\" \/>\n<meta property=\"og:description\" content=\"Ev\u00e4steiden k\u00e4ytt\u00f6 sivustolla\/ Use of cookies on our website Mihin voit ottaa yhteytt\u00e4? Tietosuojaan ja ev\u00e4steiden k\u00e4ytt\u00f6\u00f6n liittyviss\u00e4 kysymyksiss\u00e4 ja tiedusteluissa pyyd\u00e4mme ottamaan yhteytt\u00e4 ensisijaisesti s\u00e4hk\u00f6postitse: tietosuoja@eezy.fi Contact For questions and enquiries relating to data protection and the use of cookies, please contact us primarily by email at: tietosuoja@eezy.fi\" \/>\n<meta property=\"og:url\" content=\"https:\/\/www.siqni.fi\/ex\/evastetiedot\/\" \/>\n<meta property=\"og:site_name\" content=\"Siqni EX\" \/>\n<meta name=\"twitter:card\" content=\"summary_large_image\" \/>\n<meta name=\"twitter:label1\" content=\"Arvioitu lukuaika\" \/>\n\t<meta name=\"twitter:data1\" content=\"1 minuutti\" \/>\n<script type=\"application\/ld+json\" class=\"yoast-schema-graph\">{\"@context\":\"https:\\\/\\\/schema.org\",\"@graph\":[{\"@type\":\"WebPage\",\"@id\":\"https:\\\/\\\/www.siqni.fi\\\/ex\\\/evastetiedot\\\/\",\"url\":\"https:\\\/\\\/www.siqni.fi\\\/ex\\\/evastetiedot\\\/\",\"name\":\"Ev\u00e4stetiedot - Siqni EX\",\"isPartOf\":{\"@id\":\"https:\\\/\\\/www.siqni.fi\\\/ex\\\/#website\"},\"datePublished\":\"2023-10-17T13:12:16+00:00\",\"breadcrumb\":{\"@id\":\"https:\\\/\\\/www.siqni.fi\\\/ex\\\/evastetiedot\\\/#breadcrumb\"},\"inLanguage\":\"fi\",\"potentialAction\":[{\"@type\":\"ReadAction\",\"target\":[\"https:\\\/\\\/www.siqni.fi\\\/ex\\\/evastetiedot\\\/\"]}]},{\"@type\":\"BreadcrumbList\",\"@id\":\"https:\\\/\\\/www.siqni.fi\\\/ex\\\/evastetiedot\\\/#breadcrumb\",\"itemListElement\":[{\"@type\":\"ListItem\",\"position\":1,\"name\":\"Etusivu\",\"item\":\"https:\\\/\\\/www.siqni.fi\\\/ex\\\/\"},{\"@type\":\"ListItem\",\"position\":2,\"name\":\"Ev\u00e4stetiedot\"}]},{\"@type\":\"WebSite\",\"@id\":\"https:\\\/\\\/www.siqni.fi\\\/ex\\\/#website\",\"url\":\"https:\\\/\\\/www.siqni.fi\\\/ex\\\/\",\"name\":\"Siqni EX\",\"description\":\"T\u00e4m\u00e4n vuosituhannen henkil\u00f6st\u00f6kysely\",\"potentialAction\":[{\"@type\":\"SearchAction\",\"target\":{\"@type\":\"EntryPoint\",\"urlTemplate\":\"https:\\\/\\\/www.siqni.fi\\\/ex\\\/?s={search_term_string}\"},\"query-input\":{\"@type\":\"PropertyValueSpecification\",\"valueRequired\":true,\"valueName\":\"search_term_string\"}}],\"inLanguage\":\"fi\"}]}<\/script>\n<!-- \/ Yoast SEO plugin. -->","yoast_head_json":{"title":"Ev\u00e4stetiedot - Siqni EX","robots":{"index":"noindex","follow":"nofollow"},"og_locale":"fi_FI","og_type":"article","og_title":"Ev\u00e4stetiedot - Siqni EX","og_description":"Ev\u00e4steiden k\u00e4ytt\u00f6 sivustolla\/ Use of cookies on our website Mihin voit ottaa yhteytt\u00e4? Tietosuojaan ja ev\u00e4steiden k\u00e4ytt\u00f6\u00f6n liittyviss\u00e4 kysymyksiss\u00e4 ja tiedusteluissa pyyd\u00e4mme ottamaan yhteytt\u00e4 ensisijaisesti s\u00e4hk\u00f6postitse: tietosuoja@eezy.fi Contact For questions and enquiries relating to data protection and the use of cookies, please contact us primarily by email at: tietosuoja@eezy.fi","og_url":"https:\/\/www.siqni.fi\/ex\/evastetiedot\/","og_site_name":"Siqni EX","twitter_card":"summary_large_image","twitter_misc":{"Arvioitu lukuaika":"1 minuutti"},"schema":{"@context":"https:\/\/schema.org","@graph":[{"@type":"WebPage","@id":"https:\/\/www.siqni.fi\/ex\/evastetiedot\/","url":"https:\/\/www.siqni.fi\/ex\/evastetiedot\/","name":"Ev\u00e4stetiedot - Siqni EX","isPartOf":{"@id":"https:\/\/www.siqni.fi\/ex\/#website"},"datePublished":"2023-10-17T13:12:16+00:00","breadcrumb":{"@id":"https:\/\/www.siqni.fi\/ex\/evastetiedot\/#breadcrumb"},"inLanguage":"fi","potentialAction":[{"@type":"ReadAction","target":["https:\/\/www.siqni.fi\/ex\/evastetiedot\/"]}]},{"@type":"BreadcrumbList","@id":"https:\/\/www.siqni.fi\/ex\/evastetiedot\/#breadcrumb","itemListElement":[{"@type":"ListItem","position":1,"name":"Etusivu","item":"https:\/\/www.siqni.fi\/ex\/"},{"@type":"ListItem","position":2,"name":"Ev\u00e4stetiedot"}]},{"@type":"WebSite","@id":"https:\/\/www.siqni.fi\/ex\/#website","url":"https:\/\/www.siqni.fi\/ex\/","name":"Siqni EX","description":"T\u00e4m\u00e4n vuosituhannen henkil\u00f6st\u00f6kysely","potentialAction":[{"@type":"SearchAction","target":{"@type":"EntryPoint","urlTemplate":"https:\/\/www.siqni.fi\/ex\/?s={search_term_string}"},"query-input":{"@type":"PropertyValueSpecification","valueRequired":true,"valueName":"search_term_string"}}],"inLanguage":"fi"}]}},"lang":"fi","translations":{"fi":16771},"pll_sync_post":{},"_links":{"self":[{"href":"https:\/\/www.siqni.fi\/ex\/wp-json\/wp\/v2\/pages\/16771","targetHints":{"allow":["GET"]}}],"collection":[{"href":"https:\/\/www.siqni.fi\/ex\/wp-json\/wp\/v2\/pages"}],"about":[{"href":"https:\/\/www.siqni.fi\/ex\/wp-json\/wp\/v2\/types\/page"}],"author":[{"embeddable":true,"href":"https:\/\/www.siqni.fi\/ex\/wp-json\/wp\/v2\/users\/13"}],"replies":[{"embeddable":true,"href":"https:\/\/www.siqni.fi\/ex\/wp-json\/wp\/v2\/comments?post=16771"}],"version-history":[{"count":1,"href":"https:\/\/www.siqni.fi\/ex\/wp-json\/wp\/v2\/pages\/16771\/revisions"}],"predecessor-version":[{"id":16772,"href":"https:\/\/www.siqni.fi\/ex\/wp-json\/wp\/v2\/pages\/16771\/revisions\/16772"}],"wp:attachment":[{"href":"https:\/\/www.siqni.fi\/ex\/wp-json\/wp\/v2\/media?parent=16771"}],"curies":[{"name":"wp","href":"https:\/\/api.w.org\/{rel}","templated":true}]}}