{"id":17015,"date":"2025-05-06T14:38:18","date_gmt":"2025-05-06T11:38:18","guid":{"rendered":"https:\/\/www.siqni.fi\/ex\/?page_id=17015"},"modified":"2025-05-06T14:43:02","modified_gmt":"2025-05-06T11:43:02","slug":"siqni-ai-tekoaly-tyontekijaymmarryksen-tukena","status":"publish","type":"page","link":"https:\/\/www.siqni.fi\/ex\/taman-vuosituhannen-henkilostokysely\/siqni-ai-tekoaly-tyontekijaymmarryksen-tukena\/","title":{"rendered":"Siqni AI \u2013 teko\u00e4ly ty\u00f6ntekij\u00e4ymm\u00e4rryksen tukena"},"content":{"rendered":"","protected":false},"excerpt":{"rendered":"","protected":false},"author":13,"featured_media":0,"parent":14651,"menu_order":0,"comment_status":"closed","ping_status":"closed","template":"page-templates\/template-flexible-blocks.php","meta":{"_acf_changed":false,"content-type":"","footnotes":""},"class_list":["post-17015","page","type-page","status-publish","hentry"],"acf":[],"yoast_head":"<!-- This site is optimized with the Yoast SEO plugin v27.5 - https:\/\/yoast.com\/product\/yoast-seo-wordpress\/ -->\n<title>Siqni AI \u2013 teko\u00e4ly ty\u00f6ntekij\u00e4ymm\u00e4rryksen tukena - Siqni EX<\/title>\n<meta name=\"description\" content=\"Siqni AI on teko\u00e4lypohjainen ty\u00f6kalu, joka syvent\u00e4\u00e4 ty\u00f6ntekij\u00e4ymm\u00e4rryst\u00e4 analysoimalla henkil\u00f6st\u00f6dataa teko\u00e4lyavusteisesti. Sen avulla organisaatiot voivat tunnistaa, mik\u00e4 motivoi ty\u00f6ntekij\u00f6it\u00e4 ja edist\u00e4\u00e4 liiketoiminnan tavoitteita. Siqni AI:n ominaisuuksiin kuuluvat muun muassa Ask Kiddy -teko\u00e4lyavustaja, monikieliset k\u00e4\u00e4nn\u00f6kset ja tiivistetyt yhteenvetoraportit, jotka tukevat johtoa p\u00e4\u00e4t\u00f6ksenteossa.\" \/>\n<meta name=\"robots\" content=\"index, follow, max-snippet:-1, max-image-preview:large, max-video-preview:-1\" \/>\n<link rel=\"canonical\" href=\"https:\/\/www.siqni.fi\/ex\/taman-vuosituhannen-henkilostokysely\/siqni-ai-tekoaly-tyontekijaymmarryksen-tukena\/\" \/>\n<meta property=\"og:locale\" content=\"fi_FI\" \/>\n<meta property=\"og:type\" content=\"article\" \/>\n<meta property=\"og:title\" content=\"Siqni AI \u2013 teko\u00e4ly ty\u00f6ntekij\u00e4ymm\u00e4rryksen tukena - Siqni EX\" \/>\n<meta property=\"og:description\" content=\"Siqni AI on teko\u00e4lypohjainen ty\u00f6kalu, joka syvent\u00e4\u00e4 ty\u00f6ntekij\u00e4ymm\u00e4rryst\u00e4 analysoimalla henkil\u00f6st\u00f6dataa teko\u00e4lyavusteisesti. Sen avulla organisaatiot voivat tunnistaa, mik\u00e4 motivoi ty\u00f6ntekij\u00f6it\u00e4 ja edist\u00e4\u00e4 liiketoiminnan tavoitteita. Siqni AI:n ominaisuuksiin kuuluvat muun muassa Ask Kiddy -teko\u00e4lyavustaja, monikieliset k\u00e4\u00e4nn\u00f6kset ja tiivistetyt yhteenvetoraportit, jotka tukevat johtoa p\u00e4\u00e4t\u00f6ksenteossa.\" \/>\n<meta property=\"og:url\" content=\"https:\/\/www.siqni.fi\/ex\/taman-vuosituhannen-henkilostokysely\/siqni-ai-tekoaly-tyontekijaymmarryksen-tukena\/\" \/>\n<meta property=\"og:site_name\" content=\"Siqni EX\" \/>\n<meta property=\"article:modified_time\" content=\"2025-05-06T11:43:02+00:00\" \/>\n<meta name=\"twitter:card\" content=\"summary_large_image\" \/>\n<script type=\"application\/ld+json\" class=\"yoast-schema-graph\">{\"@context\":\"https:\\\/\\\/schema.org\",\"@graph\":[{\"@type\":\"WebPage\",\"@id\":\"https:\\\/\\\/www.siqni.fi\\\/ex\\\/taman-vuosituhannen-henkilostokysely\\\/siqni-ai-tekoaly-tyontekijaymmarryksen-tukena\\\/\",\"url\":\"https:\\\/\\\/www.siqni.fi\\\/ex\\\/taman-vuosituhannen-henkilostokysely\\\/siqni-ai-tekoaly-tyontekijaymmarryksen-tukena\\\/\",\"name\":\"Siqni AI \u2013 teko\u00e4ly ty\u00f6ntekij\u00e4ymm\u00e4rryksen tukena - Siqni EX\",\"isPartOf\":{\"@id\":\"https:\\\/\\\/www.siqni.fi\\\/ex\\\/#website\"},\"datePublished\":\"2025-05-06T11:38:18+00:00\",\"dateModified\":\"2025-05-06T11:43:02+00:00\",\"description\":\"Siqni AI on teko\u00e4lypohjainen ty\u00f6kalu, joka syvent\u00e4\u00e4 ty\u00f6ntekij\u00e4ymm\u00e4rryst\u00e4 analysoimalla henkil\u00f6st\u00f6dataa teko\u00e4lyavusteisesti. Sen avulla organisaatiot voivat tunnistaa, mik\u00e4 motivoi ty\u00f6ntekij\u00f6it\u00e4 ja edist\u00e4\u00e4 liiketoiminnan tavoitteita. Siqni AI:n ominaisuuksiin kuuluvat muun muassa Ask Kiddy -teko\u00e4lyavustaja, monikieliset k\u00e4\u00e4nn\u00f6kset ja tiivistetyt yhteenvetoraportit, jotka tukevat johtoa p\u00e4\u00e4t\u00f6ksenteossa.\",\"breadcrumb\":{\"@id\":\"https:\\\/\\\/www.siqni.fi\\\/ex\\\/taman-vuosituhannen-henkilostokysely\\\/siqni-ai-tekoaly-tyontekijaymmarryksen-tukena\\\/#breadcrumb\"},\"inLanguage\":\"fi\",\"potentialAction\":[{\"@type\":\"ReadAction\",\"target\":[\"https:\\\/\\\/www.siqni.fi\\\/ex\\\/taman-vuosituhannen-henkilostokysely\\\/siqni-ai-tekoaly-tyontekijaymmarryksen-tukena\\\/\"]}]},{\"@type\":\"BreadcrumbList\",\"@id\":\"https:\\\/\\\/www.siqni.fi\\\/ex\\\/taman-vuosituhannen-henkilostokysely\\\/siqni-ai-tekoaly-tyontekijaymmarryksen-tukena\\\/#breadcrumb\",\"itemListElement\":[{\"@type\":\"ListItem\",\"position\":1,\"name\":\"Etusivu\",\"item\":\"https:\\\/\\\/www.siqni.fi\\\/ex\\\/\"},{\"@type\":\"ListItem\",\"position\":2,\"name\":\"Miksi Siqni?\",\"item\":\"https:\\\/\\\/www.siqni.fi\\\/ex\\\/taman-vuosituhannen-henkilostokysely\\\/\"},{\"@type\":\"ListItem\",\"position\":3,\"name\":\"Siqni AI \u2013 teko\u00e4ly ty\u00f6ntekij\u00e4ymm\u00e4rryksen tukena\"}]},{\"@type\":\"WebSite\",\"@id\":\"https:\\\/\\\/www.siqni.fi\\\/ex\\\/#website\",\"url\":\"https:\\\/\\\/www.siqni.fi\\\/ex\\\/\",\"name\":\"Siqni EX\",\"description\":\"T\u00e4m\u00e4n vuosituhannen henkil\u00f6st\u00f6kysely\",\"potentialAction\":[{\"@type\":\"SearchAction\",\"target\":{\"@type\":\"EntryPoint\",\"urlTemplate\":\"https:\\\/\\\/www.siqni.fi\\\/ex\\\/?s={search_term_string}\"},\"query-input\":{\"@type\":\"PropertyValueSpecification\",\"valueRequired\":true,\"valueName\":\"search_term_string\"}}],\"inLanguage\":\"fi\"}]}<\/script>\n<!-- \/ Yoast SEO plugin. -->","yoast_head_json":{"title":"Siqni AI \u2013 teko\u00e4ly ty\u00f6ntekij\u00e4ymm\u00e4rryksen tukena - Siqni EX","description":"Siqni AI on teko\u00e4lypohjainen ty\u00f6kalu, joka syvent\u00e4\u00e4 ty\u00f6ntekij\u00e4ymm\u00e4rryst\u00e4 analysoimalla henkil\u00f6st\u00f6dataa teko\u00e4lyavusteisesti. Sen avulla organisaatiot voivat tunnistaa, mik\u00e4 motivoi ty\u00f6ntekij\u00f6it\u00e4 ja edist\u00e4\u00e4 liiketoiminnan tavoitteita. Siqni AI:n ominaisuuksiin kuuluvat muun muassa Ask Kiddy -teko\u00e4lyavustaja, monikieliset k\u00e4\u00e4nn\u00f6kset ja tiivistetyt yhteenvetoraportit, jotka tukevat johtoa p\u00e4\u00e4t\u00f6ksenteossa.","robots":{"index":"index","follow":"follow","max-snippet":"max-snippet:-1","max-image-preview":"max-image-preview:large","max-video-preview":"max-video-preview:-1"},"canonical":"https:\/\/www.siqni.fi\/ex\/taman-vuosituhannen-henkilostokysely\/siqni-ai-tekoaly-tyontekijaymmarryksen-tukena\/","og_locale":"fi_FI","og_type":"article","og_title":"Siqni AI \u2013 teko\u00e4ly ty\u00f6ntekij\u00e4ymm\u00e4rryksen tukena - Siqni EX","og_description":"Siqni AI on teko\u00e4lypohjainen ty\u00f6kalu, joka syvent\u00e4\u00e4 ty\u00f6ntekij\u00e4ymm\u00e4rryst\u00e4 analysoimalla henkil\u00f6st\u00f6dataa teko\u00e4lyavusteisesti. Sen avulla organisaatiot voivat tunnistaa, mik\u00e4 motivoi ty\u00f6ntekij\u00f6it\u00e4 ja edist\u00e4\u00e4 liiketoiminnan tavoitteita. Siqni AI:n ominaisuuksiin kuuluvat muun muassa Ask Kiddy -teko\u00e4lyavustaja, monikieliset k\u00e4\u00e4nn\u00f6kset ja tiivistetyt yhteenvetoraportit, jotka tukevat johtoa p\u00e4\u00e4t\u00f6ksenteossa.","og_url":"https:\/\/www.siqni.fi\/ex\/taman-vuosituhannen-henkilostokysely\/siqni-ai-tekoaly-tyontekijaymmarryksen-tukena\/","og_site_name":"Siqni EX","article_modified_time":"2025-05-06T11:43:02+00:00","twitter_card":"summary_large_image","schema":{"@context":"https:\/\/schema.org","@graph":[{"@type":"WebPage","@id":"https:\/\/www.siqni.fi\/ex\/taman-vuosituhannen-henkilostokysely\/siqni-ai-tekoaly-tyontekijaymmarryksen-tukena\/","url":"https:\/\/www.siqni.fi\/ex\/taman-vuosituhannen-henkilostokysely\/siqni-ai-tekoaly-tyontekijaymmarryksen-tukena\/","name":"Siqni AI \u2013 teko\u00e4ly ty\u00f6ntekij\u00e4ymm\u00e4rryksen tukena - Siqni EX","isPartOf":{"@id":"https:\/\/www.siqni.fi\/ex\/#website"},"datePublished":"2025-05-06T11:38:18+00:00","dateModified":"2025-05-06T11:43:02+00:00","description":"Siqni AI on teko\u00e4lypohjainen ty\u00f6kalu, joka syvent\u00e4\u00e4 ty\u00f6ntekij\u00e4ymm\u00e4rryst\u00e4 analysoimalla henkil\u00f6st\u00f6dataa teko\u00e4lyavusteisesti. Sen avulla organisaatiot voivat tunnistaa, mik\u00e4 motivoi ty\u00f6ntekij\u00f6it\u00e4 ja edist\u00e4\u00e4 liiketoiminnan tavoitteita. Siqni AI:n ominaisuuksiin kuuluvat muun muassa Ask Kiddy -teko\u00e4lyavustaja, monikieliset k\u00e4\u00e4nn\u00f6kset ja tiivistetyt yhteenvetoraportit, jotka tukevat johtoa p\u00e4\u00e4t\u00f6ksenteossa.","breadcrumb":{"@id":"https:\/\/www.siqni.fi\/ex\/taman-vuosituhannen-henkilostokysely\/siqni-ai-tekoaly-tyontekijaymmarryksen-tukena\/#breadcrumb"},"inLanguage":"fi","potentialAction":[{"@type":"ReadAction","target":["https:\/\/www.siqni.fi\/ex\/taman-vuosituhannen-henkilostokysely\/siqni-ai-tekoaly-tyontekijaymmarryksen-tukena\/"]}]},{"@type":"BreadcrumbList","@id":"https:\/\/www.siqni.fi\/ex\/taman-vuosituhannen-henkilostokysely\/siqni-ai-tekoaly-tyontekijaymmarryksen-tukena\/#breadcrumb","itemListElement":[{"@type":"ListItem","position":1,"name":"Etusivu","item":"https:\/\/www.siqni.fi\/ex\/"},{"@type":"ListItem","position":2,"name":"Miksi Siqni?","item":"https:\/\/www.siqni.fi\/ex\/taman-vuosituhannen-henkilostokysely\/"},{"@type":"ListItem","position":3,"name":"Siqni AI \u2013 teko\u00e4ly ty\u00f6ntekij\u00e4ymm\u00e4rryksen tukena"}]},{"@type":"WebSite","@id":"https:\/\/www.siqni.fi\/ex\/#website","url":"https:\/\/www.siqni.fi\/ex\/","name":"Siqni EX","description":"T\u00e4m\u00e4n vuosituhannen henkil\u00f6st\u00f6kysely","potentialAction":[{"@type":"SearchAction","target":{"@type":"EntryPoint","urlTemplate":"https:\/\/www.siqni.fi\/ex\/?s={search_term_string}"},"query-input":{"@type":"PropertyValueSpecification","valueRequired":true,"valueName":"search_term_string"}}],"inLanguage":"fi"}]}},"lang":"fi","translations":{"fi":17015},"pll_sync_post":{},"_links":{"self":[{"href":"https:\/\/www.siqni.fi\/ex\/wp-json\/wp\/v2\/pages\/17015","targetHints":{"allow":["GET"]}}],"collection":[{"href":"https:\/\/www.siqni.fi\/ex\/wp-json\/wp\/v2\/pages"}],"about":[{"href":"https:\/\/www.siqni.fi\/ex\/wp-json\/wp\/v2\/types\/page"}],"author":[{"embeddable":true,"href":"https:\/\/www.siqni.fi\/ex\/wp-json\/wp\/v2\/users\/13"}],"replies":[{"embeddable":true,"href":"https:\/\/www.siqni.fi\/ex\/wp-json\/wp\/v2\/comments?post=17015"}],"version-history":[{"count":21,"href":"https:\/\/www.siqni.fi\/ex\/wp-json\/wp\/v2\/pages\/17015\/revisions"}],"predecessor-version":[{"id":17036,"href":"https:\/\/www.siqni.fi\/ex\/wp-json\/wp\/v2\/pages\/17015\/revisions\/17036"}],"up":[{"embeddable":true,"href":"https:\/\/www.siqni.fi\/ex\/wp-json\/wp\/v2\/pages\/14651"}],"wp:attachment":[{"href":"https:\/\/www.siqni.fi\/ex\/wp-json\/wp\/v2\/media?parent=17015"}],"curies":[{"name":"wp","href":"https:\/\/api.w.org\/{rel}","templated":true}]}}