{"id":20,"date":"2017-07-21T16:23:34","date_gmt":"2017-07-21T13:23:34","guid":{"rendered":"https:\/\/www.siqni.fi\/ex\/?page_id=20"},"modified":"2022-09-14T16:04:57","modified_gmt":"2022-09-14T13:04:57","slug":"helppo-ja-nopea-henkilostokysely","status":"publish","type":"page","link":"https:\/\/www.siqni.fi\/ex\/helppo-ja-nopea-henkilostokysely\/","title":{"rendered":"Helppo ja nopea henkil\u00f6st\u00f6kysely"},"content":{"rendered":"","protected":false},"excerpt":{"rendered":"<p>Siqni on nopeasti ja helposti toteutettavissa oleva henkil\u00f6st\u00f6kysely. Olemme panostaneet palvelumme helppok\u00e4ytt\u00f6isyyteen kaikilla tasoilla. Siqnin k\u00e4ynnistys, l\u00e4pivienti ja tulosten jalkautus, eiv\u00e4t (juurikaan) rasita henkil\u00f6st\u00f6hallintoa tai tiimien esihenkil\u00f6it\u00e4.<br \/>\nAsiantunteva ja palvelualtis tiimimme on aina valmiina auttamaan.<\/p>\n","protected":false},"author":1,"featured_media":0,"parent":0,"menu_order":2,"comment_status":"closed","ping_status":"closed","template":"page-templates\/template-features.php","meta":{"_acf_changed":false,"content-type":"","footnotes":""},"class_list":["post-20","page","type-page","status-publish","hentry"],"acf":[],"yoast_head":"<!-- This site is optimized with the Yoast SEO plugin v27.4 - https:\/\/yoast.com\/product\/yoast-seo-wordpress\/ -->\n<title>Helppo ja nopea henkil\u00f6st\u00f6kysely | Siqni henkil\u00f6st\u00f6kysely<\/title>\n<meta name=\"description\" content=\"Siqni on helppo ja nopea henkil\u00f6st\u00f6kysely. Saat vahvan tuen ja selke\u00e4n tukimateriaalin kyselyn toteuttamiseen. Pyyd\u00e4 demo!\" \/>\n<meta name=\"robots\" content=\"index, follow, max-snippet:-1, max-image-preview:large, max-video-preview:-1\" \/>\n<link rel=\"canonical\" href=\"https:\/\/www.siqni.fi\/ex\/helppo-ja-nopea-henkilostokysely\/\" \/>\n<meta property=\"og:locale\" content=\"fi_FI\" \/>\n<meta property=\"og:type\" content=\"article\" \/>\n<meta property=\"og:title\" content=\"Helppo ja nopea henkil\u00f6st\u00f6kysely | Siqni henkil\u00f6st\u00f6kysely\" \/>\n<meta property=\"og:description\" content=\"Siqni on helppo ja nopea henkil\u00f6st\u00f6kysely. Saat vahvan tuen ja selke\u00e4n tukimateriaalin kyselyn toteuttamiseen. Pyyd\u00e4 demo!\" \/>\n<meta property=\"og:url\" content=\"https:\/\/www.siqni.fi\/ex\/helppo-ja-nopea-henkilostokysely\/\" \/>\n<meta property=\"og:site_name\" content=\"Siqni EX\" \/>\n<meta property=\"article:modified_time\" content=\"2022-09-14T13:04:57+00:00\" \/>\n<meta name=\"twitter:card\" content=\"summary_large_image\" \/>\n<script type=\"application\/ld+json\" class=\"yoast-schema-graph\">{\"@context\":\"https:\\\/\\\/schema.org\",\"@graph\":[{\"@type\":\"WebPage\",\"@id\":\"https:\\\/\\\/www.siqni.fi\\\/ex\\\/helppo-ja-nopea-henkilostokysely\\\/\",\"url\":\"https:\\\/\\\/www.siqni.fi\\\/ex\\\/helppo-ja-nopea-henkilostokysely\\\/\",\"name\":\"Helppo ja nopea henkil\u00f6st\u00f6kysely | Siqni henkil\u00f6st\u00f6kysely\",\"isPartOf\":{\"@id\":\"https:\\\/\\\/www.siqni.fi\\\/ex\\\/#website\"},\"datePublished\":\"2017-07-21T13:23:34+00:00\",\"dateModified\":\"2022-09-14T13:04:57+00:00\",\"description\":\"Siqni on helppo ja nopea henkil\u00f6st\u00f6kysely. Saat vahvan tuen ja selke\u00e4n tukimateriaalin kyselyn toteuttamiseen. Pyyd\u00e4 demo!\",\"breadcrumb\":{\"@id\":\"https:\\\/\\\/www.siqni.fi\\\/ex\\\/helppo-ja-nopea-henkilostokysely\\\/#breadcrumb\"},\"inLanguage\":\"fi\",\"potentialAction\":[{\"@type\":\"ReadAction\",\"target\":[\"https:\\\/\\\/www.siqni.fi\\\/ex\\\/helppo-ja-nopea-henkilostokysely\\\/\"]}]},{\"@type\":\"BreadcrumbList\",\"@id\":\"https:\\\/\\\/www.siqni.fi\\\/ex\\\/helppo-ja-nopea-henkilostokysely\\\/#breadcrumb\",\"itemListElement\":[{\"@type\":\"ListItem\",\"position\":1,\"name\":\"Etusivu\",\"item\":\"https:\\\/\\\/www.siqni.fi\\\/ex\\\/\"},{\"@type\":\"ListItem\",\"position\":2,\"name\":\"Helppo ja nopea henkil\u00f6st\u00f6kysely\"}]},{\"@type\":\"WebSite\",\"@id\":\"https:\\\/\\\/www.siqni.fi\\\/ex\\\/#website\",\"url\":\"https:\\\/\\\/www.siqni.fi\\\/ex\\\/\",\"name\":\"Siqni EX\",\"description\":\"T\u00e4m\u00e4n vuosituhannen henkil\u00f6st\u00f6kysely\",\"potentialAction\":[{\"@type\":\"SearchAction\",\"target\":{\"@type\":\"EntryPoint\",\"urlTemplate\":\"https:\\\/\\\/www.siqni.fi\\\/ex\\\/?s={search_term_string}\"},\"query-input\":{\"@type\":\"PropertyValueSpecification\",\"valueRequired\":true,\"valueName\":\"search_term_string\"}}],\"inLanguage\":\"fi\"}]}<\/script>\n<!-- \/ Yoast SEO plugin. -->","yoast_head_json":{"title":"Helppo ja nopea henkil\u00f6st\u00f6kysely | Siqni henkil\u00f6st\u00f6kysely","description":"Siqni on helppo ja nopea henkil\u00f6st\u00f6kysely. Saat vahvan tuen ja selke\u00e4n tukimateriaalin kyselyn toteuttamiseen. Pyyd\u00e4 demo!","robots":{"index":"index","follow":"follow","max-snippet":"max-snippet:-1","max-image-preview":"max-image-preview:large","max-video-preview":"max-video-preview:-1"},"canonical":"https:\/\/www.siqni.fi\/ex\/helppo-ja-nopea-henkilostokysely\/","og_locale":"fi_FI","og_type":"article","og_title":"Helppo ja nopea henkil\u00f6st\u00f6kysely | Siqni henkil\u00f6st\u00f6kysely","og_description":"Siqni on helppo ja nopea henkil\u00f6st\u00f6kysely. Saat vahvan tuen ja selke\u00e4n tukimateriaalin kyselyn toteuttamiseen. Pyyd\u00e4 demo!","og_url":"https:\/\/www.siqni.fi\/ex\/helppo-ja-nopea-henkilostokysely\/","og_site_name":"Siqni EX","article_modified_time":"2022-09-14T13:04:57+00:00","twitter_card":"summary_large_image","schema":{"@context":"https:\/\/schema.org","@graph":[{"@type":"WebPage","@id":"https:\/\/www.siqni.fi\/ex\/helppo-ja-nopea-henkilostokysely\/","url":"https:\/\/www.siqni.fi\/ex\/helppo-ja-nopea-henkilostokysely\/","name":"Helppo ja nopea henkil\u00f6st\u00f6kysely | Siqni henkil\u00f6st\u00f6kysely","isPartOf":{"@id":"https:\/\/www.siqni.fi\/ex\/#website"},"datePublished":"2017-07-21T13:23:34+00:00","dateModified":"2022-09-14T13:04:57+00:00","description":"Siqni on helppo ja nopea henkil\u00f6st\u00f6kysely. Saat vahvan tuen ja selke\u00e4n tukimateriaalin kyselyn toteuttamiseen. Pyyd\u00e4 demo!","breadcrumb":{"@id":"https:\/\/www.siqni.fi\/ex\/helppo-ja-nopea-henkilostokysely\/#breadcrumb"},"inLanguage":"fi","potentialAction":[{"@type":"ReadAction","target":["https:\/\/www.siqni.fi\/ex\/helppo-ja-nopea-henkilostokysely\/"]}]},{"@type":"BreadcrumbList","@id":"https:\/\/www.siqni.fi\/ex\/helppo-ja-nopea-henkilostokysely\/#breadcrumb","itemListElement":[{"@type":"ListItem","position":1,"name":"Etusivu","item":"https:\/\/www.siqni.fi\/ex\/"},{"@type":"ListItem","position":2,"name":"Helppo ja nopea henkil\u00f6st\u00f6kysely"}]},{"@type":"WebSite","@id":"https:\/\/www.siqni.fi\/ex\/#website","url":"https:\/\/www.siqni.fi\/ex\/","name":"Siqni EX","description":"T\u00e4m\u00e4n vuosituhannen henkil\u00f6st\u00f6kysely","potentialAction":[{"@type":"SearchAction","target":{"@type":"EntryPoint","urlTemplate":"https:\/\/www.siqni.fi\/ex\/?s={search_term_string}"},"query-input":{"@type":"PropertyValueSpecification","valueRequired":true,"valueName":"search_term_string"}}],"inLanguage":"fi"}]}},"lang":"fi","translations":{"fi":20,"en":727},"pll_sync_post":[],"_links":{"self":[{"href":"https:\/\/www.siqni.fi\/ex\/wp-json\/wp\/v2\/pages\/20","targetHints":{"allow":["GET"]}}],"collection":[{"href":"https:\/\/www.siqni.fi\/ex\/wp-json\/wp\/v2\/pages"}],"about":[{"href":"https:\/\/www.siqni.fi\/ex\/wp-json\/wp\/v2\/types\/page"}],"author":[{"embeddable":true,"href":"https:\/\/www.siqni.fi\/ex\/wp-json\/wp\/v2\/users\/1"}],"replies":[{"embeddable":true,"href":"https:\/\/www.siqni.fi\/ex\/wp-json\/wp\/v2\/comments?post=20"}],"version-history":[{"count":32,"href":"https:\/\/www.siqni.fi\/ex\/wp-json\/wp\/v2\/pages\/20\/revisions"}],"predecessor-version":[{"id":15659,"href":"https:\/\/www.siqni.fi\/ex\/wp-json\/wp\/v2\/pages\/20\/revisions\/15659"}],"wp:attachment":[{"href":"https:\/\/www.siqni.fi\/ex\/wp-json\/wp\/v2\/media?parent=20"}],"curies":[{"name":"wp","href":"https:\/\/api.w.org\/{rel}","templated":true}]}}