{"id":65,"date":"2017-09-05T08:20:44","date_gmt":"2017-09-05T05:20:44","guid":{"rendered":"https:\/\/www.siqni.fi\/ex\/?page_id=65"},"modified":"2023-07-31T13:43:30","modified_gmt":"2023-07-31T10:43:30","slug":"sain-kutsun-vastata-siqniin","status":"publish","type":"page","link":"https:\/\/www.siqni.fi\/ex\/asiakkaille\/sain-kutsun-vastata-siqniin\/","title":{"rendered":"Sain kutsun vastata Siqniin"},"content":{"rendered":"","protected":false},"excerpt":{"rendered":"<p>Valitettavan usein henkil\u00f6st\u00f6kyselyn t\u00e4ytt\u00e4minen on ty\u00f6ntekij\u00e4lle tyls\u00e4 ja mit\u00e4\u00e4nsanomaton kokemus. Onneksi t\u00e4m\u00e4(kin) asia voidaan muuttaa ja tehd\u00e4 toisin. <\/p>\n","protected":false},"author":2,"featured_media":0,"parent":9392,"menu_order":40,"comment_status":"closed","ping_status":"closed","template":"page-templates\/template-features.php","meta":{"_acf_changed":false,"content-type":"","footnotes":""},"class_list":["post-65","page","type-page","status-publish","hentry"],"acf":[],"yoast_head":"<!-- This site is optimized with the Yoast SEO plugin v27.6 - https:\/\/yoast.com\/product\/yoast-seo-wordpress\/ -->\n<title>Sain kutsun vastata Siqni henkil\u00f6st\u00f6kyselyyn | Siqni henkil\u00f6st\u00f6kysely<\/title>\n<meta name=\"description\" content=\"Siqni -kyselyn t\u00e4ytt\u00e4minen on ty\u00f6ntekij\u00e4lle antoisa ja kehitt\u00e4v\u00e4 kokemus. Siqni -kokemus jatkuu my\u00f6s kyselyn t\u00e4ytt\u00e4misen j\u00e4lkeen, sill\u00e4 jokainen Siqni-vastaaja saa yhteenvedon omista vastauksistaan s\u00e4hk\u00f6postiinsa.\" \/>\n<meta name=\"robots\" content=\"index, follow, max-snippet:-1, max-image-preview:large, max-video-preview:-1\" \/>\n<link rel=\"canonical\" href=\"https:\/\/www.siqni.fi\/ex\/asiakkaille\/sain-kutsun-vastata-siqniin\/\" \/>\n<meta property=\"og:locale\" content=\"fi_FI\" \/>\n<meta property=\"og:type\" content=\"article\" \/>\n<meta property=\"og:title\" content=\"Sain kutsun vastata Siqni henkil\u00f6st\u00f6kyselyyn | Siqni henkil\u00f6st\u00f6kysely\" \/>\n<meta property=\"og:description\" content=\"Siqni -kyselyn t\u00e4ytt\u00e4minen on ty\u00f6ntekij\u00e4lle antoisa ja kehitt\u00e4v\u00e4 kokemus. Siqni -kokemus jatkuu my\u00f6s kyselyn t\u00e4ytt\u00e4misen j\u00e4lkeen, sill\u00e4 jokainen Siqni-vastaaja saa yhteenvedon omista vastauksistaan s\u00e4hk\u00f6postiinsa.\" \/>\n<meta property=\"og:url\" content=\"https:\/\/www.siqni.fi\/ex\/asiakkaille\/sain-kutsun-vastata-siqniin\/\" \/>\n<meta property=\"og:site_name\" content=\"Siqni EX\" \/>\n<meta property=\"article:modified_time\" content=\"2023-07-31T10:43:30+00:00\" \/>\n<meta name=\"twitter:card\" content=\"summary_large_image\" \/>\n<script type=\"application\/ld+json\" class=\"yoast-schema-graph\">{\"@context\":\"https:\\\/\\\/schema.org\",\"@graph\":[{\"@type\":\"WebPage\",\"@id\":\"https:\\\/\\\/www.siqni.fi\\\/ex\\\/asiakkaille\\\/sain-kutsun-vastata-siqniin\\\/\",\"url\":\"https:\\\/\\\/www.siqni.fi\\\/ex\\\/asiakkaille\\\/sain-kutsun-vastata-siqniin\\\/\",\"name\":\"Sain kutsun vastata Siqni henkil\u00f6st\u00f6kyselyyn | Siqni henkil\u00f6st\u00f6kysely\",\"isPartOf\":{\"@id\":\"https:\\\/\\\/www.siqni.fi\\\/ex\\\/#website\"},\"datePublished\":\"2017-09-05T05:20:44+00:00\",\"dateModified\":\"2023-07-31T10:43:30+00:00\",\"description\":\"Siqni -kyselyn t\u00e4ytt\u00e4minen on ty\u00f6ntekij\u00e4lle antoisa ja kehitt\u00e4v\u00e4 kokemus. Siqni -kokemus jatkuu my\u00f6s kyselyn t\u00e4ytt\u00e4misen j\u00e4lkeen, sill\u00e4 jokainen Siqni-vastaaja saa yhteenvedon omista vastauksistaan s\u00e4hk\u00f6postiinsa.\",\"breadcrumb\":{\"@id\":\"https:\\\/\\\/www.siqni.fi\\\/ex\\\/asiakkaille\\\/sain-kutsun-vastata-siqniin\\\/#breadcrumb\"},\"inLanguage\":\"fi\",\"potentialAction\":[{\"@type\":\"ReadAction\",\"target\":[\"https:\\\/\\\/www.siqni.fi\\\/ex\\\/asiakkaille\\\/sain-kutsun-vastata-siqniin\\\/\"]}]},{\"@type\":\"BreadcrumbList\",\"@id\":\"https:\\\/\\\/www.siqni.fi\\\/ex\\\/asiakkaille\\\/sain-kutsun-vastata-siqniin\\\/#breadcrumb\",\"itemListElement\":[{\"@type\":\"ListItem\",\"position\":1,\"name\":\"Etusivu\",\"item\":\"https:\\\/\\\/www.siqni.fi\\\/ex\\\/\"},{\"@type\":\"ListItem\",\"position\":2,\"name\":\"Tuki\",\"item\":\"https:\\\/\\\/www.siqni.fi\\\/ex\\\/asiakkaille\\\/\"},{\"@type\":\"ListItem\",\"position\":3,\"name\":\"Sain kutsun vastata Siqniin\"}]},{\"@type\":\"WebSite\",\"@id\":\"https:\\\/\\\/www.siqni.fi\\\/ex\\\/#website\",\"url\":\"https:\\\/\\\/www.siqni.fi\\\/ex\\\/\",\"name\":\"Siqni EX\",\"description\":\"T\u00e4m\u00e4n vuosituhannen henkil\u00f6st\u00f6kysely\",\"potentialAction\":[{\"@type\":\"SearchAction\",\"target\":{\"@type\":\"EntryPoint\",\"urlTemplate\":\"https:\\\/\\\/www.siqni.fi\\\/ex\\\/?s={search_term_string}\"},\"query-input\":{\"@type\":\"PropertyValueSpecification\",\"valueRequired\":true,\"valueName\":\"search_term_string\"}}],\"inLanguage\":\"fi\"}]}<\/script>\n<!-- \/ Yoast SEO plugin. -->","yoast_head_json":{"title":"Sain kutsun vastata Siqni henkil\u00f6st\u00f6kyselyyn | Siqni henkil\u00f6st\u00f6kysely","description":"Siqni -kyselyn t\u00e4ytt\u00e4minen on ty\u00f6ntekij\u00e4lle antoisa ja kehitt\u00e4v\u00e4 kokemus. Siqni -kokemus jatkuu my\u00f6s kyselyn t\u00e4ytt\u00e4misen j\u00e4lkeen, sill\u00e4 jokainen Siqni-vastaaja saa yhteenvedon omista vastauksistaan s\u00e4hk\u00f6postiinsa.","robots":{"index":"index","follow":"follow","max-snippet":"max-snippet:-1","max-image-preview":"max-image-preview:large","max-video-preview":"max-video-preview:-1"},"canonical":"https:\/\/www.siqni.fi\/ex\/asiakkaille\/sain-kutsun-vastata-siqniin\/","og_locale":"fi_FI","og_type":"article","og_title":"Sain kutsun vastata Siqni henkil\u00f6st\u00f6kyselyyn | Siqni henkil\u00f6st\u00f6kysely","og_description":"Siqni -kyselyn t\u00e4ytt\u00e4minen on ty\u00f6ntekij\u00e4lle antoisa ja kehitt\u00e4v\u00e4 kokemus. Siqni -kokemus jatkuu my\u00f6s kyselyn t\u00e4ytt\u00e4misen j\u00e4lkeen, sill\u00e4 jokainen Siqni-vastaaja saa yhteenvedon omista vastauksistaan s\u00e4hk\u00f6postiinsa.","og_url":"https:\/\/www.siqni.fi\/ex\/asiakkaille\/sain-kutsun-vastata-siqniin\/","og_site_name":"Siqni EX","article_modified_time":"2023-07-31T10:43:30+00:00","twitter_card":"summary_large_image","schema":{"@context":"https:\/\/schema.org","@graph":[{"@type":"WebPage","@id":"https:\/\/www.siqni.fi\/ex\/asiakkaille\/sain-kutsun-vastata-siqniin\/","url":"https:\/\/www.siqni.fi\/ex\/asiakkaille\/sain-kutsun-vastata-siqniin\/","name":"Sain kutsun vastata Siqni henkil\u00f6st\u00f6kyselyyn | Siqni henkil\u00f6st\u00f6kysely","isPartOf":{"@id":"https:\/\/www.siqni.fi\/ex\/#website"},"datePublished":"2017-09-05T05:20:44+00:00","dateModified":"2023-07-31T10:43:30+00:00","description":"Siqni -kyselyn t\u00e4ytt\u00e4minen on ty\u00f6ntekij\u00e4lle antoisa ja kehitt\u00e4v\u00e4 kokemus. Siqni -kokemus jatkuu my\u00f6s kyselyn t\u00e4ytt\u00e4misen j\u00e4lkeen, sill\u00e4 jokainen Siqni-vastaaja saa yhteenvedon omista vastauksistaan s\u00e4hk\u00f6postiinsa.","breadcrumb":{"@id":"https:\/\/www.siqni.fi\/ex\/asiakkaille\/sain-kutsun-vastata-siqniin\/#breadcrumb"},"inLanguage":"fi","potentialAction":[{"@type":"ReadAction","target":["https:\/\/www.siqni.fi\/ex\/asiakkaille\/sain-kutsun-vastata-siqniin\/"]}]},{"@type":"BreadcrumbList","@id":"https:\/\/www.siqni.fi\/ex\/asiakkaille\/sain-kutsun-vastata-siqniin\/#breadcrumb","itemListElement":[{"@type":"ListItem","position":1,"name":"Etusivu","item":"https:\/\/www.siqni.fi\/ex\/"},{"@type":"ListItem","position":2,"name":"Tuki","item":"https:\/\/www.siqni.fi\/ex\/asiakkaille\/"},{"@type":"ListItem","position":3,"name":"Sain kutsun vastata Siqniin"}]},{"@type":"WebSite","@id":"https:\/\/www.siqni.fi\/ex\/#website","url":"https:\/\/www.siqni.fi\/ex\/","name":"Siqni EX","description":"T\u00e4m\u00e4n vuosituhannen henkil\u00f6st\u00f6kysely","potentialAction":[{"@type":"SearchAction","target":{"@type":"EntryPoint","urlTemplate":"https:\/\/www.siqni.fi\/ex\/?s={search_term_string}"},"query-input":{"@type":"PropertyValueSpecification","valueRequired":true,"valueName":"search_term_string"}}],"inLanguage":"fi"}]}},"lang":"fi","translations":{"fi":65,"sv":13148,"en":729},"pll_sync_post":{},"_links":{"self":[{"href":"https:\/\/www.siqni.fi\/ex\/wp-json\/wp\/v2\/pages\/65","targetHints":{"allow":["GET"]}}],"collection":[{"href":"https:\/\/www.siqni.fi\/ex\/wp-json\/wp\/v2\/pages"}],"about":[{"href":"https:\/\/www.siqni.fi\/ex\/wp-json\/wp\/v2\/types\/page"}],"author":[{"embeddable":true,"href":"https:\/\/www.siqni.fi\/ex\/wp-json\/wp\/v2\/users\/2"}],"replies":[{"embeddable":true,"href":"https:\/\/www.siqni.fi\/ex\/wp-json\/wp\/v2\/comments?post=65"}],"version-history":[{"count":36,"href":"https:\/\/www.siqni.fi\/ex\/wp-json\/wp\/v2\/pages\/65\/revisions"}],"predecessor-version":[{"id":16724,"href":"https:\/\/www.siqni.fi\/ex\/wp-json\/wp\/v2\/pages\/65\/revisions\/16724"}],"up":[{"embeddable":true,"href":"https:\/\/www.siqni.fi\/ex\/wp-json\/wp\/v2\/pages\/9392"}],"wp:attachment":[{"href":"https:\/\/www.siqni.fi\/ex\/wp-json\/wp\/v2\/media?parent=65"}],"curies":[{"name":"wp","href":"https:\/\/api.w.org\/{rel}","templated":true}]}}