{"id":71,"date":"2017-07-21T17:10:05","date_gmt":"2017-07-21T14:10:05","guid":{"rendered":"https:\/\/www.siqni.fi\/ex\/?page_id=71"},"modified":"2025-08-04T15:17:52","modified_gmt":"2025-08-04T12:17:52","slug":"ota-yhteytta","status":"publish","type":"page","link":"https:\/\/www.siqni.fi\/ex\/ota-yhteytta\/","title":{"rendered":"Ota yhteytt\u00e4"},"content":{"rendered":"","protected":false},"excerpt":{"rendered":"<p>Her\u00e4sik\u00f6 kysytt\u00e4v\u00e4\u00e4? Ota meihin rohkeasti yhteytt\u00e4.<\/p>\n","protected":false},"author":1,"featured_media":0,"parent":0,"menu_order":0,"comment_status":"closed","ping_status":"closed","template":"page-templates\/template-flexible-blocks.php","meta":{"_acf_changed":false,"content-type":"","footnotes":""},"class_list":["post-71","page","type-page","status-publish","hentry"],"acf":[],"yoast_head":"<!-- This site is optimized with the Yoast SEO plugin v27.4 - https:\/\/yoast.com\/product\/yoast-seo-wordpress\/ -->\n<title>Ota yhteytt\u00e4 meihin | Siqni<\/title>\n<meta name=\"robots\" content=\"index, follow, max-snippet:-1, max-image-preview:large, max-video-preview:-1\" \/>\n<link rel=\"canonical\" href=\"https:\/\/www.siqni.fi\/ex\/ota-yhteytta\/\" \/>\n<meta property=\"og:locale\" content=\"fi_FI\" \/>\n<meta property=\"og:type\" content=\"article\" \/>\n<meta property=\"og:title\" content=\"Ota yhteytt\u00e4 meihin | Siqni\" \/>\n<meta property=\"og:description\" content=\"Her\u00e4sik\u00f6 kysytt\u00e4v\u00e4\u00e4? Ota meihin rohkeasti yhteytt\u00e4.\" \/>\n<meta property=\"og:url\" content=\"https:\/\/www.siqni.fi\/ex\/ota-yhteytta\/\" \/>\n<meta property=\"og:site_name\" content=\"Siqni EX\" \/>\n<meta property=\"article:modified_time\" content=\"2025-08-04T12:17:52+00:00\" \/>\n<meta name=\"twitter:card\" content=\"summary_large_image\" \/>\n<script type=\"application\/ld+json\" class=\"yoast-schema-graph\">{\"@context\":\"https:\\\/\\\/schema.org\",\"@graph\":[{\"@type\":\"WebPage\",\"@id\":\"https:\\\/\\\/www.siqni.fi\\\/ex\\\/ota-yhteytta\\\/\",\"url\":\"https:\\\/\\\/www.siqni.fi\\\/ex\\\/ota-yhteytta\\\/\",\"name\":\"Ota yhteytt\u00e4 meihin | Siqni\",\"isPartOf\":{\"@id\":\"https:\\\/\\\/www.siqni.fi\\\/ex\\\/#website\"},\"datePublished\":\"2017-07-21T14:10:05+00:00\",\"dateModified\":\"2025-08-04T12:17:52+00:00\",\"breadcrumb\":{\"@id\":\"https:\\\/\\\/www.siqni.fi\\\/ex\\\/ota-yhteytta\\\/#breadcrumb\"},\"inLanguage\":\"fi\",\"potentialAction\":[{\"@type\":\"ReadAction\",\"target\":[\"https:\\\/\\\/www.siqni.fi\\\/ex\\\/ota-yhteytta\\\/\"]}]},{\"@type\":\"BreadcrumbList\",\"@id\":\"https:\\\/\\\/www.siqni.fi\\\/ex\\\/ota-yhteytta\\\/#breadcrumb\",\"itemListElement\":[{\"@type\":\"ListItem\",\"position\":1,\"name\":\"Etusivu\",\"item\":\"https:\\\/\\\/www.siqni.fi\\\/ex\\\/\"},{\"@type\":\"ListItem\",\"position\":2,\"name\":\"Ota yhteytt\u00e4\"}]},{\"@type\":\"WebSite\",\"@id\":\"https:\\\/\\\/www.siqni.fi\\\/ex\\\/#website\",\"url\":\"https:\\\/\\\/www.siqni.fi\\\/ex\\\/\",\"name\":\"Siqni EX\",\"description\":\"T\u00e4m\u00e4n vuosituhannen henkil\u00f6st\u00f6kysely\",\"potentialAction\":[{\"@type\":\"SearchAction\",\"target\":{\"@type\":\"EntryPoint\",\"urlTemplate\":\"https:\\\/\\\/www.siqni.fi\\\/ex\\\/?s={search_term_string}\"},\"query-input\":{\"@type\":\"PropertyValueSpecification\",\"valueRequired\":true,\"valueName\":\"search_term_string\"}}],\"inLanguage\":\"fi\"}]}<\/script>\n<!-- \/ Yoast SEO plugin. -->","yoast_head_json":{"title":"Ota yhteytt\u00e4 meihin | Siqni","robots":{"index":"index","follow":"follow","max-snippet":"max-snippet:-1","max-image-preview":"max-image-preview:large","max-video-preview":"max-video-preview:-1"},"canonical":"https:\/\/www.siqni.fi\/ex\/ota-yhteytta\/","og_locale":"fi_FI","og_type":"article","og_title":"Ota yhteytt\u00e4 meihin | Siqni","og_description":"Her\u00e4sik\u00f6 kysytt\u00e4v\u00e4\u00e4? Ota meihin rohkeasti yhteytt\u00e4.","og_url":"https:\/\/www.siqni.fi\/ex\/ota-yhteytta\/","og_site_name":"Siqni EX","article_modified_time":"2025-08-04T12:17:52+00:00","twitter_card":"summary_large_image","schema":{"@context":"https:\/\/schema.org","@graph":[{"@type":"WebPage","@id":"https:\/\/www.siqni.fi\/ex\/ota-yhteytta\/","url":"https:\/\/www.siqni.fi\/ex\/ota-yhteytta\/","name":"Ota yhteytt\u00e4 meihin | Siqni","isPartOf":{"@id":"https:\/\/www.siqni.fi\/ex\/#website"},"datePublished":"2017-07-21T14:10:05+00:00","dateModified":"2025-08-04T12:17:52+00:00","breadcrumb":{"@id":"https:\/\/www.siqni.fi\/ex\/ota-yhteytta\/#breadcrumb"},"inLanguage":"fi","potentialAction":[{"@type":"ReadAction","target":["https:\/\/www.siqni.fi\/ex\/ota-yhteytta\/"]}]},{"@type":"BreadcrumbList","@id":"https:\/\/www.siqni.fi\/ex\/ota-yhteytta\/#breadcrumb","itemListElement":[{"@type":"ListItem","position":1,"name":"Etusivu","item":"https:\/\/www.siqni.fi\/ex\/"},{"@type":"ListItem","position":2,"name":"Ota yhteytt\u00e4"}]},{"@type":"WebSite","@id":"https:\/\/www.siqni.fi\/ex\/#website","url":"https:\/\/www.siqni.fi\/ex\/","name":"Siqni EX","description":"T\u00e4m\u00e4n vuosituhannen henkil\u00f6st\u00f6kysely","potentialAction":[{"@type":"SearchAction","target":{"@type":"EntryPoint","urlTemplate":"https:\/\/www.siqni.fi\/ex\/?s={search_term_string}"},"query-input":{"@type":"PropertyValueSpecification","valueRequired":true,"valueName":"search_term_string"}}],"inLanguage":"fi"}]}},"lang":"fi","translations":{"fi":71,"en":746,"sv":13169},"pll_sync_post":[],"_links":{"self":[{"href":"https:\/\/www.siqni.fi\/ex\/wp-json\/wp\/v2\/pages\/71","targetHints":{"allow":["GET"]}}],"collection":[{"href":"https:\/\/www.siqni.fi\/ex\/wp-json\/wp\/v2\/pages"}],"about":[{"href":"https:\/\/www.siqni.fi\/ex\/wp-json\/wp\/v2\/types\/page"}],"author":[{"embeddable":true,"href":"https:\/\/www.siqni.fi\/ex\/wp-json\/wp\/v2\/users\/1"}],"replies":[{"embeddable":true,"href":"https:\/\/www.siqni.fi\/ex\/wp-json\/wp\/v2\/comments?post=71"}],"version-history":[{"count":79,"href":"https:\/\/www.siqni.fi\/ex\/wp-json\/wp\/v2\/pages\/71\/revisions"}],"predecessor-version":[{"id":17180,"href":"https:\/\/www.siqni.fi\/ex\/wp-json\/wp\/v2\/pages\/71\/revisions\/17180"}],"wp:attachment":[{"href":"https:\/\/www.siqni.fi\/ex\/wp-json\/wp\/v2\/media?parent=71"}],"curies":[{"name":"wp","href":"https:\/\/api.w.org\/{rel}","templated":true}]}}