{"id":725,"date":"2017-09-05T08:11:52","date_gmt":"2017-09-05T05:11:52","guid":{"rendered":"https:\/\/www.siqni.fi\/ex\/?page_id=725"},"modified":"2018-09-21T15:06:55","modified_gmt":"2018-09-21T12:06:55","slug":"entirely-new-way-ask","status":"publish","type":"page","link":"https:\/\/www.siqni.fi\/ex\/en\/introduction\/entirely-new-way-ask\/","title":{"rendered":"An entirely new way to ask"},"content":{"rendered":"","protected":false},"excerpt":{"rendered":"<p>The old way of implementing employee surveys has come to its end. The Siqni employee survey offers a fresh, individual-led way to understand your employees and develop your organization further. Siqni is the employee survey from this millennium.<br \/>\nNot because you have to ask, but because you have to develop. <\/p>\n","protected":false},"author":2,"featured_media":0,"parent":722,"menu_order":1,"comment_status":"closed","ping_status":"closed","template":"page-templates\/template-features.php","meta":{"_acf_changed":false,"content-type":"","footnotes":""},"class_list":["post-725","page","type-page","status-publish","hentry"],"acf":[],"yoast_head":"<!-- This site is optimized with the Yoast SEO plugin v27.4 - https:\/\/yoast.com\/product\/yoast-seo-wordpress\/ -->\n<title>Siqni employee survey offers a completely new way to ask<\/title>\n<meta name=\"description\" content=\"Organizations are build from individuals and that&#039;s how they want to be treated. Siqn employee survey builds employee insight from bottom up.\" \/>\n<meta name=\"robots\" content=\"index, follow, max-snippet:-1, max-image-preview:large, max-video-preview:-1\" \/>\n<link rel=\"canonical\" href=\"https:\/\/www.siqni.fi\/ex\/en\/introduction\/entirely-new-way-ask\/\" \/>\n<meta property=\"og:locale\" content=\"fi_FI\" \/>\n<meta property=\"og:type\" content=\"article\" \/>\n<meta property=\"og:title\" content=\"Siqni employee survey offers a completely new way to ask\" \/>\n<meta property=\"og:description\" content=\"Organizations are build from individuals and that&#039;s how they want to be treated. Siqn employee survey builds employee insight from bottom up.\" \/>\n<meta property=\"og:url\" content=\"https:\/\/www.siqni.fi\/ex\/en\/introduction\/entirely-new-way-ask\/\" \/>\n<meta property=\"og:site_name\" content=\"Siqni EX\" \/>\n<meta property=\"article:modified_time\" content=\"2018-09-21T12:06:55+00:00\" \/>\n<meta name=\"twitter:card\" content=\"summary_large_image\" \/>\n<script type=\"application\/ld+json\" class=\"yoast-schema-graph\">{\"@context\":\"https:\\\/\\\/schema.org\",\"@graph\":[{\"@type\":\"WebPage\",\"@id\":\"https:\\\/\\\/www.siqni.fi\\\/ex\\\/en\\\/introduction\\\/entirely-new-way-ask\\\/\",\"url\":\"https:\\\/\\\/www.siqni.fi\\\/ex\\\/en\\\/introduction\\\/entirely-new-way-ask\\\/\",\"name\":\"Siqni employee survey offers a completely new way to ask\",\"isPartOf\":{\"@id\":\"https:\\\/\\\/www.siqni.fi\\\/ex\\\/#website\"},\"datePublished\":\"2017-09-05T05:11:52+00:00\",\"dateModified\":\"2018-09-21T12:06:55+00:00\",\"description\":\"Organizations are build from individuals and that's how they want to be treated. Siqn employee survey builds employee insight from bottom up.\",\"breadcrumb\":{\"@id\":\"https:\\\/\\\/www.siqni.fi\\\/ex\\\/en\\\/introduction\\\/entirely-new-way-ask\\\/#breadcrumb\"},\"inLanguage\":\"fi\",\"potentialAction\":[{\"@type\":\"ReadAction\",\"target\":[\"https:\\\/\\\/www.siqni.fi\\\/ex\\\/en\\\/introduction\\\/entirely-new-way-ask\\\/\"]}]},{\"@type\":\"BreadcrumbList\",\"@id\":\"https:\\\/\\\/www.siqni.fi\\\/ex\\\/en\\\/introduction\\\/entirely-new-way-ask\\\/#breadcrumb\",\"itemListElement\":[{\"@type\":\"ListItem\",\"position\":1,\"name\":\"Etusivu\",\"item\":\"https:\\\/\\\/www.siqni.fi\\\/ex\\\/\"},{\"@type\":\"ListItem\",\"position\":2,\"name\":\"Introduction\",\"item\":\"https:\\\/\\\/www.siqni.fi\\\/ex\\\/en\\\/introduction\\\/\"},{\"@type\":\"ListItem\",\"position\":3,\"name\":\"An entirely new way to ask\"}]},{\"@type\":\"WebSite\",\"@id\":\"https:\\\/\\\/www.siqni.fi\\\/ex\\\/#website\",\"url\":\"https:\\\/\\\/www.siqni.fi\\\/ex\\\/\",\"name\":\"Siqni EX\",\"description\":\"T\u00e4m\u00e4n vuosituhannen henkil\u00f6st\u00f6kysely\",\"potentialAction\":[{\"@type\":\"SearchAction\",\"target\":{\"@type\":\"EntryPoint\",\"urlTemplate\":\"https:\\\/\\\/www.siqni.fi\\\/ex\\\/?s={search_term_string}\"},\"query-input\":{\"@type\":\"PropertyValueSpecification\",\"valueRequired\":true,\"valueName\":\"search_term_string\"}}],\"inLanguage\":\"fi\"}]}<\/script>\n<!-- \/ Yoast SEO plugin. -->","yoast_head_json":{"title":"Siqni employee survey offers a completely new way to ask","description":"Organizations are build from individuals and that's how they want to be treated. Siqn employee survey builds employee insight from bottom up.","robots":{"index":"index","follow":"follow","max-snippet":"max-snippet:-1","max-image-preview":"max-image-preview:large","max-video-preview":"max-video-preview:-1"},"canonical":"https:\/\/www.siqni.fi\/ex\/en\/introduction\/entirely-new-way-ask\/","og_locale":"fi_FI","og_type":"article","og_title":"Siqni employee survey offers a completely new way to ask","og_description":"Organizations are build from individuals and that's how they want to be treated. Siqn employee survey builds employee insight from bottom up.","og_url":"https:\/\/www.siqni.fi\/ex\/en\/introduction\/entirely-new-way-ask\/","og_site_name":"Siqni EX","article_modified_time":"2018-09-21T12:06:55+00:00","twitter_card":"summary_large_image","schema":{"@context":"https:\/\/schema.org","@graph":[{"@type":"WebPage","@id":"https:\/\/www.siqni.fi\/ex\/en\/introduction\/entirely-new-way-ask\/","url":"https:\/\/www.siqni.fi\/ex\/en\/introduction\/entirely-new-way-ask\/","name":"Siqni employee survey offers a completely new way to ask","isPartOf":{"@id":"https:\/\/www.siqni.fi\/ex\/#website"},"datePublished":"2017-09-05T05:11:52+00:00","dateModified":"2018-09-21T12:06:55+00:00","description":"Organizations are build from individuals and that's how they want to be treated. Siqn employee survey builds employee insight from bottom up.","breadcrumb":{"@id":"https:\/\/www.siqni.fi\/ex\/en\/introduction\/entirely-new-way-ask\/#breadcrumb"},"inLanguage":"fi","potentialAction":[{"@type":"ReadAction","target":["https:\/\/www.siqni.fi\/ex\/en\/introduction\/entirely-new-way-ask\/"]}]},{"@type":"BreadcrumbList","@id":"https:\/\/www.siqni.fi\/ex\/en\/introduction\/entirely-new-way-ask\/#breadcrumb","itemListElement":[{"@type":"ListItem","position":1,"name":"Etusivu","item":"https:\/\/www.siqni.fi\/ex\/"},{"@type":"ListItem","position":2,"name":"Introduction","item":"https:\/\/www.siqni.fi\/ex\/en\/introduction\/"},{"@type":"ListItem","position":3,"name":"An entirely new way to ask"}]},{"@type":"WebSite","@id":"https:\/\/www.siqni.fi\/ex\/#website","url":"https:\/\/www.siqni.fi\/ex\/","name":"Siqni EX","description":"T\u00e4m\u00e4n vuosituhannen henkil\u00f6st\u00f6kysely","potentialAction":[{"@type":"SearchAction","target":{"@type":"EntryPoint","urlTemplate":"https:\/\/www.siqni.fi\/ex\/?s={search_term_string}"},"query-input":{"@type":"PropertyValueSpecification","valueRequired":true,"valueName":"search_term_string"}}],"inLanguage":"fi"}]}},"lang":"en","translations":{"en":725,"fi":236},"pll_sync_post":[],"_links":{"self":[{"href":"https:\/\/www.siqni.fi\/ex\/wp-json\/wp\/v2\/pages\/725","targetHints":{"allow":["GET"]}}],"collection":[{"href":"https:\/\/www.siqni.fi\/ex\/wp-json\/wp\/v2\/pages"}],"about":[{"href":"https:\/\/www.siqni.fi\/ex\/wp-json\/wp\/v2\/types\/page"}],"author":[{"embeddable":true,"href":"https:\/\/www.siqni.fi\/ex\/wp-json\/wp\/v2\/users\/2"}],"replies":[{"embeddable":true,"href":"https:\/\/www.siqni.fi\/ex\/wp-json\/wp\/v2\/comments?post=725"}],"version-history":[{"count":7,"href":"https:\/\/www.siqni.fi\/ex\/wp-json\/wp\/v2\/pages\/725\/revisions"}],"predecessor-version":[{"id":4339,"href":"https:\/\/www.siqni.fi\/ex\/wp-json\/wp\/v2\/pages\/725\/revisions\/4339"}],"up":[{"embeddable":true,"href":"https:\/\/www.siqni.fi\/ex\/wp-json\/wp\/v2\/pages\/722"}],"wp:attachment":[{"href":"https:\/\/www.siqni.fi\/ex\/wp-json\/wp\/v2\/media?parent=725"}],"curies":[{"name":"wp","href":"https:\/\/api.w.org\/{rel}","templated":true}]}}