{"id":733,"date":"2017-09-05T08:25:20","date_gmt":"2017-09-05T05:25:20","guid":{"rendered":"https:\/\/www.siqni.fi\/ex\/?page_id=733"},"modified":"2017-09-07T08:25:31","modified_gmt":"2017-09-07T05:25:31","slug":"employee-satisfaction","status":"publish","type":"page","link":"https:\/\/www.siqni.fi\/ex\/en\/reporting\/employee-satisfaction\/","title":{"rendered":"Employee satisfaction"},"content":{"rendered":"","protected":false},"excerpt":{"rendered":"<p>Organizations want \u201cfamiliar\u201d and \u201ceasy\u201d indexes. That\u2019s why we investigate employee satisfaction with two basic indexes: employee satisfaction and employee Net Promoter Score (eNPS). <\/p>\n","protected":false},"author":2,"featured_media":0,"parent":731,"menu_order":1,"comment_status":"closed","ping_status":"closed","template":"page-templates\/template-features.php","meta":{"_acf_changed":false,"content-type":"","footnotes":""},"class_list":["post-733","page","type-page","status-publish","hentry"],"acf":[],"yoast_head":"<!-- This site is optimized with the Yoast SEO plugin v27.3 - https:\/\/yoast.com\/product\/yoast-seo-wordpress\/ -->\n<title>Employee satisfaction | Siqni employee survey | employee insight<\/title>\n<meta name=\"description\" content=\"We investigate employee satisfaction with two basic indexes: employee satisfaction and employee Net Promoter Score (eNPS).\" \/>\n<meta name=\"robots\" content=\"index, follow, max-snippet:-1, max-image-preview:large, max-video-preview:-1\" \/>\n<link rel=\"canonical\" href=\"https:\/\/www.siqni.fi\/ex\/en\/reporting\/employee-satisfaction\/\" \/>\n<meta property=\"og:locale\" content=\"fi_FI\" \/>\n<meta property=\"og:type\" content=\"article\" \/>\n<meta property=\"og:title\" content=\"Employee satisfaction | Siqni employee survey | employee insight\" \/>\n<meta property=\"og:description\" content=\"We investigate employee satisfaction with two basic indexes: employee satisfaction and employee Net Promoter Score (eNPS).\" \/>\n<meta property=\"og:url\" content=\"https:\/\/www.siqni.fi\/ex\/en\/reporting\/employee-satisfaction\/\" \/>\n<meta property=\"og:site_name\" content=\"Siqni EX\" \/>\n<meta property=\"article:modified_time\" content=\"2017-09-07T05:25:31+00:00\" \/>\n<meta name=\"twitter:card\" content=\"summary_large_image\" \/>\n<script type=\"application\/ld+json\" class=\"yoast-schema-graph\">{\"@context\":\"https:\\\/\\\/schema.org\",\"@graph\":[{\"@type\":\"WebPage\",\"@id\":\"https:\\\/\\\/www.siqni.fi\\\/ex\\\/en\\\/reporting\\\/employee-satisfaction\\\/\",\"url\":\"https:\\\/\\\/www.siqni.fi\\\/ex\\\/en\\\/reporting\\\/employee-satisfaction\\\/\",\"name\":\"Employee satisfaction | Siqni employee survey | employee insight\",\"isPartOf\":{\"@id\":\"https:\\\/\\\/www.siqni.fi\\\/ex\\\/#website\"},\"datePublished\":\"2017-09-05T05:25:20+00:00\",\"dateModified\":\"2017-09-07T05:25:31+00:00\",\"description\":\"We investigate employee satisfaction with two basic indexes: employee satisfaction and employee Net Promoter Score (eNPS).\",\"breadcrumb\":{\"@id\":\"https:\\\/\\\/www.siqni.fi\\\/ex\\\/en\\\/reporting\\\/employee-satisfaction\\\/#breadcrumb\"},\"inLanguage\":\"fi\",\"potentialAction\":[{\"@type\":\"ReadAction\",\"target\":[\"https:\\\/\\\/www.siqni.fi\\\/ex\\\/en\\\/reporting\\\/employee-satisfaction\\\/\"]}]},{\"@type\":\"BreadcrumbList\",\"@id\":\"https:\\\/\\\/www.siqni.fi\\\/ex\\\/en\\\/reporting\\\/employee-satisfaction\\\/#breadcrumb\",\"itemListElement\":[{\"@type\":\"ListItem\",\"position\":1,\"name\":\"Etusivu\",\"item\":\"https:\\\/\\\/www.siqni.fi\\\/ex\\\/\"},{\"@type\":\"ListItem\",\"position\":2,\"name\":\"Reporting\",\"item\":\"https:\\\/\\\/www.siqni.fi\\\/ex\\\/en\\\/reporting\\\/\"},{\"@type\":\"ListItem\",\"position\":3,\"name\":\"Employee satisfaction\"}]},{\"@type\":\"WebSite\",\"@id\":\"https:\\\/\\\/www.siqni.fi\\\/ex\\\/#website\",\"url\":\"https:\\\/\\\/www.siqni.fi\\\/ex\\\/\",\"name\":\"Siqni EX\",\"description\":\"T\u00e4m\u00e4n vuosituhannen henkil\u00f6st\u00f6kysely\",\"potentialAction\":[{\"@type\":\"SearchAction\",\"target\":{\"@type\":\"EntryPoint\",\"urlTemplate\":\"https:\\\/\\\/www.siqni.fi\\\/ex\\\/?s={search_term_string}\"},\"query-input\":{\"@type\":\"PropertyValueSpecification\",\"valueRequired\":true,\"valueName\":\"search_term_string\"}}],\"inLanguage\":\"fi\"}]}<\/script>\n<!-- \/ Yoast SEO plugin. -->","yoast_head_json":{"title":"Employee satisfaction | Siqni employee survey | employee insight","description":"We investigate employee satisfaction with two basic indexes: employee satisfaction and employee Net Promoter Score (eNPS).","robots":{"index":"index","follow":"follow","max-snippet":"max-snippet:-1","max-image-preview":"max-image-preview:large","max-video-preview":"max-video-preview:-1"},"canonical":"https:\/\/www.siqni.fi\/ex\/en\/reporting\/employee-satisfaction\/","og_locale":"fi_FI","og_type":"article","og_title":"Employee satisfaction | Siqni employee survey | employee insight","og_description":"We investigate employee satisfaction with two basic indexes: employee satisfaction and employee Net Promoter Score (eNPS).","og_url":"https:\/\/www.siqni.fi\/ex\/en\/reporting\/employee-satisfaction\/","og_site_name":"Siqni EX","article_modified_time":"2017-09-07T05:25:31+00:00","twitter_card":"summary_large_image","schema":{"@context":"https:\/\/schema.org","@graph":[{"@type":"WebPage","@id":"https:\/\/www.siqni.fi\/ex\/en\/reporting\/employee-satisfaction\/","url":"https:\/\/www.siqni.fi\/ex\/en\/reporting\/employee-satisfaction\/","name":"Employee satisfaction | Siqni employee survey | employee insight","isPartOf":{"@id":"https:\/\/www.siqni.fi\/ex\/#website"},"datePublished":"2017-09-05T05:25:20+00:00","dateModified":"2017-09-07T05:25:31+00:00","description":"We investigate employee satisfaction with two basic indexes: employee satisfaction and employee Net Promoter Score (eNPS).","breadcrumb":{"@id":"https:\/\/www.siqni.fi\/ex\/en\/reporting\/employee-satisfaction\/#breadcrumb"},"inLanguage":"fi","potentialAction":[{"@type":"ReadAction","target":["https:\/\/www.siqni.fi\/ex\/en\/reporting\/employee-satisfaction\/"]}]},{"@type":"BreadcrumbList","@id":"https:\/\/www.siqni.fi\/ex\/en\/reporting\/employee-satisfaction\/#breadcrumb","itemListElement":[{"@type":"ListItem","position":1,"name":"Etusivu","item":"https:\/\/www.siqni.fi\/ex\/"},{"@type":"ListItem","position":2,"name":"Reporting","item":"https:\/\/www.siqni.fi\/ex\/en\/reporting\/"},{"@type":"ListItem","position":3,"name":"Employee satisfaction"}]},{"@type":"WebSite","@id":"https:\/\/www.siqni.fi\/ex\/#website","url":"https:\/\/www.siqni.fi\/ex\/","name":"Siqni EX","description":"T\u00e4m\u00e4n vuosituhannen henkil\u00f6st\u00f6kysely","potentialAction":[{"@type":"SearchAction","target":{"@type":"EntryPoint","urlTemplate":"https:\/\/www.siqni.fi\/ex\/?s={search_term_string}"},"query-input":{"@type":"PropertyValueSpecification","valueRequired":true,"valueName":"search_term_string"}}],"inLanguage":"fi"}]}},"lang":"en","translations":{"en":733,"fi":175},"pll_sync_post":[],"_links":{"self":[{"href":"https:\/\/www.siqni.fi\/ex\/wp-json\/wp\/v2\/pages\/733","targetHints":{"allow":["GET"]}}],"collection":[{"href":"https:\/\/www.siqni.fi\/ex\/wp-json\/wp\/v2\/pages"}],"about":[{"href":"https:\/\/www.siqni.fi\/ex\/wp-json\/wp\/v2\/types\/page"}],"author":[{"embeddable":true,"href":"https:\/\/www.siqni.fi\/ex\/wp-json\/wp\/v2\/users\/2"}],"replies":[{"embeddable":true,"href":"https:\/\/www.siqni.fi\/ex\/wp-json\/wp\/v2\/comments?post=733"}],"version-history":[{"count":1,"href":"https:\/\/www.siqni.fi\/ex\/wp-json\/wp\/v2\/pages\/733\/revisions"}],"predecessor-version":[{"id":734,"href":"https:\/\/www.siqni.fi\/ex\/wp-json\/wp\/v2\/pages\/733\/revisions\/734"}],"up":[{"embeddable":true,"href":"https:\/\/www.siqni.fi\/ex\/wp-json\/wp\/v2\/pages\/731"}],"wp:attachment":[{"href":"https:\/\/www.siqni.fi\/ex\/wp-json\/wp\/v2\/media?parent=733"}],"curies":[{"name":"wp","href":"https:\/\/api.w.org\/{rel}","templated":true}]}}