{"id":743,"date":"2017-09-05T08:42:51","date_gmt":"2017-09-05T05:42:51","guid":{"rendered":"https:\/\/www.siqni.fi\/ex\/?page_id=743"},"modified":"2025-06-27T11:01:05","modified_gmt":"2025-06-27T08:01:05","slug":"siqni-free-personnel-survey","status":"publish","type":"page","link":"https:\/\/www.siqni.fi\/ex\/en\/siqni-free-personnel-survey\/","title":{"rendered":"Siqni employee survey"},"content":{"rendered":"","protected":false},"excerpt":{"rendered":"","protected":false},"author":2,"featured_media":0,"parent":0,"menu_order":0,"comment_status":"closed","ping_status":"closed","template":"page-templates\/template-landing-page.php","meta":{"_acf_changed":false,"content-type":"","footnotes":""},"class_list":["post-743","page","type-page","status-publish","hentry"],"acf":[],"yoast_head":"<!-- This site is optimized with the Yoast SEO plugin v27.4 - https:\/\/yoast.com\/product\/yoast-seo-wordpress\/ -->\n<title>Siqni free employee survey | Start your free trial<\/title>\n<meta name=\"description\" content=\"Siqni Free is the free version of the Siqni employee survey. It\u2019s meant for small companies or individual teams within a larger organization.\" \/>\n<meta name=\"robots\" content=\"index, follow, max-snippet:-1, max-image-preview:large, max-video-preview:-1\" \/>\n<link rel=\"canonical\" href=\"https:\/\/www.siqni.fi\/ex\/en\/siqni-free-personnel-survey\/\" \/>\n<meta property=\"og:locale\" content=\"fi_FI\" \/>\n<meta property=\"og:type\" content=\"article\" \/>\n<meta property=\"og:title\" content=\"Siqni free employee survey | Start your free trial\" \/>\n<meta property=\"og:description\" content=\"Siqni Free is the free version of the Siqni employee survey. It\u2019s meant for small companies or individual teams within a larger organization.\" \/>\n<meta property=\"og:url\" content=\"https:\/\/www.siqni.fi\/ex\/en\/siqni-free-personnel-survey\/\" \/>\n<meta property=\"og:site_name\" content=\"Siqni EX\" \/>\n<meta property=\"article:modified_time\" content=\"2025-06-27T08:01:05+00:00\" \/>\n<meta name=\"twitter:card\" content=\"summary_large_image\" \/>\n<script type=\"application\/ld+json\" class=\"yoast-schema-graph\">{\"@context\":\"https:\\\/\\\/schema.org\",\"@graph\":[{\"@type\":\"WebPage\",\"@id\":\"https:\\\/\\\/www.siqni.fi\\\/ex\\\/en\\\/siqni-free-personnel-survey\\\/\",\"url\":\"https:\\\/\\\/www.siqni.fi\\\/ex\\\/en\\\/siqni-free-personnel-survey\\\/\",\"name\":\"Siqni free employee survey | Start your free trial\",\"isPartOf\":{\"@id\":\"https:\\\/\\\/www.siqni.fi\\\/ex\\\/#website\"},\"datePublished\":\"2017-09-05T05:42:51+00:00\",\"dateModified\":\"2025-06-27T08:01:05+00:00\",\"description\":\"Siqni Free is the free version of the Siqni employee survey. It\u2019s meant for small companies or individual teams within a larger organization.\",\"breadcrumb\":{\"@id\":\"https:\\\/\\\/www.siqni.fi\\\/ex\\\/en\\\/siqni-free-personnel-survey\\\/#breadcrumb\"},\"inLanguage\":\"fi\",\"potentialAction\":[{\"@type\":\"ReadAction\",\"target\":[\"https:\\\/\\\/www.siqni.fi\\\/ex\\\/en\\\/siqni-free-personnel-survey\\\/\"]}]},{\"@type\":\"BreadcrumbList\",\"@id\":\"https:\\\/\\\/www.siqni.fi\\\/ex\\\/en\\\/siqni-free-personnel-survey\\\/#breadcrumb\",\"itemListElement\":[{\"@type\":\"ListItem\",\"position\":1,\"name\":\"Etusivu\",\"item\":\"https:\\\/\\\/www.siqni.fi\\\/ex\\\/\"},{\"@type\":\"ListItem\",\"position\":2,\"name\":\"Siqni employee survey\"}]},{\"@type\":\"WebSite\",\"@id\":\"https:\\\/\\\/www.siqni.fi\\\/ex\\\/#website\",\"url\":\"https:\\\/\\\/www.siqni.fi\\\/ex\\\/\",\"name\":\"Siqni EX\",\"description\":\"T\u00e4m\u00e4n vuosituhannen henkil\u00f6st\u00f6kysely\",\"potentialAction\":[{\"@type\":\"SearchAction\",\"target\":{\"@type\":\"EntryPoint\",\"urlTemplate\":\"https:\\\/\\\/www.siqni.fi\\\/ex\\\/?s={search_term_string}\"},\"query-input\":{\"@type\":\"PropertyValueSpecification\",\"valueRequired\":true,\"valueName\":\"search_term_string\"}}],\"inLanguage\":\"fi\"}]}<\/script>\n<!-- \/ Yoast SEO plugin. -->","yoast_head_json":{"title":"Siqni free employee survey | Start your free trial","description":"Siqni Free is the free version of the Siqni employee survey. It\u2019s meant for small companies or individual teams within a larger organization.","robots":{"index":"index","follow":"follow","max-snippet":"max-snippet:-1","max-image-preview":"max-image-preview:large","max-video-preview":"max-video-preview:-1"},"canonical":"https:\/\/www.siqni.fi\/ex\/en\/siqni-free-personnel-survey\/","og_locale":"fi_FI","og_type":"article","og_title":"Siqni free employee survey | Start your free trial","og_description":"Siqni Free is the free version of the Siqni employee survey. It\u2019s meant for small companies or individual teams within a larger organization.","og_url":"https:\/\/www.siqni.fi\/ex\/en\/siqni-free-personnel-survey\/","og_site_name":"Siqni EX","article_modified_time":"2025-06-27T08:01:05+00:00","twitter_card":"summary_large_image","schema":{"@context":"https:\/\/schema.org","@graph":[{"@type":"WebPage","@id":"https:\/\/www.siqni.fi\/ex\/en\/siqni-free-personnel-survey\/","url":"https:\/\/www.siqni.fi\/ex\/en\/siqni-free-personnel-survey\/","name":"Siqni free employee survey | Start your free trial","isPartOf":{"@id":"https:\/\/www.siqni.fi\/ex\/#website"},"datePublished":"2017-09-05T05:42:51+00:00","dateModified":"2025-06-27T08:01:05+00:00","description":"Siqni Free is the free version of the Siqni employee survey. It\u2019s meant for small companies or individual teams within a larger organization.","breadcrumb":{"@id":"https:\/\/www.siqni.fi\/ex\/en\/siqni-free-personnel-survey\/#breadcrumb"},"inLanguage":"fi","potentialAction":[{"@type":"ReadAction","target":["https:\/\/www.siqni.fi\/ex\/en\/siqni-free-personnel-survey\/"]}]},{"@type":"BreadcrumbList","@id":"https:\/\/www.siqni.fi\/ex\/en\/siqni-free-personnel-survey\/#breadcrumb","itemListElement":[{"@type":"ListItem","position":1,"name":"Etusivu","item":"https:\/\/www.siqni.fi\/ex\/"},{"@type":"ListItem","position":2,"name":"Siqni employee survey"}]},{"@type":"WebSite","@id":"https:\/\/www.siqni.fi\/ex\/#website","url":"https:\/\/www.siqni.fi\/ex\/","name":"Siqni EX","description":"T\u00e4m\u00e4n vuosituhannen henkil\u00f6st\u00f6kysely","potentialAction":[{"@type":"SearchAction","target":{"@type":"EntryPoint","urlTemplate":"https:\/\/www.siqni.fi\/ex\/?s={search_term_string}"},"query-input":{"@type":"PropertyValueSpecification","valueRequired":true,"valueName":"search_term_string"}}],"inLanguage":"fi"}]}},"lang":"en","translations":{"en":743,"fi":155},"pll_sync_post":[],"_links":{"self":[{"href":"https:\/\/www.siqni.fi\/ex\/wp-json\/wp\/v2\/pages\/743","targetHints":{"allow":["GET"]}}],"collection":[{"href":"https:\/\/www.siqni.fi\/ex\/wp-json\/wp\/v2\/pages"}],"about":[{"href":"https:\/\/www.siqni.fi\/ex\/wp-json\/wp\/v2\/types\/page"}],"author":[{"embeddable":true,"href":"https:\/\/www.siqni.fi\/ex\/wp-json\/wp\/v2\/users\/2"}],"replies":[{"embeddable":true,"href":"https:\/\/www.siqni.fi\/ex\/wp-json\/wp\/v2\/comments?post=743"}],"version-history":[{"count":9,"href":"https:\/\/www.siqni.fi\/ex\/wp-json\/wp\/v2\/pages\/743\/revisions"}],"predecessor-version":[{"id":17177,"href":"https:\/\/www.siqni.fi\/ex\/wp-json\/wp\/v2\/pages\/743\/revisions\/17177"}],"wp:attachment":[{"href":"https:\/\/www.siqni.fi\/ex\/wp-json\/wp\/v2\/media?parent=743"}],"curies":[{"name":"wp","href":"https:\/\/api.w.org\/{rel}","templated":true}]}}