{"id":9046,"date":"2020-03-20T14:39:51","date_gmt":"2020-03-20T12:39:51","guid":{"rendered":"https:\/\/www.siqni.fi\/ex\/?page_id=9046"},"modified":"2023-05-16T12:59:06","modified_gmt":"2023-05-16T09:59:06","slug":"ymmarryksesta-tekoihin","status":"publish","type":"page","link":"https:\/\/www.siqni.fi\/ex\/ymmarryksesta-tekoihin\/","title":{"rendered":"Ymm\u00e4rryksest\u00e4 tekoihin"},"content":{"rendered":"","protected":false},"excerpt":{"rendered":"<p>Lataa ilmainen opas ja tutustu kymmeneen yksinkertaiseen vaiheeseen, jotka auttavat sinua viem\u00e4\u00e4n saadun ty\u00f6ntekij\u00e4ymm\u00e4rryksen k\u00e4yt\u00e4nt\u00f6\u00f6n ja kehitt\u00e4m\u00e4\u00e4n ty\u00f6ntekij\u00e4kokemusta<\/p>\n","protected":false},"author":1,"featured_media":0,"parent":0,"menu_order":0,"comment_status":"closed","ping_status":"closed","template":"page-templates\/template-landing-page.php","meta":{"_acf_changed":false,"content-type":"","footnotes":""},"class_list":["post-9046","page","type-page","status-publish","hentry"],"acf":[],"yoast_head":"<!-- This site is optimized with the Yoast SEO plugin v27.4 - https:\/\/yoast.com\/product\/yoast-seo-wordpress\/ -->\n<title>Ymm\u00e4rryksest\u00e4 tekoihin: lataa ilmainen opas - Siqni EX<\/title>\n<meta name=\"description\" content=\"N\u00e4in viet henkil\u00f6st\u00f6kyselyll\u00e4 hankitun ty\u00f6ntekij\u00e4ymm\u00e4rryksen k\u00e4yt\u00e4nt\u00f6\u00f6n ja kehit\u00e4t ty\u00f6ntekij\u00e4kokemusta. Lataa ilmainen opas!\" \/>\n<meta name=\"robots\" content=\"index, follow, max-snippet:-1, max-image-preview:large, max-video-preview:-1\" \/>\n<link rel=\"canonical\" href=\"https:\/\/www.siqni.fi\/ex\/ymmarryksesta-tekoihin\/\" \/>\n<meta property=\"og:locale\" content=\"fi_FI\" \/>\n<meta property=\"og:type\" content=\"article\" \/>\n<meta property=\"og:title\" content=\"Ymm\u00e4rryksest\u00e4 tekoihin: lataa ilmainen opas - Siqni EX\" \/>\n<meta property=\"og:description\" content=\"N\u00e4in viet henkil\u00f6st\u00f6kyselyll\u00e4 hankitun ty\u00f6ntekij\u00e4ymm\u00e4rryksen k\u00e4yt\u00e4nt\u00f6\u00f6n ja kehit\u00e4t ty\u00f6ntekij\u00e4kokemusta. Lataa ilmainen opas!\" \/>\n<meta property=\"og:url\" content=\"https:\/\/www.siqni.fi\/ex\/ymmarryksesta-tekoihin\/\" \/>\n<meta property=\"og:site_name\" content=\"Siqni EX\" \/>\n<meta property=\"article:modified_time\" content=\"2023-05-16T09:59:06+00:00\" \/>\n<meta property=\"og:image\" content=\"https:\/\/www.siqni.fi\/ex\/wp-content\/uploads\/sites\/3\/2020\/03\/siqni-ymmarryksesta-tekoihin-ogp.jpg\" \/>\n\t<meta property=\"og:image:width\" content=\"1200\" \/>\n\t<meta property=\"og:image:height\" content=\"630\" \/>\n\t<meta property=\"og:image:type\" content=\"image\/jpeg\" \/>\n<meta name=\"twitter:card\" content=\"summary_large_image\" \/>\n<meta name=\"twitter:image\" content=\"https:\/\/www.siqni.fi\/ex\/wp-content\/uploads\/sites\/3\/2020\/03\/siqni-ymmarryksesta-tekoihin-ogp.jpg\" \/>\n<script type=\"application\/ld+json\" class=\"yoast-schema-graph\">{\"@context\":\"https:\\\/\\\/schema.org\",\"@graph\":[{\"@type\":\"WebPage\",\"@id\":\"https:\\\/\\\/www.siqni.fi\\\/ex\\\/ymmarryksesta-tekoihin\\\/\",\"url\":\"https:\\\/\\\/www.siqni.fi\\\/ex\\\/ymmarryksesta-tekoihin\\\/\",\"name\":\"Ymm\u00e4rryksest\u00e4 tekoihin: lataa ilmainen opas - Siqni EX\",\"isPartOf\":{\"@id\":\"https:\\\/\\\/www.siqni.fi\\\/ex\\\/#website\"},\"datePublished\":\"2020-03-20T12:39:51+00:00\",\"dateModified\":\"2023-05-16T09:59:06+00:00\",\"description\":\"N\u00e4in viet henkil\u00f6st\u00f6kyselyll\u00e4 hankitun ty\u00f6ntekij\u00e4ymm\u00e4rryksen k\u00e4yt\u00e4nt\u00f6\u00f6n ja kehit\u00e4t ty\u00f6ntekij\u00e4kokemusta. Lataa ilmainen opas!\",\"breadcrumb\":{\"@id\":\"https:\\\/\\\/www.siqni.fi\\\/ex\\\/ymmarryksesta-tekoihin\\\/#breadcrumb\"},\"inLanguage\":\"fi\",\"potentialAction\":[{\"@type\":\"ReadAction\",\"target\":[\"https:\\\/\\\/www.siqni.fi\\\/ex\\\/ymmarryksesta-tekoihin\\\/\"]}]},{\"@type\":\"BreadcrumbList\",\"@id\":\"https:\\\/\\\/www.siqni.fi\\\/ex\\\/ymmarryksesta-tekoihin\\\/#breadcrumb\",\"itemListElement\":[{\"@type\":\"ListItem\",\"position\":1,\"name\":\"Etusivu\",\"item\":\"https:\\\/\\\/www.siqni.fi\\\/ex\\\/\"},{\"@type\":\"ListItem\",\"position\":2,\"name\":\"Ymm\u00e4rryksest\u00e4 tekoihin\"}]},{\"@type\":\"WebSite\",\"@id\":\"https:\\\/\\\/www.siqni.fi\\\/ex\\\/#website\",\"url\":\"https:\\\/\\\/www.siqni.fi\\\/ex\\\/\",\"name\":\"Siqni EX\",\"description\":\"T\u00e4m\u00e4n vuosituhannen henkil\u00f6st\u00f6kysely\",\"potentialAction\":[{\"@type\":\"SearchAction\",\"target\":{\"@type\":\"EntryPoint\",\"urlTemplate\":\"https:\\\/\\\/www.siqni.fi\\\/ex\\\/?s={search_term_string}\"},\"query-input\":{\"@type\":\"PropertyValueSpecification\",\"valueRequired\":true,\"valueName\":\"search_term_string\"}}],\"inLanguage\":\"fi\"}]}<\/script>\n<!-- \/ Yoast SEO plugin. -->","yoast_head_json":{"title":"Ymm\u00e4rryksest\u00e4 tekoihin: lataa ilmainen opas - Siqni EX","description":"N\u00e4in viet henkil\u00f6st\u00f6kyselyll\u00e4 hankitun ty\u00f6ntekij\u00e4ymm\u00e4rryksen k\u00e4yt\u00e4nt\u00f6\u00f6n ja kehit\u00e4t ty\u00f6ntekij\u00e4kokemusta. Lataa ilmainen opas!","robots":{"index":"index","follow":"follow","max-snippet":"max-snippet:-1","max-image-preview":"max-image-preview:large","max-video-preview":"max-video-preview:-1"},"canonical":"https:\/\/www.siqni.fi\/ex\/ymmarryksesta-tekoihin\/","og_locale":"fi_FI","og_type":"article","og_title":"Ymm\u00e4rryksest\u00e4 tekoihin: lataa ilmainen opas - Siqni EX","og_description":"N\u00e4in viet henkil\u00f6st\u00f6kyselyll\u00e4 hankitun ty\u00f6ntekij\u00e4ymm\u00e4rryksen k\u00e4yt\u00e4nt\u00f6\u00f6n ja kehit\u00e4t ty\u00f6ntekij\u00e4kokemusta. Lataa ilmainen opas!","og_url":"https:\/\/www.siqni.fi\/ex\/ymmarryksesta-tekoihin\/","og_site_name":"Siqni EX","article_modified_time":"2023-05-16T09:59:06+00:00","og_image":[{"url":"https:\/\/www.siqni.fi\/ex\/wp-content\/uploads\/sites\/3\/2020\/03\/siqni-ymmarryksesta-tekoihin-ogp.jpg","width":1200,"height":630,"type":"image\/jpeg"}],"twitter_card":"summary_large_image","twitter_image":"https:\/\/www.siqni.fi\/ex\/wp-content\/uploads\/sites\/3\/2020\/03\/siqni-ymmarryksesta-tekoihin-ogp.jpg","schema":{"@context":"https:\/\/schema.org","@graph":[{"@type":"WebPage","@id":"https:\/\/www.siqni.fi\/ex\/ymmarryksesta-tekoihin\/","url":"https:\/\/www.siqni.fi\/ex\/ymmarryksesta-tekoihin\/","name":"Ymm\u00e4rryksest\u00e4 tekoihin: lataa ilmainen opas - Siqni EX","isPartOf":{"@id":"https:\/\/www.siqni.fi\/ex\/#website"},"datePublished":"2020-03-20T12:39:51+00:00","dateModified":"2023-05-16T09:59:06+00:00","description":"N\u00e4in viet henkil\u00f6st\u00f6kyselyll\u00e4 hankitun ty\u00f6ntekij\u00e4ymm\u00e4rryksen k\u00e4yt\u00e4nt\u00f6\u00f6n ja kehit\u00e4t ty\u00f6ntekij\u00e4kokemusta. Lataa ilmainen opas!","breadcrumb":{"@id":"https:\/\/www.siqni.fi\/ex\/ymmarryksesta-tekoihin\/#breadcrumb"},"inLanguage":"fi","potentialAction":[{"@type":"ReadAction","target":["https:\/\/www.siqni.fi\/ex\/ymmarryksesta-tekoihin\/"]}]},{"@type":"BreadcrumbList","@id":"https:\/\/www.siqni.fi\/ex\/ymmarryksesta-tekoihin\/#breadcrumb","itemListElement":[{"@type":"ListItem","position":1,"name":"Etusivu","item":"https:\/\/www.siqni.fi\/ex\/"},{"@type":"ListItem","position":2,"name":"Ymm\u00e4rryksest\u00e4 tekoihin"}]},{"@type":"WebSite","@id":"https:\/\/www.siqni.fi\/ex\/#website","url":"https:\/\/www.siqni.fi\/ex\/","name":"Siqni EX","description":"T\u00e4m\u00e4n vuosituhannen henkil\u00f6st\u00f6kysely","potentialAction":[{"@type":"SearchAction","target":{"@type":"EntryPoint","urlTemplate":"https:\/\/www.siqni.fi\/ex\/?s={search_term_string}"},"query-input":{"@type":"PropertyValueSpecification","valueRequired":true,"valueName":"search_term_string"}}],"inLanguage":"fi"}]}},"lang":"fi","translations":{"fi":9046},"pll_sync_post":[],"_links":{"self":[{"href":"https:\/\/www.siqni.fi\/ex\/wp-json\/wp\/v2\/pages\/9046","targetHints":{"allow":["GET"]}}],"collection":[{"href":"https:\/\/www.siqni.fi\/ex\/wp-json\/wp\/v2\/pages"}],"about":[{"href":"https:\/\/www.siqni.fi\/ex\/wp-json\/wp\/v2\/types\/page"}],"author":[{"embeddable":true,"href":"https:\/\/www.siqni.fi\/ex\/wp-json\/wp\/v2\/users\/1"}],"replies":[{"embeddable":true,"href":"https:\/\/www.siqni.fi\/ex\/wp-json\/wp\/v2\/comments?post=9046"}],"version-history":[{"count":8,"href":"https:\/\/www.siqni.fi\/ex\/wp-json\/wp\/v2\/pages\/9046\/revisions"}],"predecessor-version":[{"id":16594,"href":"https:\/\/www.siqni.fi\/ex\/wp-json\/wp\/v2\/pages\/9046\/revisions\/16594"}],"wp:attachment":[{"href":"https:\/\/www.siqni.fi\/ex\/wp-json\/wp\/v2\/media?parent=9046"}],"curies":[{"name":"wp","href":"https:\/\/api.w.org\/{rel}","templated":true}]}}